{"id":157,"date":"2019-01-11T10:54:47","date_gmt":"2019-01-11T09:54:47","guid":{"rendered":"http:\/\/www.slatinska-banka.hr\/?page_id=157"},"modified":"2019-08-21T14:56:29","modified_gmt":"2019-08-21T12:56:29","slug":"kolacici","status":"publish","type":"page","link":"https:\/\/www.slatinska-banka.hr\/en\/kolacici\/","title":{"rendered":"Cookies"},"content":{"rendered":"<h4 style=\"text-align: justify;\">Kori\u0161tenje kola\u010di\u0107a<\/h4>\r\n<p style=\"text-align: justify;\">Slatinska banka d.d. koristi kola\u010di\u0107e (eng. &#8220;cookies&#8221;) radi pru\u017eanja boljeg korisni\u010dkog iskustva i funkcionalnosti.<\/p>\r\n<p style=\"text-align: justify;\">&#8220;Kola\u010di\u0107&#8221; je tekstualni niz informacija koje \u0161aljemo u datoteke preglednika na tvrdom disku Va\u0161eg ra\u010dunala putem na\u0161eg web servera. Kola\u010di\u0107 ne bilje\u017ei osobne podatke korisnika, a podaci se ne pohranjuju. \u017delite li izbje\u0107i kori\u0161tenje kola\u010di\u0107a potrebno je podesiti postavke ra\u010dunala da bri\u0161e kola\u010di\u0107e s internetskih stranica i\/ili vas obavijesti o pohranjivanju kola\u010di\u0107a na va\u0161em ra\u010dunalu.<\/p>\r\n<p style=\"text-align: justify;\">Na stranicama www.slatinska-banka.hr koriste se dvije vrste kola\u010di\u0107a:<\/p>\r\n<ul class=\"list-checked\" style=\"text-align: justify;\">\r\n\t<li>Privremeni kola\u010di\u0107 (session cookie): ovo je vrsta kola\u010di\u0107a koji ostaju u cookies-datoteci va\u0161eg preglednika dok ne napustite na\u0161e stranice. Kola\u010di\u0107 \u0107e tako\u0111er iste\u0107i ukoliko ne pristupite stranicama u odre\u0111enom vremenskom periodu.<\/li>\r\n\t<li>Trajni kola\u010di\u0107 (persistent cookie): ovo je vrsta kola\u010di\u0107a koji ostaju u cookies-datoteci va\u0161eg preglednika znatno du\u017ee vremena. Taj vremenski period ovisit \u0107e o izboru postavki na Va\u0161em internetskom pregledniku. Trajni kola\u010di\u0107 omogu\u0107uje da se podaci prenesu na web server svaki put kada netko posjeti stranice. Trajni kola\u010di\u0107i su poznati i kao prate\u0107i kola\u010di\u0107.<\/li>\r\n<\/ul>\r\n<p style=\"text-align: justify;\">Uklju\u010divanje i isklju\u010divanje kola\u010di\u0107a<\/p>\r\n<p style=\"text-align: justify;\">Imate mogu\u0107nost prihvatiti ili odbiti kola\u010di\u0107 promjenom postavki va\u0161eg internetskog preglednika. Molimo pogledajte upute preglednika ili posjetite\u00a0<a href=\"http:\/\/www.allaboutcookies.org\/\" target=\"_blank\" rel=\"noopener noreferrer\">About Cookies<\/a>\u00a0internetsku stranicu, kako bi saznali vi\u0161e o tome kako promijeniti postavke preglednika.<\/p>\r\n<p style=\"text-align: justify;\">Ovo su vrste kola\u010di\u0107a koje koristimo:<\/p>\r\n<ul class=\"list-checked\" style=\"text-align: justify;\">\r\n\t<li>Neophodni kola\u010di\u0107i<\/li>\r\n<\/ul>\r\n<p style=\"text-align: justify;\">Ovi kola\u010di\u0107i su neophodni za navigaciju kroz stranicu i kori\u0161tenje svih njenih sadr\u017eaja.<\/p>\r\n<ul class=\"list-checked\" style=\"text-align: justify;\">\r\n\t<li>Kola\u010di\u0107i povezani s funkcioniranjem stranice<\/li>\r\n<\/ul>\r\n<p style=\"text-align: justify;\">Ovi kola\u010di\u0107i sakupljaju informaciju o tome kako posjetitelji koriste stranicu, na primjer koje stranice su najposje\u0107enije. Ova vrsta kola\u010di\u0107a ne sakuplja osobne podatke koji identificiraju posjetitelja. Sve informacije su anonimne i pohranjene zajedno. Koriste se isklju\u010divo za pobolj\u0161anje funkcioniranja stranice.<\/p>\r\n<p style=\"text-align: justify;\">Web stranice Slatinske banke d.d. ne koriste kola\u010di\u0107e koji omogu\u0107uju pokretanje programa ili postavljanje virusa na va\u0161e ra\u010dunalo.<\/p>","protected":false},"excerpt":{"rendered":"<p>Kori\u0161tenje kola\u010di\u0107a Slatinska banka d.d. koristi kola\u010di\u0107e (eng. &#8220;cookies&#8221;) radi pru\u017eanja boljeg korisni\u010dkog iskustva i funkcionalnosti. &#8220;Kola\u010di\u0107&#8221; je tekstualni niz informacija koje \u0161aljemo u datoteke preglednika na tvrdom disku Va\u0161eg [&hellip;]<\/p>","protected":false},"author":14,"featured_media":0,"parent":0,"menu_order":0,"comment_status":"closed","ping_status":"closed","template":"","meta":{"_acf_changed":false,"footnotes":""},"categories":[],"tags":[],"class_list":["post-157","page","type-page","status-publish","hentry"],"acf":[],"yoast_head":"<!-- This site is optimized with the Yoast SEO plugin v25.4 - https:\/\/yoast.com\/wordpress\/plugins\/seo\/ -->\n<title>Kola\u010di\u0107i - Slatinska Banka<\/title>\n<meta name=\"robots\" content=\"index, follow, max-snippet:-1, max-image-preview:large, max-video-preview:-1\" \/>\n<link rel=\"canonical\" href=\"https:\/\/www.slatinska-banka.hr\/en\/kolacici\/\" \/>\n<meta property=\"og:locale\" content=\"en_US\" \/>\n<meta property=\"og:type\" content=\"article\" \/>\n<meta property=\"og:title\" content=\"Kola\u010di\u0107i - Slatinska Banka\" \/>\n<meta property=\"og:description\" content=\"Kori\u0161tenje kola\u010di\u0107a Slatinska banka d.d. koristi kola\u010di\u0107e (eng. &#8220;cookies&#8221;) radi pru\u017eanja boljeg korisni\u010dkog iskustva i funkcionalnosti. &#8220;Kola\u010di\u0107&#8221; je tekstualni niz informacija koje \u0161aljemo u datoteke preglednika na tvrdom disku Va\u0161eg [&hellip;]\" \/>\n<meta property=\"og:url\" content=\"https:\/\/www.slatinska-banka.hr\/en\/kolacici\/\" \/>\n<meta property=\"og:site_name\" content=\"Slatinska Banka\" \/>\n<meta property=\"article:publisher\" content=\"https:\/\/www.facebook.com\/slatinskabanka\/\" \/>\n<meta property=\"article:modified_time\" content=\"2019-08-21T12:56:29+00:00\" \/>\n<meta name=\"twitter:card\" content=\"summary_large_image\" \/>\n<meta name=\"twitter:label1\" content=\"Est. reading time\" \/>\n\t<meta name=\"twitter:data1\" content=\"2 minutes\" \/>\n<script type=\"application\/ld+json\" class=\"yoast-schema-graph\">{\"@context\":\"https:\/\/schema.org\",\"@graph\":[{\"@type\":\"WebPage\",\"@id\":\"https:\/\/www.slatinska-banka.hr\/kolacici\/\",\"url\":\"https:\/\/www.slatinska-banka.hr\/kolacici\/\",\"name\":\"Kola\u010di\u0107i - Slatinska Banka\",\"isPartOf\":{\"@id\":\"https:\/\/www.slatinska-banka.hr\/#website\"},\"datePublished\":\"2019-01-11T09:54:47+00:00\",\"dateModified\":\"2019-08-21T12:56:29+00:00\",\"inLanguage\":\"en-US\",\"potentialAction\":[{\"@type\":\"ReadAction\",\"target\":[\"https:\/\/www.slatinska-banka.hr\/kolacici\/\"]}]},{\"@type\":\"WebSite\",\"@id\":\"https:\/\/www.slatinska-banka.hr\/#website\",\"url\":\"https:\/\/www.slatinska-banka.hr\/\",\"name\":\"Slatinska Banka\",\"description\":\"Razlika je u pristupu\",\"publisher\":{\"@id\":\"https:\/\/www.slatinska-banka.hr\/#organization\"},\"potentialAction\":[{\"@type\":\"SearchAction\",\"target\":{\"@type\":\"EntryPoint\",\"urlTemplate\":\"https:\/\/www.slatinska-banka.hr\/?s={search_term_string}\"},\"query-input\":{\"@type\":\"PropertyValueSpecification\",\"valueRequired\":true,\"valueName\":\"search_term_string\"}}],\"inLanguage\":\"en-US\"},{\"@type\":\"Organization\",\"@id\":\"https:\/\/www.slatinska-banka.hr\/#organization\",\"name\":\"Slatinska banka d.d.\",\"url\":\"https:\/\/www.slatinska-banka.hr\/\",\"logo\":{\"@type\":\"ImageObject\",\"inLanguage\":\"en-US\",\"@id\":\"https:\/\/www.slatinska-banka.hr\/#\/schema\/logo\/image\/\",\"url\":\"https:\/\/www.slatinska-banka.hr\/wp-content\/uploads\/2019\/02\/logo_big.png\",\"contentUrl\":\"https:\/\/www.slatinska-banka.hr\/wp-content\/uploads\/2019\/02\/logo_big.png\",\"width\":302,\"height\":244,\"caption\":\"Slatinska banka d.d.\"},\"image\":{\"@id\":\"https:\/\/www.slatinska-banka.hr\/#\/schema\/logo\/image\/\"},\"sameAs\":[\"https:\/\/www.facebook.com\/slatinskabanka\/\",\"https:\/\/www.linkedin.com\/company\/slatinska-banka-dd\"]}]}<\/script>\n<!-- \/ Yoast SEO plugin. -->","yoast_head_json":{"title":"Kola\u010di\u0107i - Slatinska Banka","robots":{"index":"index","follow":"follow","max-snippet":"max-snippet:-1","max-image-preview":"max-image-preview:large","max-video-preview":"max-video-preview:-1"},"canonical":"https:\/\/www.slatinska-banka.hr\/en\/kolacici\/","og_locale":"en_US","og_type":"article","og_title":"Kola\u010di\u0107i - Slatinska Banka","og_description":"Kori\u0161tenje kola\u010di\u0107a Slatinska banka d.d. koristi kola\u010di\u0107e (eng. &#8220;cookies&#8221;) radi pru\u017eanja boljeg korisni\u010dkog iskustva i funkcionalnosti. &#8220;Kola\u010di\u0107&#8221; je tekstualni niz informacija koje \u0161aljemo u datoteke preglednika na tvrdom disku Va\u0161eg [&hellip;]","og_url":"https:\/\/www.slatinska-banka.hr\/en\/kolacici\/","og_site_name":"Slatinska Banka","article_publisher":"https:\/\/www.facebook.com\/slatinskabanka\/","article_modified_time":"2019-08-21T12:56:29+00:00","twitter_card":"summary_large_image","twitter_misc":{"Est. reading time":"2 minutes"},"schema":{"@context":"https:\/\/schema.org","@graph":[{"@type":"WebPage","@id":"https:\/\/www.slatinska-banka.hr\/kolacici\/","url":"https:\/\/www.slatinska-banka.hr\/kolacici\/","name":"Kola\u010di\u0107i - Slatinska Banka","isPartOf":{"@id":"https:\/\/www.slatinska-banka.hr\/#website"},"datePublished":"2019-01-11T09:54:47+00:00","dateModified":"2019-08-21T12:56:29+00:00","inLanguage":"en-US","potentialAction":[{"@type":"ReadAction","target":["https:\/\/www.slatinska-banka.hr\/kolacici\/"]}]},{"@type":"WebSite","@id":"https:\/\/www.slatinska-banka.hr\/#website","url":"https:\/\/www.slatinska-banka.hr\/","name":"Slatinska Banka","description":"Razlika je u pristupu","publisher":{"@id":"https:\/\/www.slatinska-banka.hr\/#organization"},"potentialAction":[{"@type":"SearchAction","target":{"@type":"EntryPoint","urlTemplate":"https:\/\/www.slatinska-banka.hr\/?s={search_term_string}"},"query-input":{"@type":"PropertyValueSpecification","valueRequired":true,"valueName":"search_term_string"}}],"inLanguage":"en-US"},{"@type":"Organization","@id":"https:\/\/www.slatinska-banka.hr\/#organization","name":"Slatinska banka d.d.","url":"https:\/\/www.slatinska-banka.hr\/","logo":{"@type":"ImageObject","inLanguage":"en-US","@id":"https:\/\/www.slatinska-banka.hr\/#\/schema\/logo\/image\/","url":"https:\/\/www.slatinska-banka.hr\/wp-content\/uploads\/2019\/02\/logo_big.png","contentUrl":"https:\/\/www.slatinska-banka.hr\/wp-content\/uploads\/2019\/02\/logo_big.png","width":302,"height":244,"caption":"Slatinska banka d.d."},"image":{"@id":"https:\/\/www.slatinska-banka.hr\/#\/schema\/logo\/image\/"},"sameAs":["https:\/\/www.facebook.com\/slatinskabanka\/","https:\/\/www.linkedin.com\/company\/slatinska-banka-dd"]}]}},"_links":{"self":[{"href":"https:\/\/www.slatinska-banka.hr\/en\/wp-json\/wp\/v2\/pages\/157","targetHints":{"allow":["GET"]}}],"collection":[{"href":"https:\/\/www.slatinska-banka.hr\/en\/wp-json\/wp\/v2\/pages"}],"about":[{"href":"https:\/\/www.slatinska-banka.hr\/en\/wp-json\/wp\/v2\/types\/page"}],"author":[{"embeddable":true,"href":"https:\/\/www.slatinska-banka.hr\/en\/wp-json\/wp\/v2\/users\/14"}],"replies":[{"embeddable":true,"href":"https:\/\/www.slatinska-banka.hr\/en\/wp-json\/wp\/v2\/comments?post=157"}],"version-history":[{"count":3,"href":"https:\/\/www.slatinska-banka.hr\/en\/wp-json\/wp\/v2\/pages\/157\/revisions"}],"predecessor-version":[{"id":4079,"href":"https:\/\/www.slatinska-banka.hr\/en\/wp-json\/wp\/v2\/pages\/157\/revisions\/4079"}],"wp:attachment":[{"href":"https:\/\/www.slatinska-banka.hr\/en\/wp-json\/wp\/v2\/media?parent=157"}],"wp:term":[{"taxonomy":"category","embeddable":true,"href":"https:\/\/www.slatinska-banka.hr\/en\/wp-json\/wp\/v2\/categories?post=157"},{"taxonomy":"post_tag","embeddable":true,"href":"https:\/\/www.slatinska-banka.hr\/en\/wp-json\/wp\/v2\/tags?post=157"}],"curies":[{"name":"wp","href":"https:\/\/api.w.org\/{rel}","templated":true}]}}