{"id":13873,"date":"2022-08-16T09:09:28","date_gmt":"2022-08-16T07:09:28","guid":{"rendered":"https:\/\/www.slatinska-banka.hr\/?page_id=13873"},"modified":"2022-08-16T10:21:25","modified_gmt":"2022-08-16T08:21:25","slug":"upozorenje-aktivne-phishing-kampanje-koje-ciljaju-korisnike-hrvatskih-banaka","status":"publish","type":"page","link":"https:\/\/www.slatinska-banka.hr\/en\/banka\/novosti\/upozorenje-aktivne-phishing-kampanje-koje-ciljaju-korisnike-hrvatskih-banaka\/","title":{"rendered":"UPOZORENJE \u2013 Aktivne phishing kampanje koje ciljaju korisnike hrvatskih banaka"},"content":{"rendered":"<p style=\"text-align: left;\">Posljednjih nekoliko dana aktivne su phishing kampanje koje ciljaju korisnike hrvatskih banaka radi ostvarivanja financijske koristi i kra\u0111e podataka. Phishing kampanje \u0161ire se porukama elektroni\u010dke po\u0161te u kojima se napada\u010d predstavlja kao banka.\r\nNa jezi\u010dno neispravnom hrvatskom jeziku korisnika se obavje\u0161tava o novom a\u017euriranju zbog uvo\u0111enja eura kao slu\u017ebene valute Republike Hrvatske. Napada\u010di korisnika navode da potvrdi to\u010dnost telefonskog broja putem phishing poveznice kako bi a\u017eurirao aplikaciju mobilnog bankarstva.<\/p>\r\n<p style=\"text-align: left;\">Nakon unosa telefonskog broja korisnika se preusmjerava na la\u017enu stranicu za unos aktivacijskog k\u020fda. Korisnika se tra\u017ei da prebaci svoju aplikaciju na novi ure\u0111aj \u2013 ure\u0111aj napada\u010da, pri \u010demu zaprima aktivacijski k\u020fd koji unosi u formu i \u0161alje napada\u010du. Na taj na\u010din, napada\u010d dobiva pristup aplikaciji mobilnog bankarstva \u017ertve, kao i svim funkcionalnostima same aplikacije. Na posljednjem koraku, korisnika se obavje\u0161tava da zbog a\u017euriranja sustava mobilna aplikacija ne\u0107e biti u funkciji naredna 24 sata te da \u0107e novi aktivacijski k\u020fd za prijavu biti poslan na e-mail adresu.<\/p>\r\n<p style=\"text-align: left;\">U nastavku se nalazi nekoliko poveznica i poruke koje izgledaju kao phishing hrvatskih banaka. Pozivamo korisnike da ne otvaraju sumnjive poveznice i prijave phishing poruke.\r\nhxxps:\/\/m-banka[.]com\/Prijava\/ERM-II-Azuriranje.php\r\nhxxps:\/\/banka-hr[.]com\/Prijava\/\r\nPoruke su poslane s adresa u obliku podrska@m-banka[.]com<\/p>\r\n<img loading=\"lazy\" decoding=\"async\" class=\"alignnone size-full wp-image-13866\" src=\"http:\/\/www.slatinska-banka.hr\/wp-content\/uploads\/202208111_UPOZORENJE_Aktivne-phishing-kampanje-koje-ciljaju-korisnike-hrvatskih-banaka.bmp\" alt=\"\" width=\"1024\" height=\"444\" \/>\r\n\r\n<img loading=\"lazy\" decoding=\"async\" class=\"alignnone size-full wp-image-13865\" src=\"http:\/\/www.slatinska-banka.hr\/wp-content\/uploads\/20220811_UPOZORENJE_Aktivne-phishing-kampanje-koje-ciljaju-korisnike-hrvatskih-banaka.bmp\" alt=\"\" width=\"863\" height=\"342\" \/>","protected":false},"excerpt":{"rendered":"<p>Posljednjih nekoliko dana aktivne su phishing kampanje koje ciljaju korisnike hrvatskih banaka radi ostvarivanja financijske koristi i kra\u0111e podataka. Phishing kampanje \u0161ire se porukama elektroni\u010dke po\u0161te u kojima se napada\u010d [&hellip;]<\/p>","protected":false},"author":14,"featured_media":13875,"parent":13864,"menu_order":0,"comment_status":"closed","ping_status":"closed","template":"page-template-3.php","meta":{"_acf_changed":false,"footnotes":""},"categories":[],"tags":[],"class_list":["post-13873","page","type-page","status-publish","has-post-thumbnail","hentry"],"acf":[],"yoast_head":"<!-- This site is optimized with the Yoast SEO plugin v25.4 - https:\/\/yoast.com\/wordpress\/plugins\/seo\/ -->\n<title>UPOZORENJE \u2013 Aktivne phishing kampanje koje ciljaju korisnike hrvatskih banaka - Slatinska Banka<\/title>\n<meta name=\"robots\" content=\"index, follow, max-snippet:-1, max-image-preview:large, max-video-preview:-1\" \/>\n<link rel=\"canonical\" href=\"https:\/\/www.slatinska-banka.hr\/en\/banka\/novosti\/upozorenje-aktivne-phishing-kampanje-koje-ciljaju-korisnike-hrvatskih-banaka\/\" \/>\n<meta property=\"og:locale\" content=\"en_US\" \/>\n<meta property=\"og:type\" content=\"article\" \/>\n<meta property=\"og:title\" content=\"UPOZORENJE \u2013 Aktivne phishing kampanje koje ciljaju korisnike hrvatskih banaka - Slatinska Banka\" \/>\n<meta property=\"og:description\" content=\"Posljednjih nekoliko dana aktivne su phishing kampanje koje ciljaju korisnike hrvatskih banaka radi ostvarivanja financijske koristi i kra\u0111e podataka. Phishing kampanje \u0161ire se porukama elektroni\u010dke po\u0161te u kojima se napada\u010d [&hellip;]\" \/>\n<meta property=\"og:url\" content=\"https:\/\/www.slatinska-banka.hr\/en\/banka\/novosti\/upozorenje-aktivne-phishing-kampanje-koje-ciljaju-korisnike-hrvatskih-banaka\/\" \/>\n<meta property=\"og:site_name\" content=\"Slatinska Banka\" \/>\n<meta property=\"article:publisher\" content=\"https:\/\/www.facebook.com\/slatinskabanka\/\" \/>\n<meta property=\"article:modified_time\" content=\"2022-08-16T08:21:25+00:00\" \/>\n<meta name=\"twitter:card\" content=\"summary_large_image\" \/>\n<meta name=\"twitter:label1\" content=\"Est. reading time\" \/>\n\t<meta name=\"twitter:data1\" content=\"1 minute\" \/>\n<script type=\"application\/ld+json\" class=\"yoast-schema-graph\">{\"@context\":\"https:\/\/schema.org\",\"@graph\":[{\"@type\":\"WebPage\",\"@id\":\"https:\/\/www.slatinska-banka.hr\/en\/banka\/novosti\/upozorenje-aktivne-phishing-kampanje-koje-ciljaju-korisnike-hrvatskih-banaka\/\",\"url\":\"https:\/\/www.slatinska-banka.hr\/en\/banka\/novosti\/upozorenje-aktivne-phishing-kampanje-koje-ciljaju-korisnike-hrvatskih-banaka\/\",\"name\":\"UPOZORENJE \u2013 Aktivne phishing kampanje koje ciljaju korisnike hrvatskih banaka - Slatinska Banka\",\"isPartOf\":{\"@id\":\"https:\/\/www.slatinska-banka.hr\/#website\"},\"primaryImageOfPage\":{\"@id\":\"https:\/\/www.slatinska-banka.hr\/en\/banka\/novosti\/upozorenje-aktivne-phishing-kampanje-koje-ciljaju-korisnike-hrvatskih-banaka\/#primaryimage\"},\"image\":{\"@id\":\"https:\/\/www.slatinska-banka.hr\/en\/banka\/novosti\/upozorenje-aktivne-phishing-kampanje-koje-ciljaju-korisnike-hrvatskih-banaka\/#primaryimage\"},\"thumbnailUrl\":\"https:\/\/www.slatinska-banka.hr\/wp-content\/uploads\/20220811_UPOZORENJE_Aktivne-phishing-kampanje-NASLOVNA.bmp\",\"datePublished\":\"2022-08-16T07:09:28+00:00\",\"dateModified\":\"2022-08-16T08:21:25+00:00\",\"breadcrumb\":{\"@id\":\"https:\/\/www.slatinska-banka.hr\/en\/banka\/novosti\/upozorenje-aktivne-phishing-kampanje-koje-ciljaju-korisnike-hrvatskih-banaka\/#breadcrumb\"},\"inLanguage\":\"en-US\",\"potentialAction\":[{\"@type\":\"ReadAction\",\"target\":[\"https:\/\/www.slatinska-banka.hr\/en\/banka\/novosti\/upozorenje-aktivne-phishing-kampanje-koje-ciljaju-korisnike-hrvatskih-banaka\/\"]}]},{\"@type\":\"ImageObject\",\"inLanguage\":\"en-US\",\"@id\":\"https:\/\/www.slatinska-banka.hr\/en\/banka\/novosti\/upozorenje-aktivne-phishing-kampanje-koje-ciljaju-korisnike-hrvatskih-banaka\/#primaryimage\",\"url\":\"https:\/\/www.slatinska-banka.hr\/wp-content\/uploads\/20220811_UPOZORENJE_Aktivne-phishing-kampanje-NASLOVNA.bmp\",\"contentUrl\":\"https:\/\/www.slatinska-banka.hr\/wp-content\/uploads\/20220811_UPOZORENJE_Aktivne-phishing-kampanje-NASLOVNA.bmp\",\"width\":860,\"height\":509},{\"@type\":\"BreadcrumbList\",\"@id\":\"https:\/\/www.slatinska-banka.hr\/en\/banka\/novosti\/upozorenje-aktivne-phishing-kampanje-koje-ciljaju-korisnike-hrvatskih-banaka\/#breadcrumb\",\"itemListElement\":[{\"@type\":\"ListItem\",\"position\":1,\"name\":\"Banka\",\"item\":\"https:\/\/www.slatinska-banka.hr\/banka\/\"},{\"@type\":\"ListItem\",\"position\":2,\"name\":\"Novosti\",\"item\":\"https:\/\/www.slatinska-banka.hr\/banka\/novosti\/\"},{\"@type\":\"ListItem\",\"position\":3,\"name\":\"UPOZORENJE \u2013 Aktivne phishing kampanje koje ciljaju korisnike hrvatskih banaka\"}]},{\"@type\":\"WebSite\",\"@id\":\"https:\/\/www.slatinska-banka.hr\/#website\",\"url\":\"https:\/\/www.slatinska-banka.hr\/\",\"name\":\"Slatinska Banka\",\"description\":\"Razlika je u pristupu\",\"publisher\":{\"@id\":\"https:\/\/www.slatinska-banka.hr\/#organization\"},\"potentialAction\":[{\"@type\":\"SearchAction\",\"target\":{\"@type\":\"EntryPoint\",\"urlTemplate\":\"https:\/\/www.slatinska-banka.hr\/?s={search_term_string}\"},\"query-input\":{\"@type\":\"PropertyValueSpecification\",\"valueRequired\":true,\"valueName\":\"search_term_string\"}}],\"inLanguage\":\"en-US\"},{\"@type\":\"Organization\",\"@id\":\"https:\/\/www.slatinska-banka.hr\/#organization\",\"name\":\"Slatinska banka d.d.\",\"url\":\"https:\/\/www.slatinska-banka.hr\/\",\"logo\":{\"@type\":\"ImageObject\",\"inLanguage\":\"en-US\",\"@id\":\"https:\/\/www.slatinska-banka.hr\/#\/schema\/logo\/image\/\",\"url\":\"https:\/\/www.slatinska-banka.hr\/wp-content\/uploads\/2019\/02\/logo_big.png\",\"contentUrl\":\"https:\/\/www.slatinska-banka.hr\/wp-content\/uploads\/2019\/02\/logo_big.png\",\"width\":302,\"height\":244,\"caption\":\"Slatinska banka d.d.\"},\"image\":{\"@id\":\"https:\/\/www.slatinska-banka.hr\/#\/schema\/logo\/image\/\"},\"sameAs\":[\"https:\/\/www.facebook.com\/slatinskabanka\/\",\"https:\/\/www.linkedin.com\/company\/slatinska-banka-dd\"]}]}<\/script>\n<!-- \/ Yoast SEO plugin. -->","yoast_head_json":{"title":"UPOZORENJE \u2013 Aktivne phishing kampanje koje ciljaju korisnike hrvatskih banaka - Slatinska Banka","robots":{"index":"index","follow":"follow","max-snippet":"max-snippet:-1","max-image-preview":"max-image-preview:large","max-video-preview":"max-video-preview:-1"},"canonical":"https:\/\/www.slatinska-banka.hr\/en\/banka\/novosti\/upozorenje-aktivne-phishing-kampanje-koje-ciljaju-korisnike-hrvatskih-banaka\/","og_locale":"en_US","og_type":"article","og_title":"UPOZORENJE \u2013 Aktivne phishing kampanje koje ciljaju korisnike hrvatskih banaka - Slatinska Banka","og_description":"Posljednjih nekoliko dana aktivne su phishing kampanje koje ciljaju korisnike hrvatskih banaka radi ostvarivanja financijske koristi i kra\u0111e podataka. Phishing kampanje \u0161ire se porukama elektroni\u010dke po\u0161te u kojima se napada\u010d [&hellip;]","og_url":"https:\/\/www.slatinska-banka.hr\/en\/banka\/novosti\/upozorenje-aktivne-phishing-kampanje-koje-ciljaju-korisnike-hrvatskih-banaka\/","og_site_name":"Slatinska Banka","article_publisher":"https:\/\/www.facebook.com\/slatinskabanka\/","article_modified_time":"2022-08-16T08:21:25+00:00","twitter_card":"summary_large_image","twitter_misc":{"Est. reading time":"1 minute"},"schema":{"@context":"https:\/\/schema.org","@graph":[{"@type":"WebPage","@id":"https:\/\/www.slatinska-banka.hr\/en\/banka\/novosti\/upozorenje-aktivne-phishing-kampanje-koje-ciljaju-korisnike-hrvatskih-banaka\/","url":"https:\/\/www.slatinska-banka.hr\/en\/banka\/novosti\/upozorenje-aktivne-phishing-kampanje-koje-ciljaju-korisnike-hrvatskih-banaka\/","name":"UPOZORENJE \u2013 Aktivne phishing kampanje koje ciljaju korisnike hrvatskih banaka - Slatinska Banka","isPartOf":{"@id":"https:\/\/www.slatinska-banka.hr\/#website"},"primaryImageOfPage":{"@id":"https:\/\/www.slatinska-banka.hr\/en\/banka\/novosti\/upozorenje-aktivne-phishing-kampanje-koje-ciljaju-korisnike-hrvatskih-banaka\/#primaryimage"},"image":{"@id":"https:\/\/www.slatinska-banka.hr\/en\/banka\/novosti\/upozorenje-aktivne-phishing-kampanje-koje-ciljaju-korisnike-hrvatskih-banaka\/#primaryimage"},"thumbnailUrl":"https:\/\/www.slatinska-banka.hr\/wp-content\/uploads\/20220811_UPOZORENJE_Aktivne-phishing-kampanje-NASLOVNA.bmp","datePublished":"2022-08-16T07:09:28+00:00","dateModified":"2022-08-16T08:21:25+00:00","breadcrumb":{"@id":"https:\/\/www.slatinska-banka.hr\/en\/banka\/novosti\/upozorenje-aktivne-phishing-kampanje-koje-ciljaju-korisnike-hrvatskih-banaka\/#breadcrumb"},"inLanguage":"en-US","potentialAction":[{"@type":"ReadAction","target":["https:\/\/www.slatinska-banka.hr\/en\/banka\/novosti\/upozorenje-aktivne-phishing-kampanje-koje-ciljaju-korisnike-hrvatskih-banaka\/"]}]},{"@type":"ImageObject","inLanguage":"en-US","@id":"https:\/\/www.slatinska-banka.hr\/en\/banka\/novosti\/upozorenje-aktivne-phishing-kampanje-koje-ciljaju-korisnike-hrvatskih-banaka\/#primaryimage","url":"https:\/\/www.slatinska-banka.hr\/wp-content\/uploads\/20220811_UPOZORENJE_Aktivne-phishing-kampanje-NASLOVNA.bmp","contentUrl":"https:\/\/www.slatinska-banka.hr\/wp-content\/uploads\/20220811_UPOZORENJE_Aktivne-phishing-kampanje-NASLOVNA.bmp","width":860,"height":509},{"@type":"BreadcrumbList","@id":"https:\/\/www.slatinska-banka.hr\/en\/banka\/novosti\/upozorenje-aktivne-phishing-kampanje-koje-ciljaju-korisnike-hrvatskih-banaka\/#breadcrumb","itemListElement":[{"@type":"ListItem","position":1,"name":"Banka","item":"https:\/\/www.slatinska-banka.hr\/banka\/"},{"@type":"ListItem","position":2,"name":"Novosti","item":"https:\/\/www.slatinska-banka.hr\/banka\/novosti\/"},{"@type":"ListItem","position":3,"name":"UPOZORENJE \u2013 Aktivne phishing kampanje koje ciljaju korisnike hrvatskih banaka"}]},{"@type":"WebSite","@id":"https:\/\/www.slatinska-banka.hr\/#website","url":"https:\/\/www.slatinska-banka.hr\/","name":"Slatinska Banka","description":"Razlika je u pristupu","publisher":{"@id":"https:\/\/www.slatinska-banka.hr\/#organization"},"potentialAction":[{"@type":"SearchAction","target":{"@type":"EntryPoint","urlTemplate":"https:\/\/www.slatinska-banka.hr\/?s={search_term_string}"},"query-input":{"@type":"PropertyValueSpecification","valueRequired":true,"valueName":"search_term_string"}}],"inLanguage":"en-US"},{"@type":"Organization","@id":"https:\/\/www.slatinska-banka.hr\/#organization","name":"Slatinska banka d.d.","url":"https:\/\/www.slatinska-banka.hr\/","logo":{"@type":"ImageObject","inLanguage":"en-US","@id":"https:\/\/www.slatinska-banka.hr\/#\/schema\/logo\/image\/","url":"https:\/\/www.slatinska-banka.hr\/wp-content\/uploads\/2019\/02\/logo_big.png","contentUrl":"https:\/\/www.slatinska-banka.hr\/wp-content\/uploads\/2019\/02\/logo_big.png","width":302,"height":244,"caption":"Slatinska banka d.d."},"image":{"@id":"https:\/\/www.slatinska-banka.hr\/#\/schema\/logo\/image\/"},"sameAs":["https:\/\/www.facebook.com\/slatinskabanka\/","https:\/\/www.linkedin.com\/company\/slatinska-banka-dd"]}]}},"_links":{"self":[{"href":"https:\/\/www.slatinska-banka.hr\/en\/wp-json\/wp\/v2\/pages\/13873","targetHints":{"allow":["GET"]}}],"collection":[{"href":"https:\/\/www.slatinska-banka.hr\/en\/wp-json\/wp\/v2\/pages"}],"about":[{"href":"https:\/\/www.slatinska-banka.hr\/en\/wp-json\/wp\/v2\/types\/page"}],"author":[{"embeddable":true,"href":"https:\/\/www.slatinska-banka.hr\/en\/wp-json\/wp\/v2\/users\/14"}],"replies":[{"embeddable":true,"href":"https:\/\/www.slatinska-banka.hr\/en\/wp-json\/wp\/v2\/comments?post=13873"}],"version-history":[{"count":5,"href":"https:\/\/www.slatinska-banka.hr\/en\/wp-json\/wp\/v2\/pages\/13873\/revisions"}],"predecessor-version":[{"id":13884,"href":"https:\/\/www.slatinska-banka.hr\/en\/wp-json\/wp\/v2\/pages\/13873\/revisions\/13884"}],"up":[{"embeddable":true,"href":"https:\/\/www.slatinska-banka.hr\/en\/wp-json\/wp\/v2\/pages\/13864"}],"wp:featuredmedia":[{"embeddable":true,"href":"https:\/\/www.slatinska-banka.hr\/en\/wp-json\/wp\/v2\/media\/13875"}],"wp:attachment":[{"href":"https:\/\/www.slatinska-banka.hr\/en\/wp-json\/wp\/v2\/media?parent=13873"}],"wp:term":[{"taxonomy":"category","embeddable":true,"href":"https:\/\/www.slatinska-banka.hr\/en\/wp-json\/wp\/v2\/categories?post=13873"},{"taxonomy":"post_tag","embeddable":true,"href":"https:\/\/www.slatinska-banka.hr\/en\/wp-json\/wp\/v2\/tags?post=13873"}],"curies":[{"name":"wp","href":"https:\/\/api.w.org\/{rel}","templated":true}]}}