{"id":13827,"date":"2022-08-04T15:21:21","date_gmt":"2022-08-04T13:21:21","guid":{"rendered":"https:\/\/www.slatinska-banka.hr\/?page_id=13827"},"modified":"2026-04-01T10:53:31","modified_gmt":"2026-04-01T08:53:31","slug":"gotovinski-krediti-u-eur-ima-3","status":"publish","type":"page","link":"https:\/\/www.slatinska-banka.hr\/en\/gradani\/krediti-i-financiranja\/gotovinski-krediti\/gotovinski-krediti-u-eur-ima-3\/","title":{"rendered":"Gotovinski kredit"},"content":{"rendered":"<p class=\"intro\">Brzo i lako do gotovinskog kredita po ni\u017eim kamatnim stopama!<\/p>\r\n&nbsp;\r\n\r\n&nbsp;\r\n<table style=\"width: 75.0483%; height: 112px;\">\r\n<tbody>\r\n<tr style=\"height: 48px;\">\r\n<td style=\"text-align: center; height: 48px;\"><strong>IZNOS:<\/strong><\/td>\r\n<td style=\"text-align: center; height: 48px;\"><strong>ROK POVRATA<\/strong><\/td>\r\n<td style=\"text-align: center; height: 48px;\"><strong>NAKNADA<\/strong><\/td>\r\n<\/tr>\r\n<tr style=\"height: 48px;\">\r\n<td style=\"text-align: center; height: 48px;\">2.000,00 do 40.000,00 EUR<\/td>\r\n<td style=\"text-align: center; height: 48px;\">3 do 10 godina<\/td>\r\n<td style=\"text-align: center; height: 48px;\">bez naknade<\/td>\r\n<\/tr>\r\n<\/tbody>\r\n<\/table>\r\n&nbsp;\r\n<table style=\"height: 104px; width: 74.6597%; border-style: solid; border-color: #000000;\">\r\n<tbody>\r\n<tr style=\"height: 35px;\">\r\n<td style=\"height: 35px; width: 48.4155%;\">Fiksna kamatna stopa<\/td>\r\n<td style=\"height: 35px; width: 50.4804%;\">Promjenjiva kamatna stopa*<\/td>\r\n<\/tr>\r\n<tr style=\"height: 10px;\">\r\n<td style=\"height: 10px; width: 48.4155%;\">6,90%<\/td>\r\n<td style=\"height: 10px; width: 50.4804%;\">6,80%<\/td>\r\n<\/tr>\r\n<tr style=\"height: 10px;\">\r\n<td style=\"height: 10px; width: 48.4155%;\">&#8211;<\/td>\r\n<td style=\"height: 10px; width: 50.4804%;\">Fiksni dio: 4,30%<\/td>\r\n<\/tr>\r\n<tr style=\"height: 25px;\">\r\n<td style=\"height: 25px; width: 48.4155%;\">&#8211;<\/td>\r\n<td style=\"height: 25px; width: 50.4804%;\">Varijabilni dio: 6M EURIBOR*<\/td>\r\n<\/tr>\r\n<tr style=\"height: 24px;\">\r\n<td style=\"height: 24px; width: 48.4155%;\">EKS 7,13%<\/td>\r\n<td style=\"height: 24px; width: 50.4804%;\">EKS 7,02%<\/td>\r\n<\/tr>\r\n<\/tbody>\r\n<\/table>\r\n*visina 6M EURIBOR objavljena na dan 27.03.2026. godine iznosi 2,504%. Redovito uskla\u0111enje varijabilnog dijela kamatne stope s promjenom 6M EURIBOR provodi se \u0161estomjese\u010dno, 30.06. i 31.12. svake godine.\r\n<p style=\"text-align: center;\"><a class=\"button primary\" href=\"\/en\/kreditni-kalkulator\/\">izra\u010dunaj anuitet<\/a><\/p>\r\n&nbsp;\r\n\r\n<div class=\"accordeon\">\r\n\r\n<h2><span class=\"naslov\">Instrumenti osiguranja<\/span><\/h2><div><p><strong>Za klijente i ne klijente obvezni instrumenti osiguranja za gotovinske kredite su:<\/strong><\/p>\n<p>&#8211; Izjava o zapljeni po pristanku du\u017enika<br \/>\n&#8211; obi\u010dna zadu\u017enica<br \/>\n&#8211; Administrativna zabrana na mirovinska primanja (za umirovljenike)<\/p>\n<p>Banka zadr\u017eava pravo tra\u017eiti i druge instrumente osiguranja.<\/p>\n<\/div>\r\n\r\n<h2><span class=\"naslov\">Dokumentacija<\/span><\/h2><div><ul>\n<li><a href=\"https:\/\/www.slatinska-banka.hr\/wp-content\/uploads\/Zahtjev_za_kredit_potrosaca_20250314-1-2-1.pdf\">Zahtjev za kredit<\/a><\/li>\n<li><a href=\"https:\/\/www.slatinska-banka.hr\/wp-content\/uploads\/Obrazac-za-jamca-platca-suduznika-u-zahtjevu-za-kredit_20230101.pdf\">Obrazac za jamca-platca; sudu\u017enika u zahtjevu za kredit<\/a><\/li>\n<li><a href=\"https:\/\/www.slatinska-banka.hr\/wp-content\/uploads\/Potvrda-poslodavca.pdf\">Potvrda poslodavca<\/a><\/li>\n<li><a href=\"https:\/\/www.slatinska-banka.hr\/wp-content\/uploads\/20260401-INFORMATIVNI-OBRAZAC-Gotovinski_kredit_klijent_neklijent.pdf\">Informativni obrazac<\/a><\/li>\n<li><a href=\"https:\/\/www.slatinska-banka.hr\/wp-content\/uploads\/Dokumentacija-koju-je-potrebno-priloziti-uz-zahtjev-za-kredit-sijecanj-2026.pdf\">Popis dokumentacije<\/a><\/li>\n<li><a href=\"https:\/\/www.slatinska-banka.hr\/wp-content\/uploads\/POUP049-01-2023-Izjava_o_privatnosti_krediti_kreditne-kartice_MBPlus_listopad2025-1.pdf\">Izjava o privatnosti<\/a><\/li>\n<li><a href=\"https:\/\/www.slatinska-banka.hr\/wp-content\/uploads\/Informacije-o-obradi-osobnih-podataka-u-OSR_sijecanj2025_.pdf\">Informacije o obradi osobnih podataka u OSR sustavu<\/a><\/li>\n<\/ul>\n<\/div>\r\n\r\n<h2><span class=\"naslov\">Reprezentativni primjer<\/span><\/h2><div><table class=\"contentTable\">\n<tbody>\n<tr>\n<td>Vrsta kamatne stope (klijent\/neklijent)<\/td>\n<td style=\"width: 105.2px;\">fixed interest rate<\/td>\n<td style=\"width: 117.22px;\">promjenjiva<\/td>\n<\/tr>\n<tr>\n<td>Valuta kredita<\/td>\n<td style=\"width: 105.2px;\">EUR<\/td>\n<td style=\"width: 117.22px;\">EUR<\/td>\n<\/tr>\n<tr>\n<td>Iznos kredita<\/td>\n<td style=\"width: 105.2px;\">10.000,00<\/td>\n<td style=\"width: 117.22px;\">10.000,00<\/td>\n<\/tr>\n<tr>\n<td>Rok otplate<\/td>\n<td style=\"width: 105.2px;\">120 mj<\/td>\n<td style=\"width: 117.22px;\">120 mj<\/td>\n<\/tr>\n<tr>\n<td>Naknada za obradu kreditnog zahtjeva<\/td>\n<td style=\"width: 105.2px;\">&#8211;<\/td>\n<td style=\"width: 117.22px;\">&#8211;<\/td>\n<\/tr>\n<tr>\n<td>Mjese\u010dna naknada za vo\u0111enje ra\u010duna<\/td>\n<td style=\"width: 105.2px;\">&#8211;<\/td>\n<td style=\"width: 117.22px;\">&#8211;<\/td>\n<\/tr>\n<tr>\n<td>Interest rate<\/td>\n<td style=\"width: 105.2px;\">6,90%<\/td>\n<td style=\"width: 117.22px;\">6,80%<\/td>\n<\/tr>\n<tr>\n<td>EKS<\/td>\n<td style=\"width: 105.2px;\">7,13%<\/td>\n<td style=\"width: 117.22px;\">7,02%<\/td>\n<\/tr>\n<tr>\n<td>Intercalary interest rate<\/td>\n<td style=\"width: 105.2px;\">56,71<\/td>\n<td style=\"width: 117.22px;\">55,89<\/td>\n<\/tr>\n<tr>\n<td>Iznos kamate za razdoblje otplate<\/td>\n<td style=\"width: 105.2px;\">3.928,12<\/td>\n<td style=\"width: 117.22px;\">3.865,51<\/td>\n<\/tr>\n<tr>\n<td>Visina mjese\u010dnog anuiteta za razdoblje otplate<\/td>\n<td style=\"width: 105.2px;\">115,59<\/td>\n<td style=\"width: 117.22px;\">115,08<\/td>\n<\/tr>\n<tr>\n<td style=\"width: 313.58px;\"><strong>Ukupan iznos za otplatu*<\/strong><\/td>\n<td style=\"width: 105.2px;\"><strong>13.928,12<\/strong><\/td>\n<td style=\"width: 117.22px;\"><strong>13.865,51<\/strong><\/td>\n<\/tr>\n<\/tbody>\n<\/table>\n<p>*Ukupan iznos za otplatu za klijente\/neklijente uklju\u010duje iznos glavnice kredita i kamatu obra\u010dunatu do dospije\u0107a uz pretpostavku isplate kredita 01.01.<\/p>\n<\/div>\r\n\r\n<\/div>\r\n\r\nAKO TE ZANIMA VI\u0160E INFORMACIJA, POPUNI SLJEDE\u0106I OBRAZAC:","protected":false},"excerpt":{"rendered":"<p>Brzo i lako do gotovinskog kredita po ni\u017eim kamatnim stopama! &nbsp; &nbsp; IZNOS: ROK POVRATA NAKNADA 2.000,00 do 40.000,00 EUR 3 do 10 godina bez naknade &nbsp; Fiksna kamatna stopa [&hellip;]<\/p>","protected":false},"author":14,"featured_media":535671,"parent":789,"menu_order":0,"comment_status":"closed","ping_status":"closed","template":"page-template-3.php","meta":{"_acf_changed":false,"footnotes":""},"categories":[],"tags":[],"class_list":["post-13827","page","type-page","status-publish","has-post-thumbnail","hentry"],"acf":[],"yoast_head":"<!-- This site is optimized with the Yoast SEO plugin v25.4 - https:\/\/yoast.com\/wordpress\/plugins\/seo\/ -->\n<title>Gotovinski kredit - Slatinska Banka<\/title>\n<meta name=\"robots\" content=\"index, follow, max-snippet:-1, max-image-preview:large, max-video-preview:-1\" \/>\n<link rel=\"canonical\" href=\"https:\/\/www.slatinska-banka.hr\/en\/gradani\/krediti-i-financiranja\/gotovinski-krediti\/gotovinski-krediti-u-eur-ima-3\/\" \/>\n<meta property=\"og:locale\" content=\"en_US\" \/>\n<meta property=\"og:type\" content=\"article\" \/>\n<meta property=\"og:title\" content=\"Gotovinski kredit - Slatinska Banka\" \/>\n<meta property=\"og:description\" content=\"Brzo i lako do gotovinskog kredita po ni\u017eim kamatnim stopama! &nbsp; &nbsp; IZNOS: ROK POVRATA NAKNADA 2.000,00 do 40.000,00 EUR 3 do 10 godina bez naknade &nbsp; Fiksna kamatna stopa [&hellip;]\" \/>\n<meta property=\"og:url\" content=\"https:\/\/www.slatinska-banka.hr\/en\/gradani\/krediti-i-financiranja\/gotovinski-krediti\/gotovinski-krediti-u-eur-ima-3\/\" \/>\n<meta property=\"og:site_name\" content=\"Slatinska Banka\" \/>\n<meta property=\"article:publisher\" content=\"https:\/\/www.facebook.com\/slatinskabanka\/\" \/>\n<meta property=\"article:modified_time\" content=\"2026-04-01T08:53:31+00:00\" \/>\n<meta property=\"og:image\" content=\"https:\/\/www.slatinska-banka.hr\/wp-content\/uploads\/GOTOVINSKI-KREDIT-IKONA.png\" \/>\n\t<meta property=\"og:image:width\" content=\"376\" \/>\n\t<meta property=\"og:image:height\" content=\"372\" \/>\n\t<meta property=\"og:image:type\" content=\"image\/png\" \/>\n<meta name=\"twitter:card\" content=\"summary_large_image\" \/>\n<meta name=\"twitter:label1\" content=\"Est. reading time\" \/>\n\t<meta name=\"twitter:data1\" content=\"2 minutes\" \/>\n<script type=\"application\/ld+json\" class=\"yoast-schema-graph\">{\"@context\":\"https:\/\/schema.org\",\"@graph\":[{\"@type\":\"WebPage\",\"@id\":\"https:\/\/www.slatinska-banka.hr\/gradani\/krediti-i-financiranja\/gotovinski-krediti\/gotovinski-krediti-u-eur-ima-3\/\",\"url\":\"https:\/\/www.slatinska-banka.hr\/gradani\/krediti-i-financiranja\/gotovinski-krediti\/gotovinski-krediti-u-eur-ima-3\/\",\"name\":\"Gotovinski kredit - Slatinska Banka\",\"isPartOf\":{\"@id\":\"https:\/\/www.slatinska-banka.hr\/#website\"},\"primaryImageOfPage\":{\"@id\":\"https:\/\/www.slatinska-banka.hr\/gradani\/krediti-i-financiranja\/gotovinski-krediti\/gotovinski-krediti-u-eur-ima-3\/#primaryimage\"},\"image\":{\"@id\":\"https:\/\/www.slatinska-banka.hr\/gradani\/krediti-i-financiranja\/gotovinski-krediti\/gotovinski-krediti-u-eur-ima-3\/#primaryimage\"},\"thumbnailUrl\":\"https:\/\/www.slatinska-banka.hr\/wp-content\/uploads\/GOTOVINSKI-KREDIT-IKONA.png\",\"datePublished\":\"2022-08-04T13:21:21+00:00\",\"dateModified\":\"2026-04-01T08:53:31+00:00\",\"breadcrumb\":{\"@id\":\"https:\/\/www.slatinska-banka.hr\/gradani\/krediti-i-financiranja\/gotovinski-krediti\/gotovinski-krediti-u-eur-ima-3\/#breadcrumb\"},\"inLanguage\":\"en-US\",\"potentialAction\":[{\"@type\":\"ReadAction\",\"target\":[\"https:\/\/www.slatinska-banka.hr\/gradani\/krediti-i-financiranja\/gotovinski-krediti\/gotovinski-krediti-u-eur-ima-3\/\"]}]},{\"@type\":\"ImageObject\",\"inLanguage\":\"en-US\",\"@id\":\"https:\/\/www.slatinska-banka.hr\/gradani\/krediti-i-financiranja\/gotovinski-krediti\/gotovinski-krediti-u-eur-ima-3\/#primaryimage\",\"url\":\"https:\/\/www.slatinska-banka.hr\/wp-content\/uploads\/GOTOVINSKI-KREDIT-IKONA.png\",\"contentUrl\":\"https:\/\/www.slatinska-banka.hr\/wp-content\/uploads\/GOTOVINSKI-KREDIT-IKONA.png\",\"width\":376,\"height\":372},{\"@type\":\"BreadcrumbList\",\"@id\":\"https:\/\/www.slatinska-banka.hr\/gradani\/krediti-i-financiranja\/gotovinski-krediti\/gotovinski-krediti-u-eur-ima-3\/#breadcrumb\",\"itemListElement\":[{\"@type\":\"ListItem\",\"position\":1,\"name\":\"Gra\u0111ani\",\"item\":\"https:\/\/www.slatinska-banka.hr\/gradani\/\"},{\"@type\":\"ListItem\",\"position\":2,\"name\":\"Krediti i financiranja\",\"item\":\"https:\/\/www.slatinska-banka.hr\/gradani\/krediti-i-financiranja\/\"},{\"@type\":\"ListItem\",\"position\":3,\"name\":\"Gotovinski krediti\",\"item\":\"https:\/\/www.slatinska-banka.hr\/gradani\/krediti-i-financiranja\/gotovinski-krediti\/\"},{\"@type\":\"ListItem\",\"position\":4,\"name\":\"Gotovinski kredit\"}]},{\"@type\":\"WebSite\",\"@id\":\"https:\/\/www.slatinska-banka.hr\/#website\",\"url\":\"https:\/\/www.slatinska-banka.hr\/\",\"name\":\"Slatinska Banka\",\"description\":\"Razlika je u pristupu\",\"publisher\":{\"@id\":\"https:\/\/www.slatinska-banka.hr\/#organization\"},\"potentialAction\":[{\"@type\":\"SearchAction\",\"target\":{\"@type\":\"EntryPoint\",\"urlTemplate\":\"https:\/\/www.slatinska-banka.hr\/?s={search_term_string}\"},\"query-input\":{\"@type\":\"PropertyValueSpecification\",\"valueRequired\":true,\"valueName\":\"search_term_string\"}}],\"inLanguage\":\"en-US\"},{\"@type\":\"Organization\",\"@id\":\"https:\/\/www.slatinska-banka.hr\/#organization\",\"name\":\"Slatinska banka d.d.\",\"url\":\"https:\/\/www.slatinska-banka.hr\/\",\"logo\":{\"@type\":\"ImageObject\",\"inLanguage\":\"en-US\",\"@id\":\"https:\/\/www.slatinska-banka.hr\/#\/schema\/logo\/image\/\",\"url\":\"https:\/\/www.slatinska-banka.hr\/wp-content\/uploads\/2019\/02\/logo_big.png\",\"contentUrl\":\"https:\/\/www.slatinska-banka.hr\/wp-content\/uploads\/2019\/02\/logo_big.png\",\"width\":302,\"height\":244,\"caption\":\"Slatinska banka d.d.\"},\"image\":{\"@id\":\"https:\/\/www.slatinska-banka.hr\/#\/schema\/logo\/image\/\"},\"sameAs\":[\"https:\/\/www.facebook.com\/slatinskabanka\/\",\"https:\/\/www.linkedin.com\/company\/slatinska-banka-dd\"]}]}<\/script>\n<!-- \/ Yoast SEO plugin. -->","yoast_head_json":{"title":"Gotovinski kredit - Slatinska Banka","robots":{"index":"index","follow":"follow","max-snippet":"max-snippet:-1","max-image-preview":"max-image-preview:large","max-video-preview":"max-video-preview:-1"},"canonical":"https:\/\/www.slatinska-banka.hr\/en\/gradani\/krediti-i-financiranja\/gotovinski-krediti\/gotovinski-krediti-u-eur-ima-3\/","og_locale":"en_US","og_type":"article","og_title":"Gotovinski kredit - Slatinska Banka","og_description":"Brzo i lako do gotovinskog kredita po ni\u017eim kamatnim stopama! &nbsp; &nbsp; IZNOS: ROK POVRATA NAKNADA 2.000,00 do 40.000,00 EUR 3 do 10 godina bez naknade &nbsp; Fiksna kamatna stopa [&hellip;]","og_url":"https:\/\/www.slatinska-banka.hr\/en\/gradani\/krediti-i-financiranja\/gotovinski-krediti\/gotovinski-krediti-u-eur-ima-3\/","og_site_name":"Slatinska Banka","article_publisher":"https:\/\/www.facebook.com\/slatinskabanka\/","article_modified_time":"2026-04-01T08:53:31+00:00","og_image":[{"width":376,"height":372,"url":"https:\/\/www.slatinska-banka.hr\/wp-content\/uploads\/GOTOVINSKI-KREDIT-IKONA.png","type":"image\/png"}],"twitter_card":"summary_large_image","twitter_misc":{"Est. reading time":"2 minutes"},"schema":{"@context":"https:\/\/schema.org","@graph":[{"@type":"WebPage","@id":"https:\/\/www.slatinska-banka.hr\/gradani\/krediti-i-financiranja\/gotovinski-krediti\/gotovinski-krediti-u-eur-ima-3\/","url":"https:\/\/www.slatinska-banka.hr\/gradani\/krediti-i-financiranja\/gotovinski-krediti\/gotovinski-krediti-u-eur-ima-3\/","name":"Gotovinski kredit - Slatinska Banka","isPartOf":{"@id":"https:\/\/www.slatinska-banka.hr\/#website"},"primaryImageOfPage":{"@id":"https:\/\/www.slatinska-banka.hr\/gradani\/krediti-i-financiranja\/gotovinski-krediti\/gotovinski-krediti-u-eur-ima-3\/#primaryimage"},"image":{"@id":"https:\/\/www.slatinska-banka.hr\/gradani\/krediti-i-financiranja\/gotovinski-krediti\/gotovinski-krediti-u-eur-ima-3\/#primaryimage"},"thumbnailUrl":"https:\/\/www.slatinska-banka.hr\/wp-content\/uploads\/GOTOVINSKI-KREDIT-IKONA.png","datePublished":"2022-08-04T13:21:21+00:00","dateModified":"2026-04-01T08:53:31+00:00","breadcrumb":{"@id":"https:\/\/www.slatinska-banka.hr\/gradani\/krediti-i-financiranja\/gotovinski-krediti\/gotovinski-krediti-u-eur-ima-3\/#breadcrumb"},"inLanguage":"en-US","potentialAction":[{"@type":"ReadAction","target":["https:\/\/www.slatinska-banka.hr\/gradani\/krediti-i-financiranja\/gotovinski-krediti\/gotovinski-krediti-u-eur-ima-3\/"]}]},{"@type":"ImageObject","inLanguage":"en-US","@id":"https:\/\/www.slatinska-banka.hr\/gradani\/krediti-i-financiranja\/gotovinski-krediti\/gotovinski-krediti-u-eur-ima-3\/#primaryimage","url":"https:\/\/www.slatinska-banka.hr\/wp-content\/uploads\/GOTOVINSKI-KREDIT-IKONA.png","contentUrl":"https:\/\/www.slatinska-banka.hr\/wp-content\/uploads\/GOTOVINSKI-KREDIT-IKONA.png","width":376,"height":372},{"@type":"BreadcrumbList","@id":"https:\/\/www.slatinska-banka.hr\/gradani\/krediti-i-financiranja\/gotovinski-krediti\/gotovinski-krediti-u-eur-ima-3\/#breadcrumb","itemListElement":[{"@type":"ListItem","position":1,"name":"Gra\u0111ani","item":"https:\/\/www.slatinska-banka.hr\/gradani\/"},{"@type":"ListItem","position":2,"name":"Krediti i financiranja","item":"https:\/\/www.slatinska-banka.hr\/gradani\/krediti-i-financiranja\/"},{"@type":"ListItem","position":3,"name":"Gotovinski krediti","item":"https:\/\/www.slatinska-banka.hr\/gradani\/krediti-i-financiranja\/gotovinski-krediti\/"},{"@type":"ListItem","position":4,"name":"Gotovinski kredit"}]},{"@type":"WebSite","@id":"https:\/\/www.slatinska-banka.hr\/#website","url":"https:\/\/www.slatinska-banka.hr\/","name":"Slatinska Banka","description":"Razlika je u pristupu","publisher":{"@id":"https:\/\/www.slatinska-banka.hr\/#organization"},"potentialAction":[{"@type":"SearchAction","target":{"@type":"EntryPoint","urlTemplate":"https:\/\/www.slatinska-banka.hr\/?s={search_term_string}"},"query-input":{"@type":"PropertyValueSpecification","valueRequired":true,"valueName":"search_term_string"}}],"inLanguage":"en-US"},{"@type":"Organization","@id":"https:\/\/www.slatinska-banka.hr\/#organization","name":"Slatinska banka d.d.","url":"https:\/\/www.slatinska-banka.hr\/","logo":{"@type":"ImageObject","inLanguage":"en-US","@id":"https:\/\/www.slatinska-banka.hr\/#\/schema\/logo\/image\/","url":"https:\/\/www.slatinska-banka.hr\/wp-content\/uploads\/2019\/02\/logo_big.png","contentUrl":"https:\/\/www.slatinska-banka.hr\/wp-content\/uploads\/2019\/02\/logo_big.png","width":302,"height":244,"caption":"Slatinska banka d.d."},"image":{"@id":"https:\/\/www.slatinska-banka.hr\/#\/schema\/logo\/image\/"},"sameAs":["https:\/\/www.facebook.com\/slatinskabanka\/","https:\/\/www.linkedin.com\/company\/slatinska-banka-dd"]}]}},"_links":{"self":[{"href":"https:\/\/www.slatinska-banka.hr\/en\/wp-json\/wp\/v2\/pages\/13827","targetHints":{"allow":["GET"]}}],"collection":[{"href":"https:\/\/www.slatinska-banka.hr\/en\/wp-json\/wp\/v2\/pages"}],"about":[{"href":"https:\/\/www.slatinska-banka.hr\/en\/wp-json\/wp\/v2\/types\/page"}],"author":[{"embeddable":true,"href":"https:\/\/www.slatinska-banka.hr\/en\/wp-json\/wp\/v2\/users\/14"}],"replies":[{"embeddable":true,"href":"https:\/\/www.slatinska-banka.hr\/en\/wp-json\/wp\/v2\/comments?post=13827"}],"version-history":[{"count":59,"href":"https:\/\/www.slatinska-banka.hr\/en\/wp-json\/wp\/v2\/pages\/13827\/revisions"}],"predecessor-version":[{"id":4687860,"href":"https:\/\/www.slatinska-banka.hr\/en\/wp-json\/wp\/v2\/pages\/13827\/revisions\/4687860"}],"up":[{"embeddable":true,"href":"https:\/\/www.slatinska-banka.hr\/en\/wp-json\/wp\/v2\/pages\/789"}],"wp:featuredmedia":[{"embeddable":true,"href":"https:\/\/www.slatinska-banka.hr\/en\/wp-json\/wp\/v2\/media\/535671"}],"wp:attachment":[{"href":"https:\/\/www.slatinska-banka.hr\/en\/wp-json\/wp\/v2\/media?parent=13827"}],"wp:term":[{"taxonomy":"category","embeddable":true,"href":"https:\/\/www.slatinska-banka.hr\/en\/wp-json\/wp\/v2\/categories?post=13827"},{"taxonomy":"post_tag","embeddable":true,"href":"https:\/\/www.slatinska-banka.hr\/en\/wp-json\/wp\/v2\/tags?post=13827"}],"curies":[{"name":"wp","href":"https:\/\/api.w.org\/{rel}","templated":true}]}}