{"id":1357,"date":"2019-02-20T19:00:39","date_gmt":"2019-02-20T18:00:39","guid":{"rendered":"http:\/\/www.slatinska-banka.hr\/?page_id=1357"},"modified":"2026-03-05T09:43:11","modified_gmt":"2026-03-05T08:43:11","slug":"visa-kreditna-kartica","status":"publish","type":"page","link":"https:\/\/www.slatinska-banka.hr\/en\/gradani\/racuni-i-kartice\/kartice\/visa-kreditna-kartica\/","title":{"rendered":"Visa kreditna kartica"},"content":{"rendered":"<p class=\"intro\" style=\"padding-left: 40px;\">Ako \u017eeli\u0161 dodatni limit zatra\u017ei <span style=\"color: #ffcc00;\"><em>Visa<\/em><\/span> kreditnu karticu.<\/p>\r\n<img loading=\"lazy\" decoding=\"async\" class=\"wp-image-555524 aligncenter\" src=\"https:\/\/www.slatinska-banka.hr\/wp-content\/uploads\/SLATINSKA-BANKA-VISA-KARTICE-Web-banneri-VISA-CREDIT-300x297.png\" alt=\"\" width=\"347\" height=\"343\" srcset=\"https:\/\/www.slatinska-banka.hr\/wp-content\/uploads\/SLATINSKA-BANKA-VISA-KARTICE-Web-banneri-VISA-CREDIT-300x297.png 300w, https:\/\/www.slatinska-banka.hr\/wp-content\/uploads\/SLATINSKA-BANKA-VISA-KARTICE-Web-banneri-VISA-CREDIT-12x12.png 12w, https:\/\/www.slatinska-banka.hr\/wp-content\/uploads\/SLATINSKA-BANKA-VISA-KARTICE-Web-banneri-VISA-CREDIT.png 376w\" sizes=\"auto, (max-width: 347px) 100vw, 347px\" \/>\r\n<p style=\"padding-left: 40px;\"><em>Visa<\/em> kreditna kartica omogu\u0107uje ti da bezbri\u017eno u\u017eiva\u0161 u svim svojim aktivnostima uz apsolutnu\r\nfinancijsku fleksibilnost i slobodu.<\/p>\r\n<p style=\"padding-left: 40px;\">Koristi je uz osobni kreditni limit koji je utvr\u0111en procjenom kreditne sposobnosti i ovisi o prihodima.<\/p>\r\n<p style=\"padding-left: 40px;\">Potro\u0161nja putem ove kartice se mo\u017ee kretati u okviru dodijeljenog osobnog kreditnog limita, od 265,00 do 4.000,00 EUR (godi\u0161nja fiksna kamatna stopa 7,15%, EKS 7,15%), uz minimalnu mjese\u010dnu otplatu kredita u visini 10% od iskori\u0161tenog iznosa limita.<\/p>\r\n<p style=\"padding-left: 40px;\">Ostale pogodnosti:<\/p>\r\n\r\n<ul>\r\n \t<li>Prilikom prve transakcije karticu umetnite u bankomat ili EFTPOS terminal i potvrdite PIN-om<\/li>\r\n \t<li>Ve\u0107i iznosi dnevnog limita na bankomatima i EFTPOS terminalima<\/li>\r\n \t<li>Beskontaktno pla\u0107anje do 40 EUR<\/li>\r\n \t<li>Vi\u0161e od 60 milijuna prodajnih mjesta<\/li>\r\n \t<li>Mogu\u0107nost ugovaranja servisa elektronskog pla\u0107anja: PayPal<\/li>\r\n \t<li>Sigurnost pla\u0107anja na Internetu \u2013 <em>Visa<\/em> Secure<\/li>\r\n<\/ul>\r\n&nbsp;\r\n\r\n<div class=\"accordeon\">\r\n\r\n<h2><span class=\"naslov\">Dokumenti<\/span><\/h2><div><ul>\n<li><a href=\"https:\/\/www.slatinska-banka.hr\/wp-content\/uploads\/INFORMATIVNI-OBRAZAC-Kreditna_kartica_20250502.pdf\">Informativni obrazac<\/a><\/li>\n<li><a href=\"https:\/\/www.slatinska-banka.hr\/wp-content\/uploads\/Zahtjev_za_kredit_potrosaca_20250314.pdf\">Zahtjev za Visa kreditnu karticu<\/a><\/li>\n<li><a href=\"https:\/\/www.slatinska-banka.hr\/wp-content\/uploads\/Obrazac-za-jamca-platca-suduznika-u-zahtjevu-za-kredit_20230101.pdf\">Obrazac za jamca-platca; sudu\u017enika u zahtjevu za kredit<\/a><\/li>\n<li><a href=\"https:\/\/www.slatinska-banka.hr\/wp-content\/uploads\/pristupnica-za-dodatnog-korisnika-za-kreditnu-karticu_20230701.pdf\">Pristupnica za dodatnog korisnika za kreditnu karticu<\/a><\/li>\n<li><a href=\"https:\/\/www.slatinska-banka.hr\/wp-content\/uploads\/Potvrda-poslodavca.pdf\">Potvrda poslodavca<\/a><\/li>\n<li><a href=\"https:\/\/www.slatinska-banka.hr\/wp-content\/uploads\/Dokumentacija-koju-je-potrebno-priloziti-uz-zahtjev-za-kredit-sijecanj-2026.pdf\">Popis dokumentacije<\/a><\/li>\n<li><a href=\"https:\/\/www.slatinska-banka.hr\/wp-content\/uploads\/POUP049-01-2023-Izjava_o_privatnosti_krediti_kreditne-kartice_MBPlus_listopad2025-1.pdf\">Izjava o privatnosti<\/a><\/li>\n<li><a href=\"https:\/\/www.slatinska-banka.hr\/wp-content\/uploads\/Informacije-o-obradi-osobnih-podataka-u-OSR_sijecanj2025_.pdf\">Informacije o obradi osobnih podataka u OSR sustavu<\/a><\/li>\n<\/ul>\n<\/div>\r\n\r\n<h2><span class=\"naslov\">Reprezentativni primjer<\/span><\/h2><div><table class=\"contentTable\">\n<tbody>\n<tr style=\"height: 24px;\">\n<td style=\"width: 310px; height: 24px;\"><\/td>\n<td style=\"width: 142px; height: 24px;\"><\/td>\n<\/tr>\n<tr style=\"height: 24px;\">\n<td style=\"width: 310px; height: 24px;\">Iznos kredita<\/td>\n<td style=\"width: 142px; height: 24px;\">\u00a0 1.000,00 EUR<\/td>\n<\/tr>\n<tr style=\"height: 24px;\">\n<td style=\"width: 310px; height: 24px;\">Rok otplate<\/td>\n<td style=\"width: 142px; height: 24px;\">12 mj<\/td>\n<\/tr>\n<tr style=\"height: 48px;\">\n<td style=\"width: 310px; height: 48px;\">Naknada za obradu kreditnog zahtjeva %<\/td>\n<td style=\"width: 142px; height: 48px;\">bez naknade<\/td>\n<\/tr>\n<tr style=\"height: 24px;\">\n<td style=\"width: 310px; height: 24px;\">Kamatna stopa, fiksna<\/td>\n<td style=\"width: 142px; height: 24px;\">7,89%<\/td>\n<\/tr>\n<tr style=\"height: 24px;\">\n<td style=\"width: 310px; height: 24px;\">EKS<\/td>\n<td style=\"width: 142px; height: 24px;\">7,89%<\/td>\n<\/tr>\n<tr style=\"height: 24px;\">\n<td style=\"width: 310px; height: 24px;\">Iznos kamate za razdoblje otplate<\/td>\n<td style=\"width: 142px; height: 24px;\">41,27<\/td>\n<\/tr>\n<tr style=\"height: 24px;\">\n<td style=\"width: 310px; height: 24px;\">Ukupan iznos za otplatu*<\/td>\n<td style=\"width: 142px; height: 24px;\">\u00a01.041,27 EUR<\/td>\n<\/tr>\n<\/tbody>\n<\/table>\n<p>*Ukupan iznos za otplatu uklju\u010duje iznos kredita te kamatu za razdoblje otplate kredita, uz pretpostavku isplate kredita 01.01.<\/p>\n<\/div>\r\n\r\n<\/div>","protected":false},"excerpt":{"rendered":"<p>Ako \u017eeli\u0161 dodatni limit zatra\u017ei Visa kreditnu karticu. Visa kreditna kartica omogu\u0107uje ti da bezbri\u017eno u\u017eiva\u0161 u svim svojim aktivnostima uz apsolutnu financijsku fleksibilnost i slobodu. Koristi je uz osobni [&hellip;]<\/p>","protected":false},"author":14,"featured_media":555524,"parent":1353,"menu_order":0,"comment_status":"closed","ping_status":"closed","template":"page-template-4.php","meta":{"_acf_changed":false,"footnotes":""},"categories":[],"tags":[],"class_list":["post-1357","page","type-page","status-publish","has-post-thumbnail","hentry"],"acf":[],"yoast_head":"<!-- This site is optimized with the Yoast SEO plugin v25.4 - https:\/\/yoast.com\/wordpress\/plugins\/seo\/ -->\n<title>Visa kreditna kartica - Slatinska Banka<\/title>\n<meta name=\"robots\" content=\"index, follow, max-snippet:-1, max-image-preview:large, max-video-preview:-1\" \/>\n<link rel=\"canonical\" href=\"https:\/\/www.slatinska-banka.hr\/en\/gradani\/racuni-i-kartice\/kartice\/visa-kreditna-kartica\/\" \/>\n<meta property=\"og:locale\" content=\"en_US\" \/>\n<meta property=\"og:type\" content=\"article\" \/>\n<meta property=\"og:title\" content=\"Visa kreditna kartica - Slatinska Banka\" \/>\n<meta property=\"og:description\" content=\"Ako \u017eeli\u0161 dodatni limit zatra\u017ei Visa kreditnu karticu. Visa kreditna kartica omogu\u0107uje ti da bezbri\u017eno u\u017eiva\u0161 u svim svojim aktivnostima uz apsolutnu financijsku fleksibilnost i slobodu. Koristi je uz osobni [&hellip;]\" \/>\n<meta property=\"og:url\" content=\"https:\/\/www.slatinska-banka.hr\/en\/gradani\/racuni-i-kartice\/kartice\/visa-kreditna-kartica\/\" \/>\n<meta property=\"og:site_name\" content=\"Slatinska Banka\" \/>\n<meta property=\"article:publisher\" content=\"https:\/\/www.facebook.com\/slatinskabanka\/\" \/>\n<meta property=\"article:modified_time\" content=\"2026-03-05T08:43:11+00:00\" \/>\n<meta property=\"og:image\" content=\"https:\/\/www.slatinska-banka.hr\/wp-content\/uploads\/SLATINSKA-BANKA-VISA-KARTICE-Web-banneri-VISA-CREDIT.png\" \/>\n\t<meta property=\"og:image:width\" content=\"376\" \/>\n\t<meta property=\"og:image:height\" content=\"372\" \/>\n\t<meta property=\"og:image:type\" content=\"image\/png\" \/>\n<meta name=\"twitter:card\" content=\"summary_large_image\" \/>\n<meta name=\"twitter:label1\" content=\"Est. reading time\" \/>\n\t<meta name=\"twitter:data1\" content=\"2 minutes\" \/>\n<script type=\"application\/ld+json\" class=\"yoast-schema-graph\">{\"@context\":\"https:\/\/schema.org\",\"@graph\":[{\"@type\":\"WebPage\",\"@id\":\"https:\/\/www.slatinska-banka.hr\/gradani\/racuni-i-kartice\/kartice\/visa-kreditna-kartica\/\",\"url\":\"https:\/\/www.slatinska-banka.hr\/gradani\/racuni-i-kartice\/kartice\/visa-kreditna-kartica\/\",\"name\":\"Visa kreditna kartica - Slatinska Banka\",\"isPartOf\":{\"@id\":\"https:\/\/www.slatinska-banka.hr\/#website\"},\"primaryImageOfPage\":{\"@id\":\"https:\/\/www.slatinska-banka.hr\/gradani\/racuni-i-kartice\/kartice\/visa-kreditna-kartica\/#primaryimage\"},\"image\":{\"@id\":\"https:\/\/www.slatinska-banka.hr\/gradani\/racuni-i-kartice\/kartice\/visa-kreditna-kartica\/#primaryimage\"},\"thumbnailUrl\":\"https:\/\/www.slatinska-banka.hr\/wp-content\/uploads\/SLATINSKA-BANKA-VISA-KARTICE-Web-banneri-VISA-CREDIT.png\",\"datePublished\":\"2019-02-20T18:00:39+00:00\",\"dateModified\":\"2026-03-05T08:43:11+00:00\",\"breadcrumb\":{\"@id\":\"https:\/\/www.slatinska-banka.hr\/gradani\/racuni-i-kartice\/kartice\/visa-kreditna-kartica\/#breadcrumb\"},\"inLanguage\":\"en-US\",\"potentialAction\":[{\"@type\":\"ReadAction\",\"target\":[\"https:\/\/www.slatinska-banka.hr\/gradani\/racuni-i-kartice\/kartice\/visa-kreditna-kartica\/\"]}]},{\"@type\":\"ImageObject\",\"inLanguage\":\"en-US\",\"@id\":\"https:\/\/www.slatinska-banka.hr\/gradani\/racuni-i-kartice\/kartice\/visa-kreditna-kartica\/#primaryimage\",\"url\":\"https:\/\/www.slatinska-banka.hr\/wp-content\/uploads\/SLATINSKA-BANKA-VISA-KARTICE-Web-banneri-VISA-CREDIT.png\",\"contentUrl\":\"https:\/\/www.slatinska-banka.hr\/wp-content\/uploads\/SLATINSKA-BANKA-VISA-KARTICE-Web-banneri-VISA-CREDIT.png\",\"width\":376,\"height\":372},{\"@type\":\"BreadcrumbList\",\"@id\":\"https:\/\/www.slatinska-banka.hr\/gradani\/racuni-i-kartice\/kartice\/visa-kreditna-kartica\/#breadcrumb\",\"itemListElement\":[{\"@type\":\"ListItem\",\"position\":1,\"name\":\"Gra\u0111ani\",\"item\":\"https:\/\/www.slatinska-banka.hr\/gradani\/\"},{\"@type\":\"ListItem\",\"position\":2,\"name\":\"Ra\u010duni i kartice\",\"item\":\"https:\/\/www.slatinska-banka.hr\/gradani\/racuni-i-kartice\/\"},{\"@type\":\"ListItem\",\"position\":3,\"name\":\"Kartice\",\"item\":\"https:\/\/www.slatinska-banka.hr\/gradani\/racuni-i-kartice\/kartice\/\"},{\"@type\":\"ListItem\",\"position\":4,\"name\":\"Visa kreditna kartica\"}]},{\"@type\":\"WebSite\",\"@id\":\"https:\/\/www.slatinska-banka.hr\/#website\",\"url\":\"https:\/\/www.slatinska-banka.hr\/\",\"name\":\"Slatinska Banka\",\"description\":\"Razlika je u pristupu\",\"publisher\":{\"@id\":\"https:\/\/www.slatinska-banka.hr\/#organization\"},\"potentialAction\":[{\"@type\":\"SearchAction\",\"target\":{\"@type\":\"EntryPoint\",\"urlTemplate\":\"https:\/\/www.slatinska-banka.hr\/?s={search_term_string}\"},\"query-input\":{\"@type\":\"PropertyValueSpecification\",\"valueRequired\":true,\"valueName\":\"search_term_string\"}}],\"inLanguage\":\"en-US\"},{\"@type\":\"Organization\",\"@id\":\"https:\/\/www.slatinska-banka.hr\/#organization\",\"name\":\"Slatinska banka d.d.\",\"url\":\"https:\/\/www.slatinska-banka.hr\/\",\"logo\":{\"@type\":\"ImageObject\",\"inLanguage\":\"en-US\",\"@id\":\"https:\/\/www.slatinska-banka.hr\/#\/schema\/logo\/image\/\",\"url\":\"https:\/\/www.slatinska-banka.hr\/wp-content\/uploads\/2019\/02\/logo_big.png\",\"contentUrl\":\"https:\/\/www.slatinska-banka.hr\/wp-content\/uploads\/2019\/02\/logo_big.png\",\"width\":302,\"height\":244,\"caption\":\"Slatinska banka d.d.\"},\"image\":{\"@id\":\"https:\/\/www.slatinska-banka.hr\/#\/schema\/logo\/image\/\"},\"sameAs\":[\"https:\/\/www.facebook.com\/slatinskabanka\/\",\"https:\/\/www.linkedin.com\/company\/slatinska-banka-dd\"]}]}<\/script>\n<!-- \/ Yoast SEO plugin. -->","yoast_head_json":{"title":"Visa kreditna kartica - Slatinska Banka","robots":{"index":"index","follow":"follow","max-snippet":"max-snippet:-1","max-image-preview":"max-image-preview:large","max-video-preview":"max-video-preview:-1"},"canonical":"https:\/\/www.slatinska-banka.hr\/en\/gradani\/racuni-i-kartice\/kartice\/visa-kreditna-kartica\/","og_locale":"en_US","og_type":"article","og_title":"Visa kreditna kartica - Slatinska Banka","og_description":"Ako \u017eeli\u0161 dodatni limit zatra\u017ei Visa kreditnu karticu. Visa kreditna kartica omogu\u0107uje ti da bezbri\u017eno u\u017eiva\u0161 u svim svojim aktivnostima uz apsolutnu financijsku fleksibilnost i slobodu. Koristi je uz osobni [&hellip;]","og_url":"https:\/\/www.slatinska-banka.hr\/en\/gradani\/racuni-i-kartice\/kartice\/visa-kreditna-kartica\/","og_site_name":"Slatinska Banka","article_publisher":"https:\/\/www.facebook.com\/slatinskabanka\/","article_modified_time":"2026-03-05T08:43:11+00:00","og_image":[{"width":376,"height":372,"url":"https:\/\/www.slatinska-banka.hr\/wp-content\/uploads\/SLATINSKA-BANKA-VISA-KARTICE-Web-banneri-VISA-CREDIT.png","type":"image\/png"}],"twitter_card":"summary_large_image","twitter_misc":{"Est. reading time":"2 minutes"},"schema":{"@context":"https:\/\/schema.org","@graph":[{"@type":"WebPage","@id":"https:\/\/www.slatinska-banka.hr\/gradani\/racuni-i-kartice\/kartice\/visa-kreditna-kartica\/","url":"https:\/\/www.slatinska-banka.hr\/gradani\/racuni-i-kartice\/kartice\/visa-kreditna-kartica\/","name":"Visa kreditna kartica - Slatinska Banka","isPartOf":{"@id":"https:\/\/www.slatinska-banka.hr\/#website"},"primaryImageOfPage":{"@id":"https:\/\/www.slatinska-banka.hr\/gradani\/racuni-i-kartice\/kartice\/visa-kreditna-kartica\/#primaryimage"},"image":{"@id":"https:\/\/www.slatinska-banka.hr\/gradani\/racuni-i-kartice\/kartice\/visa-kreditna-kartica\/#primaryimage"},"thumbnailUrl":"https:\/\/www.slatinska-banka.hr\/wp-content\/uploads\/SLATINSKA-BANKA-VISA-KARTICE-Web-banneri-VISA-CREDIT.png","datePublished":"2019-02-20T18:00:39+00:00","dateModified":"2026-03-05T08:43:11+00:00","breadcrumb":{"@id":"https:\/\/www.slatinska-banka.hr\/gradani\/racuni-i-kartice\/kartice\/visa-kreditna-kartica\/#breadcrumb"},"inLanguage":"en-US","potentialAction":[{"@type":"ReadAction","target":["https:\/\/www.slatinska-banka.hr\/gradani\/racuni-i-kartice\/kartice\/visa-kreditna-kartica\/"]}]},{"@type":"ImageObject","inLanguage":"en-US","@id":"https:\/\/www.slatinska-banka.hr\/gradani\/racuni-i-kartice\/kartice\/visa-kreditna-kartica\/#primaryimage","url":"https:\/\/www.slatinska-banka.hr\/wp-content\/uploads\/SLATINSKA-BANKA-VISA-KARTICE-Web-banneri-VISA-CREDIT.png","contentUrl":"https:\/\/www.slatinska-banka.hr\/wp-content\/uploads\/SLATINSKA-BANKA-VISA-KARTICE-Web-banneri-VISA-CREDIT.png","width":376,"height":372},{"@type":"BreadcrumbList","@id":"https:\/\/www.slatinska-banka.hr\/gradani\/racuni-i-kartice\/kartice\/visa-kreditna-kartica\/#breadcrumb","itemListElement":[{"@type":"ListItem","position":1,"name":"Gra\u0111ani","item":"https:\/\/www.slatinska-banka.hr\/gradani\/"},{"@type":"ListItem","position":2,"name":"Ra\u010duni i kartice","item":"https:\/\/www.slatinska-banka.hr\/gradani\/racuni-i-kartice\/"},{"@type":"ListItem","position":3,"name":"Kartice","item":"https:\/\/www.slatinska-banka.hr\/gradani\/racuni-i-kartice\/kartice\/"},{"@type":"ListItem","position":4,"name":"Visa kreditna kartica"}]},{"@type":"WebSite","@id":"https:\/\/www.slatinska-banka.hr\/#website","url":"https:\/\/www.slatinska-banka.hr\/","name":"Slatinska Banka","description":"Razlika je u pristupu","publisher":{"@id":"https:\/\/www.slatinska-banka.hr\/#organization"},"potentialAction":[{"@type":"SearchAction","target":{"@type":"EntryPoint","urlTemplate":"https:\/\/www.slatinska-banka.hr\/?s={search_term_string}"},"query-input":{"@type":"PropertyValueSpecification","valueRequired":true,"valueName":"search_term_string"}}],"inLanguage":"en-US"},{"@type":"Organization","@id":"https:\/\/www.slatinska-banka.hr\/#organization","name":"Slatinska banka d.d.","url":"https:\/\/www.slatinska-banka.hr\/","logo":{"@type":"ImageObject","inLanguage":"en-US","@id":"https:\/\/www.slatinska-banka.hr\/#\/schema\/logo\/image\/","url":"https:\/\/www.slatinska-banka.hr\/wp-content\/uploads\/2019\/02\/logo_big.png","contentUrl":"https:\/\/www.slatinska-banka.hr\/wp-content\/uploads\/2019\/02\/logo_big.png","width":302,"height":244,"caption":"Slatinska banka d.d."},"image":{"@id":"https:\/\/www.slatinska-banka.hr\/#\/schema\/logo\/image\/"},"sameAs":["https:\/\/www.facebook.com\/slatinskabanka\/","https:\/\/www.linkedin.com\/company\/slatinska-banka-dd"]}]}},"_links":{"self":[{"href":"https:\/\/www.slatinska-banka.hr\/en\/wp-json\/wp\/v2\/pages\/1357","targetHints":{"allow":["GET"]}}],"collection":[{"href":"https:\/\/www.slatinska-banka.hr\/en\/wp-json\/wp\/v2\/pages"}],"about":[{"href":"https:\/\/www.slatinska-banka.hr\/en\/wp-json\/wp\/v2\/types\/page"}],"author":[{"embeddable":true,"href":"https:\/\/www.slatinska-banka.hr\/en\/wp-json\/wp\/v2\/users\/14"}],"replies":[{"embeddable":true,"href":"https:\/\/www.slatinska-banka.hr\/en\/wp-json\/wp\/v2\/comments?post=1357"}],"version-history":[{"count":73,"href":"https:\/\/www.slatinska-banka.hr\/en\/wp-json\/wp\/v2\/pages\/1357\/revisions"}],"predecessor-version":[{"id":4621354,"href":"https:\/\/www.slatinska-banka.hr\/en\/wp-json\/wp\/v2\/pages\/1357\/revisions\/4621354"}],"up":[{"embeddable":true,"href":"https:\/\/www.slatinska-banka.hr\/en\/wp-json\/wp\/v2\/pages\/1353"}],"wp:featuredmedia":[{"embeddable":true,"href":"https:\/\/www.slatinska-banka.hr\/en\/wp-json\/wp\/v2\/media\/555524"}],"wp:attachment":[{"href":"https:\/\/www.slatinska-banka.hr\/en\/wp-json\/wp\/v2\/media?parent=1357"}],"wp:term":[{"taxonomy":"category","embeddable":true,"href":"https:\/\/www.slatinska-banka.hr\/en\/wp-json\/wp\/v2\/categories?post=1357"},{"taxonomy":"post_tag","embeddable":true,"href":"https:\/\/www.slatinska-banka.hr\/en\/wp-json\/wp\/v2\/tags?post=1357"}],"curies":[{"name":"wp","href":"https:\/\/api.w.org\/{rel}","templated":true}]}}