{"id":1355,"date":"2019-02-20T18:58:31","date_gmt":"2019-02-20T17:58:31","guid":{"rendered":"http:\/\/www.slatinska-banka.hr\/?page_id=1355"},"modified":"2025-11-07T08:39:01","modified_gmt":"2025-11-07T07:39:01","slug":"debitna-kartica","status":"publish","type":"page","link":"https:\/\/www.slatinska-banka.hr\/en\/gradani\/racuni-i-kartice\/kartice\/debitna-kartica\/","title":{"rendered":"Visa Debitna kartica"},"content":{"rendered":"<p class=\"intro\"><strong>Upoznajte novu <em><span style=\"color: #ffcc00;\">Visa<\/span> <\/em>debitnu karticu.\r\n<\/strong><\/p>\r\n&nbsp;\r\n<h4><strong>Svojim jedinstvenim stilom predstavlja moderan, inovativan i siguran odnos\r\nposlovanja s Bankom,<\/strong><\/h4>\r\n<h4><strong> a istovremeno zadr\u017eava postoje\u0107e funkcionalnosti.<\/strong><\/h4>\r\n<h4><img loading=\"lazy\" decoding=\"async\" class=\"aligncenter\" src=\"https:\/\/www.slatinska-banka.hr\/wp-content\/uploads\/SLATINSKA-BANKA-VISA-KARTICE-Web-banneri-VISA-DEBIT-300x297.png\" width=\"326\" height=\"323\" \/><\/h4>\r\n<p style=\"padding-left: 40px;\"><strong>Pogodnosti debitne kartice :<\/strong><\/p>\r\n\r\n<ul>\r\n \t<li>Prilikom prve transakcije karticu umetnite u bankomat ili EFTPOS terminal i potvrdite PIN-om<\/li>\r\n \t<li>Ve\u0107i iznosi dnevnog limita na bankomatima i EFTPOS terminalima<\/li>\r\n \t<li>Beskontaktno pla\u0107anje do 40 EUR<\/li>\r\n \t<li>Vi\u0161e od 60 milijuna prodajnih mjesta<\/li>\r\n \t<li>Mogu\u0107nost ugovaranja servisa elektronskog pla\u0107anja: PayPal<\/li>\r\n \t<li>Sigurnost pla\u0107anja na Internetu \u2013 <em>Visa<\/em> Secure<\/li>\r\n<\/ul>\r\n<div class=\"accordeon\">\r\n\r\n<h2><span class=\"naslov\">\u0161to treba znati pri kori\u0161tenju kartice<\/span><\/h2><div><p>Pri podizanju gotovine na bankomatu:<\/p>\n<ul>\n<li>Odabere se ili unosi se \u017eeljeni iznos gotovine u valuti zemlje u kojoj se nalazi vlasnik debitne kartice<\/li>\n<li>Potrebno se identificirati sa PIN-om<\/li>\n<li>Teku\u0107i ra\u010dun \u0107e odmah biti tere\u0107en za podignuti iznos<\/li>\n<li>Ukoliko se koristi bankomat Slatinske banke d.d. ne pla\u0107a se naknada<\/li>\n<\/ul>\n<p>Na prodajnim mjestima s oznakom <em>Visa<\/em>:<\/p>\n<ul>\n<li>Kao sredstva pla\u0107anja koristi se <em>Visa<\/em> kartica<\/li>\n<li>Prodavatelj \u0107e karticu provu\u0107i kroz EFT POS terminal<\/li>\n<li>Iznos pla\u0107ene robe teretit \u0107e teku\u0107i ra\u010dun odmah<\/li>\n<li>Unosom PIN-a (tajnog broja) izvr\u0161it \u0107e se identifikacija na prodajnom mjestu<\/li>\n<li>Jedan primjerak ra\u010duna prodavatelj \u0107e uru\u010diti kupcu (vlasniku debitne kartice)<\/li>\n<li><em>Visa<\/em> kartica na prodajnim mjestima koristi se bez naknade<\/li>\n<\/ul>\n<\/div>\r\n\r\n<h2><span class=\"naslov\">dnevni limiti<\/span><\/h2><div><ul>\n<li>Transakcija unutar 24 sata<\/li>\n<li>Maksimalna transakcija prodaje (POS) 900,00 EUR<\/li>\n<li>Maksimalna isplata gotovine (ATM) 600,00 EUR<\/li>\n<li>Ukupno: 1.500,00 EUR<\/li>\n<li>Broj uspje\u0161nih dnevnih transakcija na bankomatu (ATM-u) 6<\/li>\n<li>Broj uspje\u0161nih dnevnih transakcija na ETF-POS ure\u0111ajima 12<\/li>\n<\/ul>\n<\/div>\r\n\r\n<h2><span class=\"naslov\">korisni savjeti<\/span><\/h2><div><ul>\n<li>Zapi\u0161ite brojeve Va\u0161ih kartica i brojeve telefona na koje mo\u017eete prijaviti kra\u0111u ili nestanak i \u010duvajte ih odvojeno od samih kartica<\/li>\n<li>PIN zapamtite. Nemojte ga \u010duvati zapisanog pored kartice ili na samoj kartici<\/li>\n<li>Savjetujemo Vam da gotovinu i karticu ne dr\u017eite zajedno, na istom mjestu.<\/li>\n<li>Karticu nikada ne ostavljajte bez nadzora, pogotovo na javnom mjestu.<\/li>\n<li>Staru karticu, kojoj je istekao rok valjanosti, uvijek prere\u017eite po magnetskoj traci i zatim je fizi\u010dki uni\u0161tite<\/li>\n<li>Pri kupnji, na prodajnom mjestu, provjerite je li u\u010dinjeni tro\u0161ak identi\u010dan upisanom iznosu koji \u0107e teretiti Va\u0161u karticu<\/li>\n<li>U slu\u010daju otu\u0111enja ili nestanka kartice, za objavu gubitka odmah nazovite Banku na broj <strong>033\/637-026<\/strong> ili EGCP na broj <strong>01 3078 699<\/strong>.<\/li>\n<li>Telefonsku prijavu korisnik kartice obavezno potvr\u0111uje pismeno isti ili najkasnije slijede\u0107i dan od telefonske prijave osobno u poslovnici Banke<\/li>\n<li>U slu\u010daju o\u0161te\u0107enja kartice korisnik je du\u017ean obratiti se u poslovnicu Banke, te dati zahtjev za izradu nove kartice.<\/li>\n<li>U slu\u010daju da korisnik <em>Visa<\/em> kartice ime reklamaciju na kori\u0161tenje kartice, mo\u017ee se obratiti u poslovnicu Banke te pismenim putem potvrditi reklamaciju<\/li>\n<li>Ukoliko korisnik nakon prijave nestanka prona\u0111e karticu, ne smije ju koristiti, ve\u0107 je o tome du\u017ean obavijestiti Banku, te ju prerezanu odmah vratiti.<\/li>\n<\/ul>\n<\/div>\r\n\r\n<h2><span class=\"naslov\">Contacts<\/span><\/h2><div><p class=\"translation-block\">For all questions and complaints related to card business, the contact phone number is 033 637 026 during working hours, for loss or theft of a card that occurs after working hours you must contact the EGCP network at  01 3078 699. The deadline for submitting complaints is 30 days from the date of the transaction by written notification of the current account owner<\/p>\n<\/div>\r\n\r\n<\/div>","protected":false},"excerpt":{"rendered":"<p>Upoznajte novu Visa debitnu karticu. &nbsp; Svojim jedinstvenim stilom predstavlja moderan, inovativan i siguran odnos poslovanja s Bankom, a istovremeno zadr\u017eava postoje\u0107e funkcionalnosti. Pogodnosti debitne kartice : Prilikom prve transakcije [&hellip;]<\/p>","protected":false},"author":14,"featured_media":555523,"parent":1353,"menu_order":0,"comment_status":"closed","ping_status":"closed","template":"page-template-4.php","meta":{"_acf_changed":false,"footnotes":""},"categories":[],"tags":[],"class_list":["post-1355","page","type-page","status-publish","has-post-thumbnail","hentry"],"acf":[],"yoast_head":"<!-- This site is optimized with the Yoast SEO plugin v25.4 - https:\/\/yoast.com\/wordpress\/plugins\/seo\/ -->\n<title>Visa Debitna kartica - Slatinska Banka<\/title>\n<meta name=\"robots\" content=\"index, follow, max-snippet:-1, max-image-preview:large, max-video-preview:-1\" \/>\n<link rel=\"canonical\" href=\"https:\/\/www.slatinska-banka.hr\/en\/gradani\/racuni-i-kartice\/kartice\/debitna-kartica\/\" \/>\n<meta property=\"og:locale\" content=\"en_US\" \/>\n<meta property=\"og:type\" content=\"article\" \/>\n<meta property=\"og:title\" content=\"Visa Debitna kartica - Slatinska Banka\" \/>\n<meta property=\"og:description\" content=\"Upoznajte novu Visa debitnu karticu. &nbsp; Svojim jedinstvenim stilom predstavlja moderan, inovativan i siguran odnos poslovanja s Bankom, a istovremeno zadr\u017eava postoje\u0107e funkcionalnosti. Pogodnosti debitne kartice : Prilikom prve transakcije [&hellip;]\" \/>\n<meta property=\"og:url\" content=\"https:\/\/www.slatinska-banka.hr\/en\/gradani\/racuni-i-kartice\/kartice\/debitna-kartica\/\" \/>\n<meta property=\"og:site_name\" content=\"Slatinska Banka\" \/>\n<meta property=\"article:publisher\" content=\"https:\/\/www.facebook.com\/slatinskabanka\/\" \/>\n<meta property=\"article:modified_time\" content=\"2025-11-07T07:39:01+00:00\" \/>\n<meta property=\"og:image\" content=\"https:\/\/www.slatinska-banka.hr\/wp-content\/uploads\/SLATINSKA-BANKA-VISA-KARTICE-Web-banneri-VISA-DEBIT.png\" \/>\n\t<meta property=\"og:image:width\" content=\"376\" \/>\n\t<meta property=\"og:image:height\" content=\"372\" \/>\n\t<meta property=\"og:image:type\" content=\"image\/png\" \/>\n<meta name=\"twitter:card\" content=\"summary_large_image\" \/>\n<meta name=\"twitter:label1\" content=\"Est. reading time\" \/>\n\t<meta name=\"twitter:data1\" content=\"3 minutes\" \/>\n<script type=\"application\/ld+json\" class=\"yoast-schema-graph\">{\"@context\":\"https:\/\/schema.org\",\"@graph\":[{\"@type\":\"WebPage\",\"@id\":\"https:\/\/www.slatinska-banka.hr\/gradani\/racuni-i-kartice\/kartice\/debitna-kartica\/\",\"url\":\"https:\/\/www.slatinska-banka.hr\/gradani\/racuni-i-kartice\/kartice\/debitna-kartica\/\",\"name\":\"Visa Debitna kartica - Slatinska Banka\",\"isPartOf\":{\"@id\":\"https:\/\/www.slatinska-banka.hr\/#website\"},\"primaryImageOfPage\":{\"@id\":\"https:\/\/www.slatinska-banka.hr\/gradani\/racuni-i-kartice\/kartice\/debitna-kartica\/#primaryimage\"},\"image\":{\"@id\":\"https:\/\/www.slatinska-banka.hr\/gradani\/racuni-i-kartice\/kartice\/debitna-kartica\/#primaryimage\"},\"thumbnailUrl\":\"https:\/\/www.slatinska-banka.hr\/wp-content\/uploads\/SLATINSKA-BANKA-VISA-KARTICE-Web-banneri-VISA-DEBIT.png\",\"datePublished\":\"2019-02-20T17:58:31+00:00\",\"dateModified\":\"2025-11-07T07:39:01+00:00\",\"breadcrumb\":{\"@id\":\"https:\/\/www.slatinska-banka.hr\/gradani\/racuni-i-kartice\/kartice\/debitna-kartica\/#breadcrumb\"},\"inLanguage\":\"en-US\",\"potentialAction\":[{\"@type\":\"ReadAction\",\"target\":[\"https:\/\/www.slatinska-banka.hr\/gradani\/racuni-i-kartice\/kartice\/debitna-kartica\/\"]}]},{\"@type\":\"ImageObject\",\"inLanguage\":\"en-US\",\"@id\":\"https:\/\/www.slatinska-banka.hr\/gradani\/racuni-i-kartice\/kartice\/debitna-kartica\/#primaryimage\",\"url\":\"https:\/\/www.slatinska-banka.hr\/wp-content\/uploads\/SLATINSKA-BANKA-VISA-KARTICE-Web-banneri-VISA-DEBIT.png\",\"contentUrl\":\"https:\/\/www.slatinska-banka.hr\/wp-content\/uploads\/SLATINSKA-BANKA-VISA-KARTICE-Web-banneri-VISA-DEBIT.png\",\"width\":376,\"height\":372},{\"@type\":\"BreadcrumbList\",\"@id\":\"https:\/\/www.slatinska-banka.hr\/gradani\/racuni-i-kartice\/kartice\/debitna-kartica\/#breadcrumb\",\"itemListElement\":[{\"@type\":\"ListItem\",\"position\":1,\"name\":\"Gra\u0111ani\",\"item\":\"https:\/\/www.slatinska-banka.hr\/gradani\/\"},{\"@type\":\"ListItem\",\"position\":2,\"name\":\"Ra\u010duni i kartice\",\"item\":\"https:\/\/www.slatinska-banka.hr\/gradani\/racuni-i-kartice\/\"},{\"@type\":\"ListItem\",\"position\":3,\"name\":\"Kartice\",\"item\":\"https:\/\/www.slatinska-banka.hr\/gradani\/racuni-i-kartice\/kartice\/\"},{\"@type\":\"ListItem\",\"position\":4,\"name\":\"Visa Debitna kartica\"}]},{\"@type\":\"WebSite\",\"@id\":\"https:\/\/www.slatinska-banka.hr\/#website\",\"url\":\"https:\/\/www.slatinska-banka.hr\/\",\"name\":\"Slatinska Banka\",\"description\":\"Razlika je u pristupu\",\"publisher\":{\"@id\":\"https:\/\/www.slatinska-banka.hr\/#organization\"},\"potentialAction\":[{\"@type\":\"SearchAction\",\"target\":{\"@type\":\"EntryPoint\",\"urlTemplate\":\"https:\/\/www.slatinska-banka.hr\/?s={search_term_string}\"},\"query-input\":{\"@type\":\"PropertyValueSpecification\",\"valueRequired\":true,\"valueName\":\"search_term_string\"}}],\"inLanguage\":\"en-US\"},{\"@type\":\"Organization\",\"@id\":\"https:\/\/www.slatinska-banka.hr\/#organization\",\"name\":\"Slatinska banka d.d.\",\"url\":\"https:\/\/www.slatinska-banka.hr\/\",\"logo\":{\"@type\":\"ImageObject\",\"inLanguage\":\"en-US\",\"@id\":\"https:\/\/www.slatinska-banka.hr\/#\/schema\/logo\/image\/\",\"url\":\"https:\/\/www.slatinska-banka.hr\/wp-content\/uploads\/2019\/02\/logo_big.png\",\"contentUrl\":\"https:\/\/www.slatinska-banka.hr\/wp-content\/uploads\/2019\/02\/logo_big.png\",\"width\":302,\"height\":244,\"caption\":\"Slatinska banka d.d.\"},\"image\":{\"@id\":\"https:\/\/www.slatinska-banka.hr\/#\/schema\/logo\/image\/\"},\"sameAs\":[\"https:\/\/www.facebook.com\/slatinskabanka\/\",\"https:\/\/www.linkedin.com\/company\/slatinska-banka-dd\"]}]}<\/script>\n<!-- \/ Yoast SEO plugin. -->","yoast_head_json":{"title":"Visa Debitna kartica - Slatinska Banka","robots":{"index":"index","follow":"follow","max-snippet":"max-snippet:-1","max-image-preview":"max-image-preview:large","max-video-preview":"max-video-preview:-1"},"canonical":"https:\/\/www.slatinska-banka.hr\/en\/gradani\/racuni-i-kartice\/kartice\/debitna-kartica\/","og_locale":"en_US","og_type":"article","og_title":"Visa Debitna kartica - Slatinska Banka","og_description":"Upoznajte novu Visa debitnu karticu. &nbsp; Svojim jedinstvenim stilom predstavlja moderan, inovativan i siguran odnos poslovanja s Bankom, a istovremeno zadr\u017eava postoje\u0107e funkcionalnosti. Pogodnosti debitne kartice : Prilikom prve transakcije [&hellip;]","og_url":"https:\/\/www.slatinska-banka.hr\/en\/gradani\/racuni-i-kartice\/kartice\/debitna-kartica\/","og_site_name":"Slatinska Banka","article_publisher":"https:\/\/www.facebook.com\/slatinskabanka\/","article_modified_time":"2025-11-07T07:39:01+00:00","og_image":[{"width":376,"height":372,"url":"https:\/\/www.slatinska-banka.hr\/wp-content\/uploads\/SLATINSKA-BANKA-VISA-KARTICE-Web-banneri-VISA-DEBIT.png","type":"image\/png"}],"twitter_card":"summary_large_image","twitter_misc":{"Est. reading time":"3 minutes"},"schema":{"@context":"https:\/\/schema.org","@graph":[{"@type":"WebPage","@id":"https:\/\/www.slatinska-banka.hr\/gradani\/racuni-i-kartice\/kartice\/debitna-kartica\/","url":"https:\/\/www.slatinska-banka.hr\/gradani\/racuni-i-kartice\/kartice\/debitna-kartica\/","name":"Visa Debitna kartica - Slatinska Banka","isPartOf":{"@id":"https:\/\/www.slatinska-banka.hr\/#website"},"primaryImageOfPage":{"@id":"https:\/\/www.slatinska-banka.hr\/gradani\/racuni-i-kartice\/kartice\/debitna-kartica\/#primaryimage"},"image":{"@id":"https:\/\/www.slatinska-banka.hr\/gradani\/racuni-i-kartice\/kartice\/debitna-kartica\/#primaryimage"},"thumbnailUrl":"https:\/\/www.slatinska-banka.hr\/wp-content\/uploads\/SLATINSKA-BANKA-VISA-KARTICE-Web-banneri-VISA-DEBIT.png","datePublished":"2019-02-20T17:58:31+00:00","dateModified":"2025-11-07T07:39:01+00:00","breadcrumb":{"@id":"https:\/\/www.slatinska-banka.hr\/gradani\/racuni-i-kartice\/kartice\/debitna-kartica\/#breadcrumb"},"inLanguage":"en-US","potentialAction":[{"@type":"ReadAction","target":["https:\/\/www.slatinska-banka.hr\/gradani\/racuni-i-kartice\/kartice\/debitna-kartica\/"]}]},{"@type":"ImageObject","inLanguage":"en-US","@id":"https:\/\/www.slatinska-banka.hr\/gradani\/racuni-i-kartice\/kartice\/debitna-kartica\/#primaryimage","url":"https:\/\/www.slatinska-banka.hr\/wp-content\/uploads\/SLATINSKA-BANKA-VISA-KARTICE-Web-banneri-VISA-DEBIT.png","contentUrl":"https:\/\/www.slatinska-banka.hr\/wp-content\/uploads\/SLATINSKA-BANKA-VISA-KARTICE-Web-banneri-VISA-DEBIT.png","width":376,"height":372},{"@type":"BreadcrumbList","@id":"https:\/\/www.slatinska-banka.hr\/gradani\/racuni-i-kartice\/kartice\/debitna-kartica\/#breadcrumb","itemListElement":[{"@type":"ListItem","position":1,"name":"Gra\u0111ani","item":"https:\/\/www.slatinska-banka.hr\/gradani\/"},{"@type":"ListItem","position":2,"name":"Ra\u010duni i kartice","item":"https:\/\/www.slatinska-banka.hr\/gradani\/racuni-i-kartice\/"},{"@type":"ListItem","position":3,"name":"Kartice","item":"https:\/\/www.slatinska-banka.hr\/gradani\/racuni-i-kartice\/kartice\/"},{"@type":"ListItem","position":4,"name":"Visa Debitna kartica"}]},{"@type":"WebSite","@id":"https:\/\/www.slatinska-banka.hr\/#website","url":"https:\/\/www.slatinska-banka.hr\/","name":"Slatinska Banka","description":"Razlika je u pristupu","publisher":{"@id":"https:\/\/www.slatinska-banka.hr\/#organization"},"potentialAction":[{"@type":"SearchAction","target":{"@type":"EntryPoint","urlTemplate":"https:\/\/www.slatinska-banka.hr\/?s={search_term_string}"},"query-input":{"@type":"PropertyValueSpecification","valueRequired":true,"valueName":"search_term_string"}}],"inLanguage":"en-US"},{"@type":"Organization","@id":"https:\/\/www.slatinska-banka.hr\/#organization","name":"Slatinska banka d.d.","url":"https:\/\/www.slatinska-banka.hr\/","logo":{"@type":"ImageObject","inLanguage":"en-US","@id":"https:\/\/www.slatinska-banka.hr\/#\/schema\/logo\/image\/","url":"https:\/\/www.slatinska-banka.hr\/wp-content\/uploads\/2019\/02\/logo_big.png","contentUrl":"https:\/\/www.slatinska-banka.hr\/wp-content\/uploads\/2019\/02\/logo_big.png","width":302,"height":244,"caption":"Slatinska banka d.d."},"image":{"@id":"https:\/\/www.slatinska-banka.hr\/#\/schema\/logo\/image\/"},"sameAs":["https:\/\/www.facebook.com\/slatinskabanka\/","https:\/\/www.linkedin.com\/company\/slatinska-banka-dd"]}]}},"_links":{"self":[{"href":"https:\/\/www.slatinska-banka.hr\/en\/wp-json\/wp\/v2\/pages\/1355","targetHints":{"allow":["GET"]}}],"collection":[{"href":"https:\/\/www.slatinska-banka.hr\/en\/wp-json\/wp\/v2\/pages"}],"about":[{"href":"https:\/\/www.slatinska-banka.hr\/en\/wp-json\/wp\/v2\/types\/page"}],"author":[{"embeddable":true,"href":"https:\/\/www.slatinska-banka.hr\/en\/wp-json\/wp\/v2\/users\/14"}],"replies":[{"embeddable":true,"href":"https:\/\/www.slatinska-banka.hr\/en\/wp-json\/wp\/v2\/comments?post=1355"}],"version-history":[{"count":32,"href":"https:\/\/www.slatinska-banka.hr\/en\/wp-json\/wp\/v2\/pages\/1355\/revisions"}],"predecessor-version":[{"id":4160618,"href":"https:\/\/www.slatinska-banka.hr\/en\/wp-json\/wp\/v2\/pages\/1355\/revisions\/4160618"}],"up":[{"embeddable":true,"href":"https:\/\/www.slatinska-banka.hr\/en\/wp-json\/wp\/v2\/pages\/1353"}],"wp:featuredmedia":[{"embeddable":true,"href":"https:\/\/www.slatinska-banka.hr\/en\/wp-json\/wp\/v2\/media\/555523"}],"wp:attachment":[{"href":"https:\/\/www.slatinska-banka.hr\/en\/wp-json\/wp\/v2\/media?parent=1355"}],"wp:term":[{"taxonomy":"category","embeddable":true,"href":"https:\/\/www.slatinska-banka.hr\/en\/wp-json\/wp\/v2\/categories?post=1355"},{"taxonomy":"post_tag","embeddable":true,"href":"https:\/\/www.slatinska-banka.hr\/en\/wp-json\/wp\/v2\/tags?post=1355"}],"curies":[{"name":"wp","href":"https:\/\/api.w.org\/{rel}","templated":true}]}}