{"id":1352265,"date":"2024-04-16T14:54:00","date_gmt":"2024-04-16T12:54:00","guid":{"rendered":"https:\/\/www.slatinska-banka.hr\/?page_id=1352265"},"modified":"2026-03-05T09:48:00","modified_gmt":"2026-03-05T08:48:00","slug":"brzi-kredit","status":"publish","type":"page","link":"https:\/\/www.slatinska-banka.hr\/en\/gradani\/krediti-i-financiranja\/gotovinski-krediti\/brzi-kredit\/","title":{"rendered":"Brzi kredit"},"content":{"rendered":"<h2 class=\"intro\" style=\"text-align: left;\">Brzo i jednostavno do novca s brzim kreditom za klijente Banke!<\/h2>\r\n<h2 class=\"intro\" style=\"text-align: left;\">Brzi kredit<\/h2>\r\n<ul>\r\n \t<li>\r\n<h4>Bez tro\u0161ka Javnog bilje\u017enika<\/h4>\r\n<\/li>\r\n \t<li>\r\n<h4>Bez Zadu\u017enice<\/h4>\r\n<\/li>\r\n \t<li>\r\n<h4>Bez Izjave o zapljeni po pristanku du\u017enika<\/h4>\r\n<\/li>\r\n<\/ul>\r\n<h4><img loading=\"lazy\" decoding=\"async\" class=\"size-medium wp-image-1352286 alignleft\" src=\"https:\/\/www.slatinska-banka.hr\/wp-content\/uploads\/brzi-kredit-ikona-300x297.jpg\" alt=\"\" width=\"300\" height=\"297\" srcset=\"https:\/\/www.slatinska-banka.hr\/wp-content\/uploads\/\/brzi-kredit-ikona-300x297.jpg 300w, https:\/\/www.slatinska-banka.hr\/wp-content\/uploads\/\/brzi-kredit-ikona-150x150.jpg 150w, https:\/\/www.slatinska-banka.hr\/wp-content\/uploads\/\/brzi-kredit-ikona-12x12.jpg 12w, https:\/\/www.slatinska-banka.hr\/wp-content\/uploads\/\/brzi-kredit-ikona.jpg 376w\" sizes=\"auto, (max-width: 300px) 100vw, 300px\" \/><\/h4>\r\n<h4><\/h4>\r\n<table class=\"contentTable\">\r\n<tbody>\r\n<tr>\r\n<td style=\"text-align: center;\"><strong>IZNOS:<\/strong><\/td>\r\n<td style=\"text-align: center;\"><strong>ROK POVRATA<\/strong><\/td>\r\n<td style=\"text-align: center;\"><strong>KAMATA ZA KLIJENTE<\/strong><\/td>\r\n<\/tr>\r\n<tr>\r\n<td style=\"text-align: center;\">2.000,00 do 10.000,00 EUR<\/td>\r\n<td style=\"text-align: center;\">3 do 10 godina<\/td>\r\n<td style=\"text-align: center;\">FIKSNA 6,40%, EKS 7,01%<\/td>\r\n<\/tr>\r\n<\/tbody>\r\n<\/table>\r\n&nbsp;\r\n\r\n<div class=\"accordeon\">\r\n\r\n<h2><span class=\"naslov\">Instrumenti osiguranja<\/span><\/h2><div><p>Bez instrumenta osiguranja<\/p>\n<\/div>\r\n\r\n<h2><span class=\"naslov\">Instrumenti pla\u0107anja<\/span><\/h2><div><p>Administrativna zabrana na primanja ili Trajni nalog<\/p>\n<p>&nbsp;<\/p>\n<\/div>\r\n\r\n<h2><span class=\"naslov\">Dokumentacija<\/span><\/h2><div><ul>\n<li><a href=\"https:\/\/www.slatinska-banka.hr\/wp-content\/uploads\/Zahtjev_za_kredit_potrosaca_20250314.pdf\">Zahtjev za kredit<\/a><\/li>\n<li><a href=\"https:\/\/www.slatinska-banka.hr\/wp-content\/uploads\/Potvrda-poslodavca.pdf\">Potvrda poslodavca<\/a><\/li>\n<li><a href=\"https:\/\/www.slatinska-banka.hr\/wp-content\/uploads\/INFORMATIVNI-OBRAZAC-Brzi_kredit_20250701.pdf\">Informativni obrazac<\/a><\/li>\n<li><a href=\"https:\/\/www.slatinska-banka.hr\/wp-content\/uploads\/Dokumentacija-koju-je-potrebno-priloziti-uz-zahtjev-za-kredit-sijecanj-2026.pdf\">Popis dokumentacije<\/a><\/li>\n<li><a href=\"https:\/\/www.slatinska-banka.hr\/wp-content\/uploads\/POUP049-01-2023-Izjava_o_privatnosti_krediti_kreditne-kartice_MBPlus_listopad2025-1.pdf\">Izjava o privatnosti<\/a><\/li>\n<li><a href=\"https:\/\/www.slatinska-banka.hr\/wp-content\/uploads\/Informacije-o-obradi-osobnih-podataka-u-OSR_sijecanj2025_.pdf\">Informacije o obradi osobnih podataka u OSR sustavu<\/a><\/li>\n<\/ul>\n<\/div>\r\n\r\n<h2><span class=\"naslov\">Reprezentativni primjer<\/span><\/h2><div><table style=\"width: 39.599%; height: 312px;\">\n<tbody>\n<tr style=\"height: 24px;\">\n<td style=\"height: 24px;\">Status klijenta<\/td>\n<td style=\"width: 105.2px; height: 24px;\">Klijent Banke<\/td>\n<td style=\"width: 117.22px; height: 24px;\"><\/td>\n<\/tr>\n<tr style=\"height: 24px;\">\n<td style=\"height: 24px;\">Valuta kredita<\/td>\n<td style=\"width: 105.2px; height: 24px;\">EUR<\/td>\n<td style=\"width: 117.22px; height: 24px;\"><\/td>\n<\/tr>\n<tr style=\"height: 24px;\">\n<td style=\"height: 24px;\">Iznos kredita<\/td>\n<td style=\"width: 105.2px; height: 24px;\">10.000,00<\/td>\n<td style=\"width: 117.22px; height: 24px;\"><\/td>\n<\/tr>\n<tr style=\"height: 24px;\">\n<td style=\"height: 24px;\">Rok otplate<\/td>\n<td style=\"width: 105.2px; height: 24px;\">120 mj<\/td>\n<td style=\"width: 117.22px; height: 24px;\"><\/td>\n<\/tr>\n<tr style=\"height: 24px;\">\n<td style=\"height: 24px;\">Naknada za obradu kreditnog zahtjeva<\/td>\n<td style=\"width: 105.2px; height: 24px;\">bez naknade<\/td>\n<td style=\"width: 117.22px; height: 24px;\"><\/td>\n<\/tr>\n<tr style=\"height: 24px;\">\n<td style=\"height: 24px;\">Mjese\u010dna naknada za vo\u0111enje ra\u010duna<\/td>\n<td style=\"width: 105.2px; height: 24px;\">1,99<\/td>\n<td style=\"width: 117.22px; height: 24px;\"><\/td>\n<\/tr>\n<tr style=\"height: 24px;\">\n<td style=\"height: 24px;\">Interest rate<\/td>\n<td style=\"width: 105.2px; height: 24px;\">6,40%<\/td>\n<td style=\"width: 117.22px; height: 24px;\"><\/td>\n<\/tr>\n<tr style=\"height: 24px;\">\n<td style=\"height: 24px;\">EKS<\/td>\n<td style=\"width: 105.2px; height: 24px;\">7,01%<\/td>\n<td style=\"width: 117.22px; height: 24px;\"><\/td>\n<\/tr>\n<tr style=\"height: 24px;\">\n<td style=\"height: 24px;\">Intercalary interest rate<\/td>\n<td style=\"width: 105.2px; height: 24px;\">52,60<\/td>\n<td style=\"width: 117.22px; height: 24px;\"><\/td>\n<\/tr>\n<tr style=\"height: 24px;\">\n<td style=\"height: 24px;\">Iznos kamate za razdoblje otplate<\/td>\n<td style=\"width: 105.2px; height: 24px;\">3.617,36<\/td>\n<td style=\"width: 117.22px; height: 24px;\"><\/td>\n<\/tr>\n<tr style=\"height: 48px;\">\n<td style=\"height: 48px;\">Visina mjese\u010dnog anuiteta za razdoblje otplate<\/td>\n<td style=\"width: 105.2px; height: 48px;\">113,04<\/td>\n<td style=\"width: 117.22px; height: 48px;\"><\/td>\n<\/tr>\n<tr style=\"height: 24px;\">\n<td style=\"width: 313.58px; height: 24px;\"><strong>Ukupan iznos za otplatu*<\/strong><\/td>\n<td style=\"width: 105.2px; height: 24px;\"><strong>13.856,16<\/strong><\/td>\n<td style=\"width: 117.22px; height: 24px;\"><\/td>\n<\/tr>\n<\/tbody>\n<\/table>\n<p>&nbsp;<\/p>\n<p>*Ukupan iznos za otplatu za klijente uklju\u010duje iznos glavnice kredita, kamatu obra\u010dunatu do dospije\u0107a te mjese\u010dnu naknadu za vo\u0111enje ra\u010duna uz pretpostavku isplate kredita 01.01.<\/p>\n<p>** Status klijenta podrazumijeva da tra\u017eitelj kredita ima redovan teku\u0107i ra\u010dun s priljevom zadnjih 6 pla\u0107a\/mirovina.<\/p>\n<\/div>\r\n\r\n<\/div>\r\n\r\nAKO TE ZANIMA VI\u0160E INFORMACIJA, POPUNI SLJEDE\u0106I OBRAZAC:","protected":false},"excerpt":{"rendered":"<p>Brzo i jednostavno do novca s brzim kreditom za klijente Banke! Brzi kredit Bez tro\u0161ka Javnog bilje\u017enika Bez Zadu\u017enice Bez Izjave o zapljeni po pristanku du\u017enika IZNOS: ROK POVRATA KAMATA [&hellip;]<\/p>","protected":false},"author":14,"featured_media":1352286,"parent":789,"menu_order":1,"comment_status":"closed","ping_status":"closed","template":"page-template-3.php","meta":{"_acf_changed":false,"footnotes":""},"categories":[3],"tags":[],"class_list":["post-1352265","page","type-page","status-publish","has-post-thumbnail","hentry","category-izdvojeno-na-naslovnici"],"acf":[],"yoast_head":"<!-- This site is optimized with the Yoast SEO plugin v25.4 - https:\/\/yoast.com\/wordpress\/plugins\/seo\/ -->\n<title>Brzi kredit - Slatinska Banka<\/title>\n<meta name=\"robots\" content=\"index, follow, max-snippet:-1, max-image-preview:large, max-video-preview:-1\" \/>\n<link rel=\"canonical\" href=\"https:\/\/www.slatinska-banka.hr\/en\/gradani\/krediti-i-financiranja\/gotovinski-krediti\/brzi-kredit\/\" \/>\n<meta property=\"og:locale\" content=\"en_US\" \/>\n<meta property=\"og:type\" content=\"article\" \/>\n<meta property=\"og:title\" content=\"Brzi kredit - Slatinska Banka\" \/>\n<meta property=\"og:description\" content=\"Brzo i jednostavno do novca s brzim kreditom za klijente Banke! Brzi kredit Bez tro\u0161ka Javnog bilje\u017enika Bez Zadu\u017enice Bez Izjave o zapljeni po pristanku du\u017enika IZNOS: ROK POVRATA KAMATA [&hellip;]\" \/>\n<meta property=\"og:url\" content=\"https:\/\/www.slatinska-banka.hr\/en\/gradani\/krediti-i-financiranja\/gotovinski-krediti\/brzi-kredit\/\" \/>\n<meta property=\"og:site_name\" content=\"Slatinska Banka\" \/>\n<meta property=\"article:publisher\" content=\"https:\/\/www.facebook.com\/slatinskabanka\/\" \/>\n<meta property=\"article:modified_time\" content=\"2026-03-05T08:48:00+00:00\" \/>\n<meta property=\"og:image\" content=\"https:\/\/www.slatinska-banka.hr\/wp-content\/uploads\/brzi-kredit-ikona.jpg\" \/>\n\t<meta property=\"og:image:width\" content=\"376\" \/>\n\t<meta property=\"og:image:height\" content=\"372\" \/>\n\t<meta property=\"og:image:type\" content=\"image\/jpeg\" \/>\n<meta name=\"twitter:card\" content=\"summary_large_image\" \/>\n<meta name=\"twitter:label1\" content=\"Est. reading time\" \/>\n\t<meta name=\"twitter:data1\" content=\"2 minutes\" \/>\n<script type=\"application\/ld+json\" class=\"yoast-schema-graph\">{\"@context\":\"https:\/\/schema.org\",\"@graph\":[{\"@type\":\"WebPage\",\"@id\":\"https:\/\/www.slatinska-banka.hr\/gradani\/krediti-i-financiranja\/gotovinski-krediti\/brzi-kredit\/\",\"url\":\"https:\/\/www.slatinska-banka.hr\/gradani\/krediti-i-financiranja\/gotovinski-krediti\/brzi-kredit\/\",\"name\":\"Brzi kredit - Slatinska Banka\",\"isPartOf\":{\"@id\":\"https:\/\/www.slatinska-banka.hr\/#website\"},\"primaryImageOfPage\":{\"@id\":\"https:\/\/www.slatinska-banka.hr\/gradani\/krediti-i-financiranja\/gotovinski-krediti\/brzi-kredit\/#primaryimage\"},\"image\":{\"@id\":\"https:\/\/www.slatinska-banka.hr\/gradani\/krediti-i-financiranja\/gotovinski-krediti\/brzi-kredit\/#primaryimage\"},\"thumbnailUrl\":\"https:\/\/www.slatinska-banka.hr\/wp-content\/uploads\/brzi-kredit-ikona.jpg\",\"datePublished\":\"2024-04-16T12:54:00+00:00\",\"dateModified\":\"2026-03-05T08:48:00+00:00\",\"breadcrumb\":{\"@id\":\"https:\/\/www.slatinska-banka.hr\/gradani\/krediti-i-financiranja\/gotovinski-krediti\/brzi-kredit\/#breadcrumb\"},\"inLanguage\":\"en-US\",\"potentialAction\":[{\"@type\":\"ReadAction\",\"target\":[\"https:\/\/www.slatinska-banka.hr\/gradani\/krediti-i-financiranja\/gotovinski-krediti\/brzi-kredit\/\"]}]},{\"@type\":\"ImageObject\",\"inLanguage\":\"en-US\",\"@id\":\"https:\/\/www.slatinska-banka.hr\/gradani\/krediti-i-financiranja\/gotovinski-krediti\/brzi-kredit\/#primaryimage\",\"url\":\"https:\/\/www.slatinska-banka.hr\/wp-content\/uploads\/brzi-kredit-ikona.jpg\",\"contentUrl\":\"https:\/\/www.slatinska-banka.hr\/wp-content\/uploads\/brzi-kredit-ikona.jpg\",\"width\":376,\"height\":372},{\"@type\":\"BreadcrumbList\",\"@id\":\"https:\/\/www.slatinska-banka.hr\/gradani\/krediti-i-financiranja\/gotovinski-krediti\/brzi-kredit\/#breadcrumb\",\"itemListElement\":[{\"@type\":\"ListItem\",\"position\":1,\"name\":\"Gra\u0111ani\",\"item\":\"https:\/\/www.slatinska-banka.hr\/gradani\/\"},{\"@type\":\"ListItem\",\"position\":2,\"name\":\"Krediti i financiranja\",\"item\":\"https:\/\/www.slatinska-banka.hr\/gradani\/krediti-i-financiranja\/\"},{\"@type\":\"ListItem\",\"position\":3,\"name\":\"Gotovinski krediti\",\"item\":\"https:\/\/www.slatinska-banka.hr\/gradani\/krediti-i-financiranja\/gotovinski-krediti\/\"},{\"@type\":\"ListItem\",\"position\":4,\"name\":\"Brzi kredit\"}]},{\"@type\":\"WebSite\",\"@id\":\"https:\/\/www.slatinska-banka.hr\/#website\",\"url\":\"https:\/\/www.slatinska-banka.hr\/\",\"name\":\"Slatinska Banka\",\"description\":\"Razlika je u pristupu\",\"publisher\":{\"@id\":\"https:\/\/www.slatinska-banka.hr\/#organization\"},\"potentialAction\":[{\"@type\":\"SearchAction\",\"target\":{\"@type\":\"EntryPoint\",\"urlTemplate\":\"https:\/\/www.slatinska-banka.hr\/?s={search_term_string}\"},\"query-input\":{\"@type\":\"PropertyValueSpecification\",\"valueRequired\":true,\"valueName\":\"search_term_string\"}}],\"inLanguage\":\"en-US\"},{\"@type\":\"Organization\",\"@id\":\"https:\/\/www.slatinska-banka.hr\/#organization\",\"name\":\"Slatinska banka d.d.\",\"url\":\"https:\/\/www.slatinska-banka.hr\/\",\"logo\":{\"@type\":\"ImageObject\",\"inLanguage\":\"en-US\",\"@id\":\"https:\/\/www.slatinska-banka.hr\/#\/schema\/logo\/image\/\",\"url\":\"https:\/\/www.slatinska-banka.hr\/wp-content\/uploads\/2019\/02\/logo_big.png\",\"contentUrl\":\"https:\/\/www.slatinska-banka.hr\/wp-content\/uploads\/2019\/02\/logo_big.png\",\"width\":302,\"height\":244,\"caption\":\"Slatinska banka d.d.\"},\"image\":{\"@id\":\"https:\/\/www.slatinska-banka.hr\/#\/schema\/logo\/image\/\"},\"sameAs\":[\"https:\/\/www.facebook.com\/slatinskabanka\/\",\"https:\/\/www.linkedin.com\/company\/slatinska-banka-dd\"]}]}<\/script>\n<!-- \/ Yoast SEO plugin. -->","yoast_head_json":{"title":"Brzi kredit - Slatinska Banka","robots":{"index":"index","follow":"follow","max-snippet":"max-snippet:-1","max-image-preview":"max-image-preview:large","max-video-preview":"max-video-preview:-1"},"canonical":"https:\/\/www.slatinska-banka.hr\/en\/gradani\/krediti-i-financiranja\/gotovinski-krediti\/brzi-kredit\/","og_locale":"en_US","og_type":"article","og_title":"Brzi kredit - Slatinska Banka","og_description":"Brzo i jednostavno do novca s brzim kreditom za klijente Banke! Brzi kredit Bez tro\u0161ka Javnog bilje\u017enika Bez Zadu\u017enice Bez Izjave o zapljeni po pristanku du\u017enika IZNOS: ROK POVRATA KAMATA [&hellip;]","og_url":"https:\/\/www.slatinska-banka.hr\/en\/gradani\/krediti-i-financiranja\/gotovinski-krediti\/brzi-kredit\/","og_site_name":"Slatinska Banka","article_publisher":"https:\/\/www.facebook.com\/slatinskabanka\/","article_modified_time":"2026-03-05T08:48:00+00:00","og_image":[{"width":376,"height":372,"url":"https:\/\/www.slatinska-banka.hr\/wp-content\/uploads\/brzi-kredit-ikona.jpg","type":"image\/jpeg"}],"twitter_card":"summary_large_image","twitter_misc":{"Est. reading time":"2 minutes"},"schema":{"@context":"https:\/\/schema.org","@graph":[{"@type":"WebPage","@id":"https:\/\/www.slatinska-banka.hr\/gradani\/krediti-i-financiranja\/gotovinski-krediti\/brzi-kredit\/","url":"https:\/\/www.slatinska-banka.hr\/gradani\/krediti-i-financiranja\/gotovinski-krediti\/brzi-kredit\/","name":"Brzi kredit - Slatinska Banka","isPartOf":{"@id":"https:\/\/www.slatinska-banka.hr\/#website"},"primaryImageOfPage":{"@id":"https:\/\/www.slatinska-banka.hr\/gradani\/krediti-i-financiranja\/gotovinski-krediti\/brzi-kredit\/#primaryimage"},"image":{"@id":"https:\/\/www.slatinska-banka.hr\/gradani\/krediti-i-financiranja\/gotovinski-krediti\/brzi-kredit\/#primaryimage"},"thumbnailUrl":"https:\/\/www.slatinska-banka.hr\/wp-content\/uploads\/brzi-kredit-ikona.jpg","datePublished":"2024-04-16T12:54:00+00:00","dateModified":"2026-03-05T08:48:00+00:00","breadcrumb":{"@id":"https:\/\/www.slatinska-banka.hr\/gradani\/krediti-i-financiranja\/gotovinski-krediti\/brzi-kredit\/#breadcrumb"},"inLanguage":"en-US","potentialAction":[{"@type":"ReadAction","target":["https:\/\/www.slatinska-banka.hr\/gradani\/krediti-i-financiranja\/gotovinski-krediti\/brzi-kredit\/"]}]},{"@type":"ImageObject","inLanguage":"en-US","@id":"https:\/\/www.slatinska-banka.hr\/gradani\/krediti-i-financiranja\/gotovinski-krediti\/brzi-kredit\/#primaryimage","url":"https:\/\/www.slatinska-banka.hr\/wp-content\/uploads\/brzi-kredit-ikona.jpg","contentUrl":"https:\/\/www.slatinska-banka.hr\/wp-content\/uploads\/brzi-kredit-ikona.jpg","width":376,"height":372},{"@type":"BreadcrumbList","@id":"https:\/\/www.slatinska-banka.hr\/gradani\/krediti-i-financiranja\/gotovinski-krediti\/brzi-kredit\/#breadcrumb","itemListElement":[{"@type":"ListItem","position":1,"name":"Gra\u0111ani","item":"https:\/\/www.slatinska-banka.hr\/gradani\/"},{"@type":"ListItem","position":2,"name":"Krediti i financiranja","item":"https:\/\/www.slatinska-banka.hr\/gradani\/krediti-i-financiranja\/"},{"@type":"ListItem","position":3,"name":"Gotovinski krediti","item":"https:\/\/www.slatinska-banka.hr\/gradani\/krediti-i-financiranja\/gotovinski-krediti\/"},{"@type":"ListItem","position":4,"name":"Brzi kredit"}]},{"@type":"WebSite","@id":"https:\/\/www.slatinska-banka.hr\/#website","url":"https:\/\/www.slatinska-banka.hr\/","name":"Slatinska Banka","description":"Razlika je u pristupu","publisher":{"@id":"https:\/\/www.slatinska-banka.hr\/#organization"},"potentialAction":[{"@type":"SearchAction","target":{"@type":"EntryPoint","urlTemplate":"https:\/\/www.slatinska-banka.hr\/?s={search_term_string}"},"query-input":{"@type":"PropertyValueSpecification","valueRequired":true,"valueName":"search_term_string"}}],"inLanguage":"en-US"},{"@type":"Organization","@id":"https:\/\/www.slatinska-banka.hr\/#organization","name":"Slatinska banka d.d.","url":"https:\/\/www.slatinska-banka.hr\/","logo":{"@type":"ImageObject","inLanguage":"en-US","@id":"https:\/\/www.slatinska-banka.hr\/#\/schema\/logo\/image\/","url":"https:\/\/www.slatinska-banka.hr\/wp-content\/uploads\/2019\/02\/logo_big.png","contentUrl":"https:\/\/www.slatinska-banka.hr\/wp-content\/uploads\/2019\/02\/logo_big.png","width":302,"height":244,"caption":"Slatinska banka d.d."},"image":{"@id":"https:\/\/www.slatinska-banka.hr\/#\/schema\/logo\/image\/"},"sameAs":["https:\/\/www.facebook.com\/slatinskabanka\/","https:\/\/www.linkedin.com\/company\/slatinska-banka-dd"]}]}},"_links":{"self":[{"href":"https:\/\/www.slatinska-banka.hr\/en\/wp-json\/wp\/v2\/pages\/1352265","targetHints":{"allow":["GET"]}}],"collection":[{"href":"https:\/\/www.slatinska-banka.hr\/en\/wp-json\/wp\/v2\/pages"}],"about":[{"href":"https:\/\/www.slatinska-banka.hr\/en\/wp-json\/wp\/v2\/types\/page"}],"author":[{"embeddable":true,"href":"https:\/\/www.slatinska-banka.hr\/en\/wp-json\/wp\/v2\/users\/14"}],"replies":[{"embeddable":true,"href":"https:\/\/www.slatinska-banka.hr\/en\/wp-json\/wp\/v2\/comments?post=1352265"}],"version-history":[{"count":40,"href":"https:\/\/www.slatinska-banka.hr\/en\/wp-json\/wp\/v2\/pages\/1352265\/revisions"}],"predecessor-version":[{"id":4621366,"href":"https:\/\/www.slatinska-banka.hr\/en\/wp-json\/wp\/v2\/pages\/1352265\/revisions\/4621366"}],"up":[{"embeddable":true,"href":"https:\/\/www.slatinska-banka.hr\/en\/wp-json\/wp\/v2\/pages\/789"}],"wp:featuredmedia":[{"embeddable":true,"href":"https:\/\/www.slatinska-banka.hr\/en\/wp-json\/wp\/v2\/media\/1352286"}],"wp:attachment":[{"href":"https:\/\/www.slatinska-banka.hr\/en\/wp-json\/wp\/v2\/media?parent=1352265"}],"wp:term":[{"taxonomy":"category","embeddable":true,"href":"https:\/\/www.slatinska-banka.hr\/en\/wp-json\/wp\/v2\/categories?post=1352265"},{"taxonomy":"post_tag","embeddable":true,"href":"https:\/\/www.slatinska-banka.hr\/en\/wp-json\/wp\/v2\/tags?post=1352265"}],"curies":[{"name":"wp","href":"https:\/\/api.w.org\/{rel}","templated":true}]}}