{"id":1323,"date":"2019-02-20T14:09:23","date_gmt":"2019-02-20T13:09:23","guid":{"rendered":"http:\/\/www.slatinska-banka.hr\/?page_id=1323"},"modified":"2025-10-09T13:51:52","modified_gmt":"2025-10-09T11:51:52","slug":"transakcijski-racun-gospodarstvo","status":"publish","type":"page","link":"https:\/\/www.slatinska-banka.hr\/en\/poslovni-subjekti\/racuni-i-placanja\/transakcijski-racun-gospodarstvo\/","title":{"rendered":"Transaction account"},"content":{"rendered":"<p class=\"intro\">Manage your liquidity in a simple and easy way because we provide a quality, fast and always available service.<\/p>\r\n<a href=\"https:\/\/www.slatinska-banka.hr\/en\/gradani\/racuni-i-kartice\/kartice\/debitna-kartica\/\"><img loading=\"lazy\" decoding=\"async\" class=\"wp-image-555525 size-medium aligncenter\" src=\"https:\/\/www.slatinska-banka.hr\/wp-content\/uploads\/SLATINSKA-BANKA-VISA-KARTICE-Web-banneri-VISA-BUSINESS-DEBIT-300x297.png\" alt=\"\" width=\"300\" height=\"297\" srcset=\"https:\/\/www.slatinska-banka.hr\/wp-content\/uploads\/SLATINSKA-BANKA-VISA-KARTICE-Web-banneri-VISA-BUSINESS-DEBIT-300x297.png 300w, https:\/\/www.slatinska-banka.hr\/wp-content\/uploads\/SLATINSKA-BANKA-VISA-KARTICE-Web-banneri-VISA-BUSINESS-DEBIT-150x150.png 150w, https:\/\/www.slatinska-banka.hr\/wp-content\/uploads\/SLATINSKA-BANKA-VISA-KARTICE-Web-banneri-VISA-BUSINESS-DEBIT-12x12.png 12w, https:\/\/www.slatinska-banka.hr\/wp-content\/uploads\/SLATINSKA-BANKA-VISA-KARTICE-Web-banneri-VISA-BUSINESS-DEBIT.png 376w\" sizes=\"auto, (max-width: 300px) 100vw, 300px\" \/><\/a>\r\n\r\n&nbsp;\r\n<h4>We know that time is precious, that's why we made it easier for you to open an account.<\/h4>\r\n<p style=\"text-align: center;\"><a class=\"button primary\" href=\"http:\/\/www.slatinska-banka.hr\/en\/transakcijski-racun\/\">REQUEST ONLINE<\/a><\/p>\r\n&nbsp;\r\n\r\n<div class=\"accordeon\">\r\n\r\n<h2><span class=\"naslov\">WHAT DO YOU HAVE BESIDES A BUSINESS ACCOUNT<\/span><\/h2><div><ul>\n<li>Carrying out cash and non-cash transactions at favorable fees<\/li>\n<li>Speed, security and accuracy when sending and receiving interbank payment transactions<\/li>\n<li>Clients account reports on balance and turnover \u2013 the way you choose<\/li>\n<li>Obtaining <a href=\"http:\/\/www.slatinska-banka.hr\/en\/poljoprivreda\/krediti-i-financiranja\/priprema-sjetve\/okvirni-krediti\/\">a loan on demand<\/a><\/li>\n<li>Izdavanje Visa business debit kartice<\/li>\n<li>Izdavanje Visa business credit kartice<\/li>\n<\/ul>\n<\/div><\/div>\r\n\r\n&nbsp;\r\n\r\n&nbsp;\r\n<h4>Pogledaj koje su ti dodatne mogu\u0107nosti na raspolaganju uz poslovni ra\u010dun.<\/h4>\r\n<p style=\"text-align: center;\"><a class=\"button primary\" href=\"http:\/\/www.slatinska-banka.hr\/en\/poljoprivreda\/racuni-i-placanja\/online-bankarstvo\/sms-usluga\/\">Additional services<\/a><\/p>\r\n&nbsp;\r\n\r\n<div class=\"accordeon\"><h2><span class=\"naslov\">Nacionalni platni promet<\/span><\/h2><div><ul>\n<li>Non-cash payment includes:\n<ul>\n<li>Internal and external payments<\/li>\n<li>Various options for submitting a payment order:<\/li>\n<\/ul>\n<\/li>\n<\/ul>\n<ul>\n<li style=\"list-style-type: none;\">\n<ul>\n<li style=\"list-style-type: none;\">\n<ul style=\"list-style-type: square;\">\n<li>By submitting an order in the Bank's branches,<\/li>\n<li>By submitting an order at FINA branches<\/li>\n<li>By using IB Internet banking, 24 hours a day, 7 days a week<\/li>\n<li>By using the Mobile application, 24 hours a day, 7 days a week<\/li>\n<\/ul>\n<\/li>\n<\/ul>\n<\/li>\n<li>Cash payments can be made:\n<ul>\n<li>At the Bank's counters<\/li>\n<li>Through the Bank's day-night vaults, 24 hours a day, 7 days a week<\/li>\n<li>Through FINA<\/li>\n<\/ul>\n<\/li>\n<\/ul>\n<\/div>\r\n\r\n<h2><span class=\"naslov\">INTERNATIONAL PAYMENT TRANSACTIONS<\/span><\/h2><div><p>Fast, safe and cheap service:<\/p>\n<ul>\n<li><a href=\"http:\/\/www.slatinska-banka.hr\/en\/naplate-iz-inozemstva\/\">collections from abroad<\/a> (inflows)<\/li>\n<li><a href=\"http:\/\/www.slatinska-banka.hr\/en\/placanje-u-inozemstvo\/\">payments abroad<\/a> (remittances)<\/li>\n<li>documentary business (nostro and loro documentary letters of credit, collection of commodity documents, collection of bills of exchange, and other financial documents)<\/li>\n<\/ul>\n<p>Internationa payments include the following businesses:<\/p>\n<ul>\n<li>Documentary billing<\/li>\n<li>Documentary letters of credit<\/li>\n<li>Foreign currency exchange<\/li>\n<li>Foreign exchange guarantees - nostro\/loro<\/li>\n<li>Other services related to international payments and foreign exchange operations<\/li>\n<\/ul>\n<p><a href=\"\/en\/kontokorenti\/\">Overdrafts<\/a><\/p>\n<\/div>\r\n\r\n<h2><span class=\"naslov\">Terminski plan podno\u0161enja naloga<\/span><\/h2><div><p><a href=\"\/wp-content\/uploads\/Terminski_plan_primitka-i_izvr\u0161enja_platnih_naloga_klijenata_Banke_u_platnom_prometu_u_zemlji_v.7.00.pdf\">Terminski plan izvr\u0161enja platnih naloga u platnom prometu u zemlji<\/a><\/p>\n<p><a href=\"\/wp-content\/uploads\/Terminski_plan_primitka_i_izvr\u0161enja_deviznih_platnih_naloga_klijenata_Banke_v.6.00.pdf\">Terminski plan izvr\u0161enja deviznih platnih naloga klijenata Banke<\/a><\/p>\n<\/div>\r\n\r\n<h2><span class=\"naslov\">SEPA PAYMENTS<\/span><\/h2><div><p style=\"text-align: justify;\" class=\"translation-block\">For all questions and complaints related to card business, the contact phone number is 033 637 026 during working hours, for loss or theft of a card that occurs after working hours you must contact the EGCP network at  01 3078 699. The deadline for submitting complaints is 30 days from the date of the transaction by written notification of the current account owner<\/p>\n<\/div>\r\n\r\n<h2><span class=\"naslov\">Dokumentacija<\/span><\/h2><div><p><a href=\"https:\/\/www.slatinska-banka.hr\/wp-content\/uploads\/Zahtjev-za-otvaranje-transakcijskog-racuna-_-rujan-2025_-v.1.2.-F.pdf\">Zahtjev za otvaranje transakcijskog ra\u010duna rujan 2025<\/a><\/p>\n<p><a href=\"https:\/\/www.slatinska-banka.hr\/wp-content\/uploads\/Prijava-potpisa_sijecanj_2024_v2.02.pdf\">Prijava potpisa<\/a><\/p>\n<p><a href=\"https:\/\/www.slatinska-banka.hr\/wp-content\/uploads\/Ugovor-o-otvaranju-transakcijskog-racuna_sijecanj_2024_v-1.1.pdf\">Ugovor o otvaranju transakcijskog ra\u010duna<\/a><\/p>\n<p><a href=\"https:\/\/www.slatinska-banka.hr\/wp-content\/uploads\/INFORMATIVNI-PREDLOZAK-ZA-DEPONENTE_primjena20230101-2.pdf\">Informativni predlo\u017eak za deponente<\/a><\/p>\n<p><a href=\"https:\/\/www.slatinska-banka.hr\/wp-content\/uploads\/Upitnik-za-politicki-izlozene-osobe-v2_00.pdf\">Upitnik za politi\u010dki izlo\u017eene osobe\u00a0<\/a><\/p>\n<\/div>\r\n\r\n<\/div>","protected":false},"excerpt":{"rendered":"<p>Jednostavno i lako upravljaj svojom likvidno\u0161\u0107u jer smo ti osigurali kvalitetnu, brzu i uvijek dostupnu uslugu &nbsp; Znamo da je vrijeme dragocjeno, zato smo ti olak\u0161ali mogu\u0107nost otvaranja ra\u010duna Zatra\u017ei [&hellip;]<\/p>","protected":false},"author":14,"featured_media":555525,"parent":30,"menu_order":0,"comment_status":"closed","ping_status":"closed","template":"page-template-3.php","meta":{"_acf_changed":false,"footnotes":""},"categories":[],"tags":[],"class_list":["post-1323","page","type-page","status-publish","has-post-thumbnail","hentry"],"acf":[],"yoast_head":"<!-- This site is optimized with the Yoast SEO plugin v25.4 - https:\/\/yoast.com\/wordpress\/plugins\/seo\/ -->\n<title>Transakcijski ra\u010dun - Slatinska Banka<\/title>\n<meta name=\"robots\" content=\"index, follow, max-snippet:-1, max-image-preview:large, max-video-preview:-1\" \/>\n<link rel=\"canonical\" href=\"https:\/\/www.slatinska-banka.hr\/en\/poslovni-subjekti\/racuni-i-placanja\/transakcijski-racun-gospodarstvo\/\" \/>\n<meta property=\"og:locale\" content=\"en_US\" \/>\n<meta property=\"og:type\" content=\"article\" \/>\n<meta property=\"og:title\" content=\"Transakcijski ra\u010dun - Slatinska Banka\" \/>\n<meta property=\"og:description\" content=\"Jednostavno i lako upravljaj svojom likvidno\u0161\u0107u jer smo ti osigurali kvalitetnu, brzu i uvijek dostupnu uslugu &nbsp; Znamo da je vrijeme dragocjeno, zato smo ti olak\u0161ali mogu\u0107nost otvaranja ra\u010duna Zatra\u017ei [&hellip;]\" \/>\n<meta property=\"og:url\" content=\"https:\/\/www.slatinska-banka.hr\/en\/poslovni-subjekti\/racuni-i-placanja\/transakcijski-racun-gospodarstvo\/\" \/>\n<meta property=\"og:site_name\" content=\"Slatinska Banka\" \/>\n<meta property=\"article:publisher\" content=\"https:\/\/www.facebook.com\/slatinskabanka\/\" \/>\n<meta property=\"article:modified_time\" content=\"2025-10-09T11:51:52+00:00\" \/>\n<meta property=\"og:image\" content=\"https:\/\/www.slatinska-banka.hr\/wp-content\/uploads\/SLATINSKA-BANKA-VISA-KARTICE-Web-banneri-VISA-BUSINESS-DEBIT.png\" \/>\n\t<meta property=\"og:image:width\" content=\"376\" \/>\n\t<meta property=\"og:image:height\" content=\"372\" \/>\n\t<meta property=\"og:image:type\" content=\"image\/png\" \/>\n<meta name=\"twitter:card\" content=\"summary_large_image\" \/>\n<meta name=\"twitter:label1\" content=\"Est. reading time\" \/>\n\t<meta name=\"twitter:data1\" content=\"2 minutes\" \/>\n<script type=\"application\/ld+json\" class=\"yoast-schema-graph\">{\"@context\":\"https:\/\/schema.org\",\"@graph\":[{\"@type\":\"WebPage\",\"@id\":\"https:\/\/www.slatinska-banka.hr\/poslovni-subjekti\/racuni-i-placanja\/transakcijski-racun-gospodarstvo\/\",\"url\":\"https:\/\/www.slatinska-banka.hr\/poslovni-subjekti\/racuni-i-placanja\/transakcijski-racun-gospodarstvo\/\",\"name\":\"Transakcijski ra\u010dun - Slatinska Banka\",\"isPartOf\":{\"@id\":\"https:\/\/www.slatinska-banka.hr\/#website\"},\"primaryImageOfPage\":{\"@id\":\"https:\/\/www.slatinska-banka.hr\/poslovni-subjekti\/racuni-i-placanja\/transakcijski-racun-gospodarstvo\/#primaryimage\"},\"image\":{\"@id\":\"https:\/\/www.slatinska-banka.hr\/poslovni-subjekti\/racuni-i-placanja\/transakcijski-racun-gospodarstvo\/#primaryimage\"},\"thumbnailUrl\":\"https:\/\/www.slatinska-banka.hr\/wp-content\/uploads\/SLATINSKA-BANKA-VISA-KARTICE-Web-banneri-VISA-BUSINESS-DEBIT.png\",\"datePublished\":\"2019-02-20T13:09:23+00:00\",\"dateModified\":\"2025-10-09T11:51:52+00:00\",\"breadcrumb\":{\"@id\":\"https:\/\/www.slatinska-banka.hr\/poslovni-subjekti\/racuni-i-placanja\/transakcijski-racun-gospodarstvo\/#breadcrumb\"},\"inLanguage\":\"en-US\",\"potentialAction\":[{\"@type\":\"ReadAction\",\"target\":[\"https:\/\/www.slatinska-banka.hr\/poslovni-subjekti\/racuni-i-placanja\/transakcijski-racun-gospodarstvo\/\"]}]},{\"@type\":\"ImageObject\",\"inLanguage\":\"en-US\",\"@id\":\"https:\/\/www.slatinska-banka.hr\/poslovni-subjekti\/racuni-i-placanja\/transakcijski-racun-gospodarstvo\/#primaryimage\",\"url\":\"https:\/\/www.slatinska-banka.hr\/wp-content\/uploads\/SLATINSKA-BANKA-VISA-KARTICE-Web-banneri-VISA-BUSINESS-DEBIT.png\",\"contentUrl\":\"https:\/\/www.slatinska-banka.hr\/wp-content\/uploads\/SLATINSKA-BANKA-VISA-KARTICE-Web-banneri-VISA-BUSINESS-DEBIT.png\",\"width\":376,\"height\":372},{\"@type\":\"BreadcrumbList\",\"@id\":\"https:\/\/www.slatinska-banka.hr\/poslovni-subjekti\/racuni-i-placanja\/transakcijski-racun-gospodarstvo\/#breadcrumb\",\"itemListElement\":[{\"@type\":\"ListItem\",\"position\":1,\"name\":\"Poslovni subjekti\",\"item\":\"https:\/\/www.slatinska-banka.hr\/poslovni-subjekti\/\"},{\"@type\":\"ListItem\",\"position\":2,\"name\":\"Ra\u010duni i pla\u0107anja\",\"item\":\"https:\/\/www.slatinska-banka.hr\/poslovni-subjekti\/racuni-i-placanja\/\"},{\"@type\":\"ListItem\",\"position\":3,\"name\":\"Transakcijski ra\u010dun\"}]},{\"@type\":\"WebSite\",\"@id\":\"https:\/\/www.slatinska-banka.hr\/#website\",\"url\":\"https:\/\/www.slatinska-banka.hr\/\",\"name\":\"Slatinska Banka\",\"description\":\"Razlika je u pristupu\",\"publisher\":{\"@id\":\"https:\/\/www.slatinska-banka.hr\/#organization\"},\"potentialAction\":[{\"@type\":\"SearchAction\",\"target\":{\"@type\":\"EntryPoint\",\"urlTemplate\":\"https:\/\/www.slatinska-banka.hr\/?s={search_term_string}\"},\"query-input\":{\"@type\":\"PropertyValueSpecification\",\"valueRequired\":true,\"valueName\":\"search_term_string\"}}],\"inLanguage\":\"en-US\"},{\"@type\":\"Organization\",\"@id\":\"https:\/\/www.slatinska-banka.hr\/#organization\",\"name\":\"Slatinska banka d.d.\",\"url\":\"https:\/\/www.slatinska-banka.hr\/\",\"logo\":{\"@type\":\"ImageObject\",\"inLanguage\":\"en-US\",\"@id\":\"https:\/\/www.slatinska-banka.hr\/#\/schema\/logo\/image\/\",\"url\":\"https:\/\/www.slatinska-banka.hr\/wp-content\/uploads\/2019\/02\/logo_big.png\",\"contentUrl\":\"https:\/\/www.slatinska-banka.hr\/wp-content\/uploads\/2019\/02\/logo_big.png\",\"width\":302,\"height\":244,\"caption\":\"Slatinska banka d.d.\"},\"image\":{\"@id\":\"https:\/\/www.slatinska-banka.hr\/#\/schema\/logo\/image\/\"},\"sameAs\":[\"https:\/\/www.facebook.com\/slatinskabanka\/\",\"https:\/\/www.linkedin.com\/company\/slatinska-banka-dd\"]}]}<\/script>\n<!-- \/ Yoast SEO plugin. -->","yoast_head_json":{"title":"Transakcijski ra\u010dun - Slatinska Banka","robots":{"index":"index","follow":"follow","max-snippet":"max-snippet:-1","max-image-preview":"max-image-preview:large","max-video-preview":"max-video-preview:-1"},"canonical":"https:\/\/www.slatinska-banka.hr\/en\/poslovni-subjekti\/racuni-i-placanja\/transakcijski-racun-gospodarstvo\/","og_locale":"en_US","og_type":"article","og_title":"Transakcijski ra\u010dun - Slatinska Banka","og_description":"Jednostavno i lako upravljaj svojom likvidno\u0161\u0107u jer smo ti osigurali kvalitetnu, brzu i uvijek dostupnu uslugu &nbsp; Znamo da je vrijeme dragocjeno, zato smo ti olak\u0161ali mogu\u0107nost otvaranja ra\u010duna Zatra\u017ei [&hellip;]","og_url":"https:\/\/www.slatinska-banka.hr\/en\/poslovni-subjekti\/racuni-i-placanja\/transakcijski-racun-gospodarstvo\/","og_site_name":"Slatinska Banka","article_publisher":"https:\/\/www.facebook.com\/slatinskabanka\/","article_modified_time":"2025-10-09T11:51:52+00:00","og_image":[{"width":376,"height":372,"url":"https:\/\/www.slatinska-banka.hr\/wp-content\/uploads\/SLATINSKA-BANKA-VISA-KARTICE-Web-banneri-VISA-BUSINESS-DEBIT.png","type":"image\/png"}],"twitter_card":"summary_large_image","twitter_misc":{"Est. reading time":"2 minutes"},"schema":{"@context":"https:\/\/schema.org","@graph":[{"@type":"WebPage","@id":"https:\/\/www.slatinska-banka.hr\/poslovni-subjekti\/racuni-i-placanja\/transakcijski-racun-gospodarstvo\/","url":"https:\/\/www.slatinska-banka.hr\/poslovni-subjekti\/racuni-i-placanja\/transakcijski-racun-gospodarstvo\/","name":"Transakcijski ra\u010dun - Slatinska Banka","isPartOf":{"@id":"https:\/\/www.slatinska-banka.hr\/#website"},"primaryImageOfPage":{"@id":"https:\/\/www.slatinska-banka.hr\/poslovni-subjekti\/racuni-i-placanja\/transakcijski-racun-gospodarstvo\/#primaryimage"},"image":{"@id":"https:\/\/www.slatinska-banka.hr\/poslovni-subjekti\/racuni-i-placanja\/transakcijski-racun-gospodarstvo\/#primaryimage"},"thumbnailUrl":"https:\/\/www.slatinska-banka.hr\/wp-content\/uploads\/SLATINSKA-BANKA-VISA-KARTICE-Web-banneri-VISA-BUSINESS-DEBIT.png","datePublished":"2019-02-20T13:09:23+00:00","dateModified":"2025-10-09T11:51:52+00:00","breadcrumb":{"@id":"https:\/\/www.slatinska-banka.hr\/poslovni-subjekti\/racuni-i-placanja\/transakcijski-racun-gospodarstvo\/#breadcrumb"},"inLanguage":"en-US","potentialAction":[{"@type":"ReadAction","target":["https:\/\/www.slatinska-banka.hr\/poslovni-subjekti\/racuni-i-placanja\/transakcijski-racun-gospodarstvo\/"]}]},{"@type":"ImageObject","inLanguage":"en-US","@id":"https:\/\/www.slatinska-banka.hr\/poslovni-subjekti\/racuni-i-placanja\/transakcijski-racun-gospodarstvo\/#primaryimage","url":"https:\/\/www.slatinska-banka.hr\/wp-content\/uploads\/SLATINSKA-BANKA-VISA-KARTICE-Web-banneri-VISA-BUSINESS-DEBIT.png","contentUrl":"https:\/\/www.slatinska-banka.hr\/wp-content\/uploads\/SLATINSKA-BANKA-VISA-KARTICE-Web-banneri-VISA-BUSINESS-DEBIT.png","width":376,"height":372},{"@type":"BreadcrumbList","@id":"https:\/\/www.slatinska-banka.hr\/poslovni-subjekti\/racuni-i-placanja\/transakcijski-racun-gospodarstvo\/#breadcrumb","itemListElement":[{"@type":"ListItem","position":1,"name":"Poslovni subjekti","item":"https:\/\/www.slatinska-banka.hr\/poslovni-subjekti\/"},{"@type":"ListItem","position":2,"name":"Ra\u010duni i pla\u0107anja","item":"https:\/\/www.slatinska-banka.hr\/poslovni-subjekti\/racuni-i-placanja\/"},{"@type":"ListItem","position":3,"name":"Transakcijski ra\u010dun"}]},{"@type":"WebSite","@id":"https:\/\/www.slatinska-banka.hr\/#website","url":"https:\/\/www.slatinska-banka.hr\/","name":"Slatinska Banka","description":"Razlika je u pristupu","publisher":{"@id":"https:\/\/www.slatinska-banka.hr\/#organization"},"potentialAction":[{"@type":"SearchAction","target":{"@type":"EntryPoint","urlTemplate":"https:\/\/www.slatinska-banka.hr\/?s={search_term_string}"},"query-input":{"@type":"PropertyValueSpecification","valueRequired":true,"valueName":"search_term_string"}}],"inLanguage":"en-US"},{"@type":"Organization","@id":"https:\/\/www.slatinska-banka.hr\/#organization","name":"Slatinska banka d.d.","url":"https:\/\/www.slatinska-banka.hr\/","logo":{"@type":"ImageObject","inLanguage":"en-US","@id":"https:\/\/www.slatinska-banka.hr\/#\/schema\/logo\/image\/","url":"https:\/\/www.slatinska-banka.hr\/wp-content\/uploads\/2019\/02\/logo_big.png","contentUrl":"https:\/\/www.slatinska-banka.hr\/wp-content\/uploads\/2019\/02\/logo_big.png","width":302,"height":244,"caption":"Slatinska banka d.d."},"image":{"@id":"https:\/\/www.slatinska-banka.hr\/#\/schema\/logo\/image\/"},"sameAs":["https:\/\/www.facebook.com\/slatinskabanka\/","https:\/\/www.linkedin.com\/company\/slatinska-banka-dd"]}]}},"_links":{"self":[{"href":"https:\/\/www.slatinska-banka.hr\/en\/wp-json\/wp\/v2\/pages\/1323","targetHints":{"allow":["GET"]}}],"collection":[{"href":"https:\/\/www.slatinska-banka.hr\/en\/wp-json\/wp\/v2\/pages"}],"about":[{"href":"https:\/\/www.slatinska-banka.hr\/en\/wp-json\/wp\/v2\/types\/page"}],"author":[{"embeddable":true,"href":"https:\/\/www.slatinska-banka.hr\/en\/wp-json\/wp\/v2\/users\/14"}],"replies":[{"embeddable":true,"href":"https:\/\/www.slatinska-banka.hr\/en\/wp-json\/wp\/v2\/comments?post=1323"}],"version-history":[{"count":14,"href":"https:\/\/www.slatinska-banka.hr\/en\/wp-json\/wp\/v2\/pages\/1323\/revisions"}],"predecessor-version":[{"id":4112282,"href":"https:\/\/www.slatinska-banka.hr\/en\/wp-json\/wp\/v2\/pages\/1323\/revisions\/4112282"}],"up":[{"embeddable":true,"href":"https:\/\/www.slatinska-banka.hr\/en\/wp-json\/wp\/v2\/pages\/30"}],"wp:featuredmedia":[{"embeddable":true,"href":"https:\/\/www.slatinska-banka.hr\/en\/wp-json\/wp\/v2\/media\/555525"}],"wp:attachment":[{"href":"https:\/\/www.slatinska-banka.hr\/en\/wp-json\/wp\/v2\/media?parent=1323"}],"wp:term":[{"taxonomy":"category","embeddable":true,"href":"https:\/\/www.slatinska-banka.hr\/en\/wp-json\/wp\/v2\/categories?post=1323"},{"taxonomy":"post_tag","embeddable":true,"href":"https:\/\/www.slatinska-banka.hr\/en\/wp-json\/wp\/v2\/tags?post=1323"}],"curies":[{"name":"wp","href":"https:\/\/api.w.org\/{rel}","templated":true}]}}