{"id":1293,"date":"2019-02-19T18:32:27","date_gmt":"2019-02-19T17:32:27","guid":{"rendered":"http:\/\/www.slatinska-banka.hr\/?page_id=1293"},"modified":"2025-11-07T14:17:17","modified_gmt":"2025-11-07T13:17:17","slug":"tehnicka-podrska","status":"publish","type":"page","link":"https:\/\/www.slatinska-banka.hr\/en\/tehnicka-podrska\/","title":{"rendered":"Technical support"},"content":{"rendered":"<a href=\"https:\/\/www.slatinska-banka.hr\/en\/poteskoce-s-prijavom-u-internet-bankarstvo\/\">Obavijest: Pote\u0161ko\u0107e sa prijavom u Internet bankarstvo<\/a>\r\n\r\n&nbsp;\r\n<p class=\"big\">Ima\u0161 pitanja ili pote\u0161ko\u0107a vezana za Online bankarstvo?<\/p>\r\n<p class=\"big\">Slobodno nam se javi!<\/p>\r\n\r\n<table style=\"border-collapse: collapse; width: 39.9112%;\">\r\n<tbody>\r\n<tr>\r\n<td style=\"width: 100%;\">033\/637-072<\/td>\r\n<\/tr>\r\n<tr>\r\n<td style=\"width: 100%;\">033\/637-071<\/td>\r\n<\/tr>\r\n<tr>\r\n<td style=\"width: 100%;\"><\/td>\r\n<\/tr>\r\n<\/tbody>\r\n<\/table>\r\n&nbsp;\r\n\r\n<a href=\"https:\/\/get.teamviewer.com\/6xawcug\">\r\n<img loading=\"lazy\" decoding=\"async\" class=\"aligncenter wp-image-1294 size-full\" src=\"http:\/\/www.slatinska-banka.hr\/wp-content\/uploads\/2019\/02\/teamviewer.png\" alt=\"\" width=\"200\" height=\"125\" \/>\r\n<\/a>\r\n\r\n&nbsp;\r\n\r\n<div class=\"accordeon\">\r\n\r\n<h2><span class=\"naslov\">Internet bankarstvo - podr\u0161ka<\/span><\/h2><div><p><a href=\"https:\/\/www.slatinska-banka.hr\/wp-content\/uploads\/prog_podrska_gemalto_thales.zip\">Programska podr\u0161ka za USB Gemalto\/Thales<\/a><\/p>\n<p><a href=\"https:\/\/www.slatinska-banka.hr\/wp-content\/uploads\/programska_podrska_athena-1.zip\">Programska podr\u0161ka za USB Athena<\/a><\/p>\n<p><a href=\"https:\/\/www.slatinska-banka.hr\/wp-content\/uploads\/slbanka_signergy2.zip\">Signergy desktop aplikacija &#8211; 22.10.2025.<\/a><\/p>\n<p><a href=\"https:\/\/www.slatinska-banka.hr\/wp-content\/uploads\/SLB_Upute_za_koristenje_SignErgy_aplikacije_07.11.2025.pdf\">Uputa za instalaciju Signergy desktop aplikacije<\/a><\/p>\n<\/div>\r\n\r\n<\/div>","protected":false},"excerpt":{"rendered":"<p>Obavijest: Pote\u0161ko\u0107e sa prijavom u Internet bankarstvo &nbsp; Ima\u0161 pitanja ili pote\u0161ko\u0107a vezana za Online bankarstvo? Slobodno nam se javi! 033\/637-072 033\/637-071 &nbsp; &nbsp;<\/p>","protected":false},"author":14,"featured_media":1298,"parent":0,"menu_order":0,"comment_status":"closed","ping_status":"closed","template":"","meta":{"_acf_changed":false,"footnotes":""},"categories":[1],"tags":[],"class_list":["post-1293","page","type-page","status-publish","has-post-thumbnail","hentry","category-nekategorizirano"],"acf":[],"yoast_head":"<!-- This site is optimized with the Yoast SEO plugin v25.4 - https:\/\/yoast.com\/wordpress\/plugins\/seo\/ -->\n<title>Tehni\u010dka podr\u0161ka - Slatinska Banka<\/title>\n<meta name=\"robots\" content=\"index, follow, max-snippet:-1, max-image-preview:large, max-video-preview:-1\" \/>\n<link rel=\"canonical\" href=\"https:\/\/www.slatinska-banka.hr\/en\/tehnicka-podrska\/\" \/>\n<meta property=\"og:locale\" content=\"en_US\" \/>\n<meta property=\"og:type\" content=\"article\" \/>\n<meta property=\"og:title\" content=\"Tehni\u010dka podr\u0161ka - Slatinska Banka\" \/>\n<meta property=\"og:description\" content=\"Obavijest: Pote\u0161ko\u0107e sa prijavom u Internet bankarstvo &nbsp; Ima\u0161 pitanja ili pote\u0161ko\u0107a vezana za Online bankarstvo? Slobodno nam se javi! 033\/637-072 033\/637-071 &nbsp; &nbsp;\" \/>\n<meta property=\"og:url\" content=\"https:\/\/www.slatinska-banka.hr\/en\/tehnicka-podrska\/\" \/>\n<meta property=\"og:site_name\" content=\"Slatinska Banka\" \/>\n<meta property=\"article:publisher\" content=\"https:\/\/www.facebook.com\/slatinskabanka\/\" \/>\n<meta property=\"article:modified_time\" content=\"2025-11-07T13:17:17+00:00\" \/>\n<meta property=\"og:image\" content=\"https:\/\/www.slatinska-banka.hr\/wp-content\/uploads\/2019\/02\/ITsupport-e1550598131767.jpg\" \/>\n\t<meta property=\"og:image:width\" content=\"1174\" \/>\n\t<meta property=\"og:image:height\" content=\"366\" \/>\n\t<meta property=\"og:image:type\" content=\"image\/jpeg\" \/>\n<meta name=\"twitter:card\" content=\"summary_large_image\" \/>\n<meta name=\"twitter:label1\" content=\"Est. reading time\" \/>\n\t<meta name=\"twitter:data1\" content=\"1 minute\" \/>\n<script type=\"application\/ld+json\" class=\"yoast-schema-graph\">{\"@context\":\"https:\/\/schema.org\",\"@graph\":[{\"@type\":\"WebPage\",\"@id\":\"https:\/\/www.slatinska-banka.hr\/tehnicka-podrska\/\",\"url\":\"https:\/\/www.slatinska-banka.hr\/tehnicka-podrska\/\",\"name\":\"Tehni\u010dka podr\u0161ka - Slatinska Banka\",\"isPartOf\":{\"@id\":\"https:\/\/www.slatinska-banka.hr\/#website\"},\"primaryImageOfPage\":{\"@id\":\"https:\/\/www.slatinska-banka.hr\/tehnicka-podrska\/#primaryimage\"},\"image\":{\"@id\":\"https:\/\/www.slatinska-banka.hr\/tehnicka-podrska\/#primaryimage\"},\"thumbnailUrl\":\"https:\/\/www.slatinska-banka.hr\/wp-content\/uploads\/2019\/02\/ITsupport-e1550598131767.jpg\",\"datePublished\":\"2019-02-19T17:32:27+00:00\",\"dateModified\":\"2025-11-07T13:17:17+00:00\",\"inLanguage\":\"en-US\",\"potentialAction\":[{\"@type\":\"ReadAction\",\"target\":[\"https:\/\/www.slatinska-banka.hr\/tehnicka-podrska\/\"]}]},{\"@type\":\"ImageObject\",\"inLanguage\":\"en-US\",\"@id\":\"https:\/\/www.slatinska-banka.hr\/tehnicka-podrska\/#primaryimage\",\"url\":\"https:\/\/www.slatinska-banka.hr\/wp-content\/uploads\/2019\/02\/ITsupport-e1550598131767.jpg\",\"contentUrl\":\"https:\/\/www.slatinska-banka.hr\/wp-content\/uploads\/2019\/02\/ITsupport-e1550598131767.jpg\",\"width\":1174,\"height\":366},{\"@type\":\"WebSite\",\"@id\":\"https:\/\/www.slatinska-banka.hr\/#website\",\"url\":\"https:\/\/www.slatinska-banka.hr\/\",\"name\":\"Slatinska Banka\",\"description\":\"Razlika je u pristupu\",\"publisher\":{\"@id\":\"https:\/\/www.slatinska-banka.hr\/#organization\"},\"potentialAction\":[{\"@type\":\"SearchAction\",\"target\":{\"@type\":\"EntryPoint\",\"urlTemplate\":\"https:\/\/www.slatinska-banka.hr\/?s={search_term_string}\"},\"query-input\":{\"@type\":\"PropertyValueSpecification\",\"valueRequired\":true,\"valueName\":\"search_term_string\"}}],\"inLanguage\":\"en-US\"},{\"@type\":\"Organization\",\"@id\":\"https:\/\/www.slatinska-banka.hr\/#organization\",\"name\":\"Slatinska banka d.d.\",\"url\":\"https:\/\/www.slatinska-banka.hr\/\",\"logo\":{\"@type\":\"ImageObject\",\"inLanguage\":\"en-US\",\"@id\":\"https:\/\/www.slatinska-banka.hr\/#\/schema\/logo\/image\/\",\"url\":\"https:\/\/www.slatinska-banka.hr\/wp-content\/uploads\/2019\/02\/logo_big.png\",\"contentUrl\":\"https:\/\/www.slatinska-banka.hr\/wp-content\/uploads\/2019\/02\/logo_big.png\",\"width\":302,\"height\":244,\"caption\":\"Slatinska banka d.d.\"},\"image\":{\"@id\":\"https:\/\/www.slatinska-banka.hr\/#\/schema\/logo\/image\/\"},\"sameAs\":[\"https:\/\/www.facebook.com\/slatinskabanka\/\",\"https:\/\/www.linkedin.com\/company\/slatinska-banka-dd\"]}]}<\/script>\n<!-- \/ Yoast SEO plugin. -->","yoast_head_json":{"title":"Tehni\u010dka podr\u0161ka - Slatinska Banka","robots":{"index":"index","follow":"follow","max-snippet":"max-snippet:-1","max-image-preview":"max-image-preview:large","max-video-preview":"max-video-preview:-1"},"canonical":"https:\/\/www.slatinska-banka.hr\/en\/tehnicka-podrska\/","og_locale":"en_US","og_type":"article","og_title":"Tehni\u010dka podr\u0161ka - Slatinska Banka","og_description":"Obavijest: Pote\u0161ko\u0107e sa prijavom u Internet bankarstvo &nbsp; Ima\u0161 pitanja ili pote\u0161ko\u0107a vezana za Online bankarstvo? Slobodno nam se javi! 033\/637-072 033\/637-071 &nbsp; &nbsp;","og_url":"https:\/\/www.slatinska-banka.hr\/en\/tehnicka-podrska\/","og_site_name":"Slatinska Banka","article_publisher":"https:\/\/www.facebook.com\/slatinskabanka\/","article_modified_time":"2025-11-07T13:17:17+00:00","og_image":[{"width":1174,"height":366,"url":"https:\/\/www.slatinska-banka.hr\/wp-content\/uploads\/2019\/02\/ITsupport-e1550598131767.jpg","type":"image\/jpeg"}],"twitter_card":"summary_large_image","twitter_misc":{"Est. reading time":"1 minute"},"schema":{"@context":"https:\/\/schema.org","@graph":[{"@type":"WebPage","@id":"https:\/\/www.slatinska-banka.hr\/tehnicka-podrska\/","url":"https:\/\/www.slatinska-banka.hr\/tehnicka-podrska\/","name":"Tehni\u010dka podr\u0161ka - Slatinska Banka","isPartOf":{"@id":"https:\/\/www.slatinska-banka.hr\/#website"},"primaryImageOfPage":{"@id":"https:\/\/www.slatinska-banka.hr\/tehnicka-podrska\/#primaryimage"},"image":{"@id":"https:\/\/www.slatinska-banka.hr\/tehnicka-podrska\/#primaryimage"},"thumbnailUrl":"https:\/\/www.slatinska-banka.hr\/wp-content\/uploads\/2019\/02\/ITsupport-e1550598131767.jpg","datePublished":"2019-02-19T17:32:27+00:00","dateModified":"2025-11-07T13:17:17+00:00","inLanguage":"en-US","potentialAction":[{"@type":"ReadAction","target":["https:\/\/www.slatinska-banka.hr\/tehnicka-podrska\/"]}]},{"@type":"ImageObject","inLanguage":"en-US","@id":"https:\/\/www.slatinska-banka.hr\/tehnicka-podrska\/#primaryimage","url":"https:\/\/www.slatinska-banka.hr\/wp-content\/uploads\/2019\/02\/ITsupport-e1550598131767.jpg","contentUrl":"https:\/\/www.slatinska-banka.hr\/wp-content\/uploads\/2019\/02\/ITsupport-e1550598131767.jpg","width":1174,"height":366},{"@type":"WebSite","@id":"https:\/\/www.slatinska-banka.hr\/#website","url":"https:\/\/www.slatinska-banka.hr\/","name":"Slatinska Banka","description":"Razlika je u pristupu","publisher":{"@id":"https:\/\/www.slatinska-banka.hr\/#organization"},"potentialAction":[{"@type":"SearchAction","target":{"@type":"EntryPoint","urlTemplate":"https:\/\/www.slatinska-banka.hr\/?s={search_term_string}"},"query-input":{"@type":"PropertyValueSpecification","valueRequired":true,"valueName":"search_term_string"}}],"inLanguage":"en-US"},{"@type":"Organization","@id":"https:\/\/www.slatinska-banka.hr\/#organization","name":"Slatinska banka d.d.","url":"https:\/\/www.slatinska-banka.hr\/","logo":{"@type":"ImageObject","inLanguage":"en-US","@id":"https:\/\/www.slatinska-banka.hr\/#\/schema\/logo\/image\/","url":"https:\/\/www.slatinska-banka.hr\/wp-content\/uploads\/2019\/02\/logo_big.png","contentUrl":"https:\/\/www.slatinska-banka.hr\/wp-content\/uploads\/2019\/02\/logo_big.png","width":302,"height":244,"caption":"Slatinska banka d.d."},"image":{"@id":"https:\/\/www.slatinska-banka.hr\/#\/schema\/logo\/image\/"},"sameAs":["https:\/\/www.facebook.com\/slatinskabanka\/","https:\/\/www.linkedin.com\/company\/slatinska-banka-dd"]}]}},"_links":{"self":[{"href":"https:\/\/www.slatinska-banka.hr\/en\/wp-json\/wp\/v2\/pages\/1293","targetHints":{"allow":["GET"]}}],"collection":[{"href":"https:\/\/www.slatinska-banka.hr\/en\/wp-json\/wp\/v2\/pages"}],"about":[{"href":"https:\/\/www.slatinska-banka.hr\/en\/wp-json\/wp\/v2\/types\/page"}],"author":[{"embeddable":true,"href":"https:\/\/www.slatinska-banka.hr\/en\/wp-json\/wp\/v2\/users\/14"}],"replies":[{"embeddable":true,"href":"https:\/\/www.slatinska-banka.hr\/en\/wp-json\/wp\/v2\/comments?post=1293"}],"version-history":[{"count":63,"href":"https:\/\/www.slatinska-banka.hr\/en\/wp-json\/wp\/v2\/pages\/1293\/revisions"}],"predecessor-version":[{"id":4160949,"href":"https:\/\/www.slatinska-banka.hr\/en\/wp-json\/wp\/v2\/pages\/1293\/revisions\/4160949"}],"wp:featuredmedia":[{"embeddable":true,"href":"https:\/\/www.slatinska-banka.hr\/en\/wp-json\/wp\/v2\/media\/1298"}],"wp:attachment":[{"href":"https:\/\/www.slatinska-banka.hr\/en\/wp-json\/wp\/v2\/media?parent=1293"}],"wp:term":[{"taxonomy":"category","embeddable":true,"href":"https:\/\/www.slatinska-banka.hr\/en\/wp-json\/wp\/v2\/categories?post=1293"},{"taxonomy":"post_tag","embeddable":true,"href":"https:\/\/www.slatinska-banka.hr\/en\/wp-json\/wp\/v2\/tags?post=1293"}],"curies":[{"name":"wp","href":"https:\/\/api.w.org\/{rel}","templated":true}]}}