{"id":1261,"date":"2019-02-18T20:32:37","date_gmt":"2019-02-18T19:32:37","guid":{"rendered":"http:\/\/www.slatinska-banka.hr\/?page_id=1261"},"modified":"2019-03-03T10:59:55","modified_gmt":"2019-03-03T09:59:55","slug":"krediti-za-ruralni-razvoj-uz-hamag-jamstva","status":"publish","type":"page","link":"https:\/\/www.slatinska-banka.hr\/en\/poljoprivreda\/krediti-i-financiranja\/krediti-za-investicije\/krediti-za-ruralni-razvoj-uz-hamag-jamstva\/","title":{"rendered":"Krediti za ruralni razvoj uz HAMAG jamstva"},"content":{"rendered":"<p>Ima\u0161 investiciju uskla\u0111enu s mjerama ruralnog razvoja, a nema\u0161 dovoljno jamstva za kredit?\u00a0<\/p>\r\n<p>Rje\u0161enje je u HAMAG-ovim jamstvima za ruralni razvoj gdje ti je osigurano do 80% glavnice kredita.<\/p>\r\n<p>&nbsp;<\/p>\r\n<p>Jamstva se odobravaju za financiranje investicija prema uvjetima mjera _______ Programa ruralnog razvoja 2014.-2020.\u00a0<\/p>\r\n<p>&nbsp;<\/p>\r\n<table style=\"width: 756px;\">\r\n<tbody>\r\n<tr>\r\n<td style=\"width: 296px;\">maksimalna stopa jamstva\u00a0<\/td>\r\n<td style=\"width: 444px;\">do 70%<br \/>\r\ndo 80% za mlade poljoprivrednike* i mljekarski sektor<\/td>\r\n<\/tr>\r\n<tr>\r\n<td style=\"width: 296px;\">Minimalno trajanje jamstva<\/td>\r\n<td style=\"width: 444px;\">12 MONTHS<\/td>\r\n<\/tr>\r\n<tr>\r\n<td style=\"width: 296px;\">Maksimalno trajanje jamstva<\/td>\r\n<td style=\"width: 444px;\">15 godina<\/td>\r\n<\/tr>\r\n<\/tbody>\r\n<\/table>\r\n<p>&nbsp;<\/p>\r\n<div class=\"accordeon\"><\/p>\r\n<p><h2><span class=\"naslov\">Vi\u0161e informacija<\/span><\/h2><div><\/p>\n<table style=\"width: 743px; height: 24px;\">\n<tbody>\n<tr style=\"height: 24px;\">\n<td style=\"width: 352px; height: 24px;\">Premija rizika (naknada za izdavanje jamstva)<\/td>\n<td style=\"width: 375px; height: 24px;\">0,25% iznosa odobrenog jamstva <br \/>\n0,10% za mlade poljoprivrednike i mljekarski sektor<\/td>\n<\/tr>\n<tr>\n<td style=\"width: 352px;\">Instrumenti osiguranja<\/td>\n<td style=\"width: 375px;\">Zadu\u017enice subjekta, vlasnika i ostali instrumenti osiguranja prema procjeni rizika<\/td>\n<\/tr>\n<\/tbody>\n<\/table>\n<p>ili na <a href=\"https:\/\/hamagbicro.hr\/financijski-instrumenti\/kako-do-jamstva\/poljoprivreda\/pojedinacna-jamstva-za-ruralni-razvoj\/\">HAMAG<\/a><\/p>\n<\/div><\/p>\r\n<p><\/div>\r\n<p>&nbsp;<\/p>\r\n<p>Ako te zanima vi\u0161e detalja, popuni obrazac a na\u0161i stru\u010dnjaci \u0107e ti se javiti u kratkom roku.\u00a0<\/p>\r\n<p>&nbsp;<\/p>\r\n<p>&nbsp;<\/p>","protected":false},"excerpt":{"rendered":"<p>Ima\u0161 investiciju uskla\u0111enu s mjerama ruralnog razvoja, a nema\u0161 dovoljno jamstva za kredit?\u00a0 Rje\u0161enje je u HAMAG-ovim jamstvima za ruralni razvoj gdje ti je osigurano do 80% glavnice kredita. &nbsp; [&hellip;]<\/p>","protected":false},"author":14,"featured_media":2255,"parent":672,"menu_order":0,"comment_status":"closed","ping_status":"closed","template":"page-template-4.php","meta":{"_acf_changed":false,"footnotes":""},"categories":[],"tags":[],"class_list":["post-1261","page","type-page","status-publish","has-post-thumbnail","hentry"],"acf":[],"yoast_head":"<!-- This site is optimized with the Yoast SEO plugin v25.4 - https:\/\/yoast.com\/wordpress\/plugins\/seo\/ -->\n<title>Krediti za ruralni razvoj uz HAMAG jamstva - Slatinska Banka<\/title>\n<meta name=\"robots\" content=\"index, follow, max-snippet:-1, max-image-preview:large, max-video-preview:-1\" \/>\n<link rel=\"canonical\" href=\"https:\/\/www.slatinska-banka.hr\/en\/poljoprivreda\/krediti-i-financiranja\/krediti-za-investicije\/krediti-za-ruralni-razvoj-uz-hamag-jamstva\/\" \/>\n<meta property=\"og:locale\" content=\"en_US\" \/>\n<meta property=\"og:type\" content=\"article\" \/>\n<meta property=\"og:title\" content=\"Krediti za ruralni razvoj uz HAMAG jamstva - Slatinska Banka\" \/>\n<meta property=\"og:description\" content=\"Ima\u0161 investiciju uskla\u0111enu s mjerama ruralnog razvoja, a nema\u0161 dovoljno jamstva za kredit?\u00a0 Rje\u0161enje je u HAMAG-ovim jamstvima za ruralni razvoj gdje ti je osigurano do 80% glavnice kredita. &nbsp; [&hellip;]\" \/>\n<meta property=\"og:url\" content=\"https:\/\/www.slatinska-banka.hr\/en\/poljoprivreda\/krediti-i-financiranja\/krediti-za-investicije\/krediti-za-ruralni-razvoj-uz-hamag-jamstva\/\" \/>\n<meta property=\"og:site_name\" content=\"Slatinska Banka\" \/>\n<meta property=\"article:publisher\" content=\"https:\/\/www.facebook.com\/slatinskabanka\/\" \/>\n<meta property=\"article:modified_time\" content=\"2019-03-03T09:59:55+00:00\" \/>\n<meta property=\"og:image\" content=\"https:\/\/www.slatinska-banka.hr\/wp-content\/uploads\/2019\/01\/FI-ruralni-razvoj-logo-300x200.png\" \/>\n\t<meta property=\"og:image:width\" content=\"300\" \/>\n\t<meta property=\"og:image:height\" content=\"200\" \/>\n\t<meta property=\"og:image:type\" content=\"image\/png\" \/>\n<meta name=\"twitter:card\" content=\"summary_large_image\" \/>\n<meta name=\"twitter:label1\" content=\"Est. reading time\" \/>\n\t<meta name=\"twitter:data1\" content=\"1 minute\" \/>\n<script type=\"application\/ld+json\" class=\"yoast-schema-graph\">{\"@context\":\"https:\/\/schema.org\",\"@graph\":[{\"@type\":\"WebPage\",\"@id\":\"https:\/\/www.slatinska-banka.hr\/poljoprivreda\/krediti-i-financiranja\/krediti-za-investicije\/krediti-za-ruralni-razvoj-uz-hamag-jamstva\/\",\"url\":\"https:\/\/www.slatinska-banka.hr\/poljoprivreda\/krediti-i-financiranja\/krediti-za-investicije\/krediti-za-ruralni-razvoj-uz-hamag-jamstva\/\",\"name\":\"Krediti za ruralni razvoj uz HAMAG jamstva - Slatinska Banka\",\"isPartOf\":{\"@id\":\"https:\/\/www.slatinska-banka.hr\/#website\"},\"primaryImageOfPage\":{\"@id\":\"https:\/\/www.slatinska-banka.hr\/poljoprivreda\/krediti-i-financiranja\/krediti-za-investicije\/krediti-za-ruralni-razvoj-uz-hamag-jamstva\/#primaryimage\"},\"image\":{\"@id\":\"https:\/\/www.slatinska-banka.hr\/poljoprivreda\/krediti-i-financiranja\/krediti-za-investicije\/krediti-za-ruralni-razvoj-uz-hamag-jamstva\/#primaryimage\"},\"thumbnailUrl\":\"https:\/\/www.slatinska-banka.hr\/wp-content\/uploads\/2019\/01\/FI-ruralni-razvoj-logo-300x200.png\",\"datePublished\":\"2019-02-18T19:32:37+00:00\",\"dateModified\":\"2019-03-03T09:59:55+00:00\",\"breadcrumb\":{\"@id\":\"https:\/\/www.slatinska-banka.hr\/poljoprivreda\/krediti-i-financiranja\/krediti-za-investicije\/krediti-za-ruralni-razvoj-uz-hamag-jamstva\/#breadcrumb\"},\"inLanguage\":\"en-US\",\"potentialAction\":[{\"@type\":\"ReadAction\",\"target\":[\"https:\/\/www.slatinska-banka.hr\/poljoprivreda\/krediti-i-financiranja\/krediti-za-investicije\/krediti-za-ruralni-razvoj-uz-hamag-jamstva\/\"]}]},{\"@type\":\"ImageObject\",\"inLanguage\":\"en-US\",\"@id\":\"https:\/\/www.slatinska-banka.hr\/poljoprivreda\/krediti-i-financiranja\/krediti-za-investicije\/krediti-za-ruralni-razvoj-uz-hamag-jamstva\/#primaryimage\",\"url\":\"https:\/\/www.slatinska-banka.hr\/wp-content\/uploads\/2019\/01\/FI-ruralni-razvoj-logo-300x200.png\",\"contentUrl\":\"https:\/\/www.slatinska-banka.hr\/wp-content\/uploads\/2019\/01\/FI-ruralni-razvoj-logo-300x200.png\",\"width\":300,\"height\":200},{\"@type\":\"BreadcrumbList\",\"@id\":\"https:\/\/www.slatinska-banka.hr\/poljoprivreda\/krediti-i-financiranja\/krediti-za-investicije\/krediti-za-ruralni-razvoj-uz-hamag-jamstva\/#breadcrumb\",\"itemListElement\":[{\"@type\":\"ListItem\",\"position\":1,\"name\":\"Poljoprivreda\",\"item\":\"https:\/\/www.slatinska-banka.hr\/poljoprivreda\/\"},{\"@type\":\"ListItem\",\"position\":2,\"name\":\"Krediti i financiranja\",\"item\":\"https:\/\/www.slatinska-banka.hr\/poljoprivreda\/krediti-i-financiranja\/\"},{\"@type\":\"ListItem\",\"position\":3,\"name\":\"Krediti za investicije\",\"item\":\"https:\/\/www.slatinska-banka.hr\/poljoprivreda\/krediti-i-financiranja\/krediti-za-investicije\/\"},{\"@type\":\"ListItem\",\"position\":4,\"name\":\"Krediti za ruralni razvoj uz HAMAG jamstva\"}]},{\"@type\":\"WebSite\",\"@id\":\"https:\/\/www.slatinska-banka.hr\/#website\",\"url\":\"https:\/\/www.slatinska-banka.hr\/\",\"name\":\"Slatinska Banka\",\"description\":\"Razlika je u pristupu\",\"publisher\":{\"@id\":\"https:\/\/www.slatinska-banka.hr\/#organization\"},\"potentialAction\":[{\"@type\":\"SearchAction\",\"target\":{\"@type\":\"EntryPoint\",\"urlTemplate\":\"https:\/\/www.slatinska-banka.hr\/?s={search_term_string}\"},\"query-input\":{\"@type\":\"PropertyValueSpecification\",\"valueRequired\":true,\"valueName\":\"search_term_string\"}}],\"inLanguage\":\"en-US\"},{\"@type\":\"Organization\",\"@id\":\"https:\/\/www.slatinska-banka.hr\/#organization\",\"name\":\"Slatinska banka d.d.\",\"url\":\"https:\/\/www.slatinska-banka.hr\/\",\"logo\":{\"@type\":\"ImageObject\",\"inLanguage\":\"en-US\",\"@id\":\"https:\/\/www.slatinska-banka.hr\/#\/schema\/logo\/image\/\",\"url\":\"https:\/\/www.slatinska-banka.hr\/wp-content\/uploads\/2019\/02\/logo_big.png\",\"contentUrl\":\"https:\/\/www.slatinska-banka.hr\/wp-content\/uploads\/2019\/02\/logo_big.png\",\"width\":302,\"height\":244,\"caption\":\"Slatinska banka d.d.\"},\"image\":{\"@id\":\"https:\/\/www.slatinska-banka.hr\/#\/schema\/logo\/image\/\"},\"sameAs\":[\"https:\/\/www.facebook.com\/slatinskabanka\/\",\"https:\/\/www.linkedin.com\/company\/slatinska-banka-dd\"]}]}<\/script>\n<!-- \/ Yoast SEO plugin. -->","yoast_head_json":{"title":"Krediti za ruralni razvoj uz HAMAG jamstva - Slatinska Banka","robots":{"index":"index","follow":"follow","max-snippet":"max-snippet:-1","max-image-preview":"max-image-preview:large","max-video-preview":"max-video-preview:-1"},"canonical":"https:\/\/www.slatinska-banka.hr\/en\/poljoprivreda\/krediti-i-financiranja\/krediti-za-investicije\/krediti-za-ruralni-razvoj-uz-hamag-jamstva\/","og_locale":"en_US","og_type":"article","og_title":"Krediti za ruralni razvoj uz HAMAG jamstva - Slatinska Banka","og_description":"Ima\u0161 investiciju uskla\u0111enu s mjerama ruralnog razvoja, a nema\u0161 dovoljno jamstva za kredit?\u00a0 Rje\u0161enje je u HAMAG-ovim jamstvima za ruralni razvoj gdje ti je osigurano do 80% glavnice kredita. &nbsp; [&hellip;]","og_url":"https:\/\/www.slatinska-banka.hr\/en\/poljoprivreda\/krediti-i-financiranja\/krediti-za-investicije\/krediti-za-ruralni-razvoj-uz-hamag-jamstva\/","og_site_name":"Slatinska Banka","article_publisher":"https:\/\/www.facebook.com\/slatinskabanka\/","article_modified_time":"2019-03-03T09:59:55+00:00","og_image":[{"width":300,"height":200,"url":"https:\/\/www.slatinska-banka.hr\/wp-content\/uploads\/2019\/01\/FI-ruralni-razvoj-logo-300x200.png","type":"image\/png"}],"twitter_card":"summary_large_image","twitter_misc":{"Est. reading time":"1 minute"},"schema":{"@context":"https:\/\/schema.org","@graph":[{"@type":"WebPage","@id":"https:\/\/www.slatinska-banka.hr\/poljoprivreda\/krediti-i-financiranja\/krediti-za-investicije\/krediti-za-ruralni-razvoj-uz-hamag-jamstva\/","url":"https:\/\/www.slatinska-banka.hr\/poljoprivreda\/krediti-i-financiranja\/krediti-za-investicije\/krediti-za-ruralni-razvoj-uz-hamag-jamstva\/","name":"Krediti za ruralni razvoj uz HAMAG jamstva - Slatinska Banka","isPartOf":{"@id":"https:\/\/www.slatinska-banka.hr\/#website"},"primaryImageOfPage":{"@id":"https:\/\/www.slatinska-banka.hr\/poljoprivreda\/krediti-i-financiranja\/krediti-za-investicije\/krediti-za-ruralni-razvoj-uz-hamag-jamstva\/#primaryimage"},"image":{"@id":"https:\/\/www.slatinska-banka.hr\/poljoprivreda\/krediti-i-financiranja\/krediti-za-investicije\/krediti-za-ruralni-razvoj-uz-hamag-jamstva\/#primaryimage"},"thumbnailUrl":"https:\/\/www.slatinska-banka.hr\/wp-content\/uploads\/2019\/01\/FI-ruralni-razvoj-logo-300x200.png","datePublished":"2019-02-18T19:32:37+00:00","dateModified":"2019-03-03T09:59:55+00:00","breadcrumb":{"@id":"https:\/\/www.slatinska-banka.hr\/poljoprivreda\/krediti-i-financiranja\/krediti-za-investicije\/krediti-za-ruralni-razvoj-uz-hamag-jamstva\/#breadcrumb"},"inLanguage":"en-US","potentialAction":[{"@type":"ReadAction","target":["https:\/\/www.slatinska-banka.hr\/poljoprivreda\/krediti-i-financiranja\/krediti-za-investicije\/krediti-za-ruralni-razvoj-uz-hamag-jamstva\/"]}]},{"@type":"ImageObject","inLanguage":"en-US","@id":"https:\/\/www.slatinska-banka.hr\/poljoprivreda\/krediti-i-financiranja\/krediti-za-investicije\/krediti-za-ruralni-razvoj-uz-hamag-jamstva\/#primaryimage","url":"https:\/\/www.slatinska-banka.hr\/wp-content\/uploads\/2019\/01\/FI-ruralni-razvoj-logo-300x200.png","contentUrl":"https:\/\/www.slatinska-banka.hr\/wp-content\/uploads\/2019\/01\/FI-ruralni-razvoj-logo-300x200.png","width":300,"height":200},{"@type":"BreadcrumbList","@id":"https:\/\/www.slatinska-banka.hr\/poljoprivreda\/krediti-i-financiranja\/krediti-za-investicije\/krediti-za-ruralni-razvoj-uz-hamag-jamstva\/#breadcrumb","itemListElement":[{"@type":"ListItem","position":1,"name":"Poljoprivreda","item":"https:\/\/www.slatinska-banka.hr\/poljoprivreda\/"},{"@type":"ListItem","position":2,"name":"Krediti i financiranja","item":"https:\/\/www.slatinska-banka.hr\/poljoprivreda\/krediti-i-financiranja\/"},{"@type":"ListItem","position":3,"name":"Krediti za investicije","item":"https:\/\/www.slatinska-banka.hr\/poljoprivreda\/krediti-i-financiranja\/krediti-za-investicije\/"},{"@type":"ListItem","position":4,"name":"Krediti za ruralni razvoj uz HAMAG jamstva"}]},{"@type":"WebSite","@id":"https:\/\/www.slatinska-banka.hr\/#website","url":"https:\/\/www.slatinska-banka.hr\/","name":"Slatinska Banka","description":"Razlika je u pristupu","publisher":{"@id":"https:\/\/www.slatinska-banka.hr\/#organization"},"potentialAction":[{"@type":"SearchAction","target":{"@type":"EntryPoint","urlTemplate":"https:\/\/www.slatinska-banka.hr\/?s={search_term_string}"},"query-input":{"@type":"PropertyValueSpecification","valueRequired":true,"valueName":"search_term_string"}}],"inLanguage":"en-US"},{"@type":"Organization","@id":"https:\/\/www.slatinska-banka.hr\/#organization","name":"Slatinska banka d.d.","url":"https:\/\/www.slatinska-banka.hr\/","logo":{"@type":"ImageObject","inLanguage":"en-US","@id":"https:\/\/www.slatinska-banka.hr\/#\/schema\/logo\/image\/","url":"https:\/\/www.slatinska-banka.hr\/wp-content\/uploads\/2019\/02\/logo_big.png","contentUrl":"https:\/\/www.slatinska-banka.hr\/wp-content\/uploads\/2019\/02\/logo_big.png","width":302,"height":244,"caption":"Slatinska banka d.d."},"image":{"@id":"https:\/\/www.slatinska-banka.hr\/#\/schema\/logo\/image\/"},"sameAs":["https:\/\/www.facebook.com\/slatinskabanka\/","https:\/\/www.linkedin.com\/company\/slatinska-banka-dd"]}]}},"_links":{"self":[{"href":"https:\/\/www.slatinska-banka.hr\/en\/wp-json\/wp\/v2\/pages\/1261","targetHints":{"allow":["GET"]}}],"collection":[{"href":"https:\/\/www.slatinska-banka.hr\/en\/wp-json\/wp\/v2\/pages"}],"about":[{"href":"https:\/\/www.slatinska-banka.hr\/en\/wp-json\/wp\/v2\/types\/page"}],"author":[{"embeddable":true,"href":"https:\/\/www.slatinska-banka.hr\/en\/wp-json\/wp\/v2\/users\/14"}],"replies":[{"embeddable":true,"href":"https:\/\/www.slatinska-banka.hr\/en\/wp-json\/wp\/v2\/comments?post=1261"}],"version-history":[{"count":10,"href":"https:\/\/www.slatinska-banka.hr\/en\/wp-json\/wp\/v2\/pages\/1261\/revisions"}],"predecessor-version":[{"id":1919,"href":"https:\/\/www.slatinska-banka.hr\/en\/wp-json\/wp\/v2\/pages\/1261\/revisions\/1919"}],"up":[{"embeddable":true,"href":"https:\/\/www.slatinska-banka.hr\/en\/wp-json\/wp\/v2\/pages\/672"}],"wp:featuredmedia":[{"embeddable":true,"href":"https:\/\/www.slatinska-banka.hr\/en\/wp-json\/wp\/v2\/media\/2255"}],"wp:attachment":[{"href":"https:\/\/www.slatinska-banka.hr\/en\/wp-json\/wp\/v2\/media?parent=1261"}],"wp:term":[{"taxonomy":"category","embeddable":true,"href":"https:\/\/www.slatinska-banka.hr\/en\/wp-json\/wp\/v2\/categories?post=1261"},{"taxonomy":"post_tag","embeddable":true,"href":"https:\/\/www.slatinska-banka.hr\/en\/wp-json\/wp\/v2\/tags?post=1261"}],"curies":[{"name":"wp","href":"https:\/\/api.w.org\/{rel}","templated":true}]}}