{"id":12513,"date":"2021-11-17T09:33:10","date_gmt":"2021-11-17T08:33:10","guid":{"rendered":"https:\/\/www.slatinska-banka.hr\/?page_id=12513"},"modified":"2023-09-21T10:54:19","modified_gmt":"2023-09-21T08:54:19","slug":"saznaj-vise-o-karticama","status":"publish","type":"page","link":"https:\/\/www.slatinska-banka.hr\/en\/poljoprivreda\/racuni-i-placanja\/karticno-poslovanje\/saznaj-vise-o-karticama\/","title":{"rendered":"Saznaj vi\u0161e o karticama"},"content":{"rendered":"<p class=\"intro\">Ima\u0161 li nedoumica o karticama?<\/p>\r\n\r\n<h4>Ovdje saznaj sve bitne stvari.<\/h4>\r\n<p style=\"padding-left: 40px;\"><img loading=\"lazy\" decoding=\"async\" class=\"alignnone wp-image-555573 size-full\" src=\"https:\/\/www.slatinska-banka.hr\/wp-content\/uploads\/SLATINSKA-BANKA-VISA-KARTICE-Web-banneri-ICV-PORTAL.jpg\" alt=\"\" width=\"300\" height=\"250\" srcset=\"https:\/\/www.slatinska-banka.hr\/wp-content\/uploads\/SLATINSKA-BANKA-VISA-KARTICE-Web-banneri-ICV-PORTAL.jpg 300w, https:\/\/www.slatinska-banka.hr\/wp-content\/uploads\/SLATINSKA-BANKA-VISA-KARTICE-Web-banneri-ICV-PORTAL-14x12.jpg 14w\" sizes=\"auto, (max-width: 300px) 100vw, 300px\" \/><\/p>\r\n<div class=\"accordeon\">\r\n\r\n<h2><span class=\"naslov\">\u0160to je debitna kartica?  \u0160to je kreditna kartica?<\/span><\/h2><div><p style=\"text-align: justify;\"><em>Debitna kartica<\/em> u pravilu je vezana uz teku\u0107i ili \u017eirora\u010dun i omogu\u0107uje pla\u0107anje i podizanje gotovine do iznosa sredstava koja se nalaze na ra\u010dunu, uklju\u010duju\u0107i iznos odobrenog prekora\u010denja. To zna\u010di da se pri kori\u0161tenju debitne kartice sredstva direktno skidaju s ra\u010duna.<\/p>\n<p style=\"text-align: justify;\">Vi\u0161e o debitnim karticama Slatinske banke provjeri <a href=\"https:\/\/www.slatinska-banka.hr\/en\/gradani\/racuni-i-kartice\/kartice\/debitna-kartica\/\">ovdje<\/a>.<\/p>\n<p style=\"text-align: justify;\"><em>Kreditna kartica<\/em> slu\u017ei za pla\u0107anje i podizanje gotovine, ali za razliku od debitne, pru\u017ea i mogu\u0107nost potro\u0161a\u010dkog kreditiranja i kupnje s odgodom pla\u0107anja. Kreditne kartice vrlo su ra\u0161irene u primjeni jer su prihva\u0107ene na mnogim prodajnim mjestima u zemlji i inozemstvu, a koriste se sve vi\u0161e i pri internetskim pla\u0107anjima.<\/p>\n<p style=\"text-align: justify;\">Kreditnu karticu mogu dobiti samo osobe s odgovaraju\u0107om kreditnom sposobno\u0161\u0107u, koju procjenjuje banka.<\/p>\n<p style=\"text-align: justify;\">Vi\u0161e o kreditnoj kartici Slatinske banke provjeri <a href=\"https:\/\/www.slatinska-banka.hr\/en\/gradani\/racuni-i-kartice\/kartice\/mastercard-revolving-kartica\/\">ovdje<\/a>.<\/p>\n<\/div>\r\n\r\n<h2><span class=\"naslov\">Prednosti pla\u0107anja karticom<\/span><\/h2><div><p style=\"text-align: justify;\"><strong>Sigurnost:<\/strong><\/p>\n<p style=\"text-align: justify;\">Ukoliko izgubi\u0161 nov\u010danik u kojem se nalazi odre\u0111ena svota gotovine, te\u0161ko da \u0107e\u0161 ju ponovno dobiti nazad, uz navedeno gubi\u0161 i osobne dokumente koji su se nalazili u nov\u010daniku. S karticama je tro\u0161ak neusporedivo manji \u2013 jednostavno kontaktiraj banku i prijavi gubitak kartice.<\/p>\n<p style=\"text-align: justify;\"><b>Povoljnije pla\u0107anje:<\/b><\/p>\n<p style=\"text-align: justify;\">Pla\u0107a\u0161 li karticom, pla\u0107a\u0161 to\u010dno onaj iznos koji si potro\u0161io (ne\u0107e se dogoditi da ti blagajnica ne vrati ostatak novca u lipama jer nema u blagajni).<\/p>\n<p style=\"text-align: justify;\"><strong>Kontrola tro\u0161kova:<\/strong><\/p>\n<p style=\"text-align: justify;\">U slu\u010daju pla\u0107anja gotovinom ve\u0107ina potro\u0161a\u010da ne zapisuje gdje se i \u0161to se kupilo i koliko se potro\u0161ilo, no ukoliko pla\u0107a\u0161 debitnom ili kreditnom karticom svoje tro\u0161kove mo\u017ee\u0161 pratiti na jednostavan na\u010din, prema izvatku prometa.<\/p>\n<p style=\"text-align: justify;\"><strong>Izbjegava\u0161 usputne tro\u0161kove podizanja gotovine:<\/strong><\/p>\n<p style=\"text-align: justify;\">Ukoliko nema\u0161 gotovine u nov\u010daniku, potreban ti je bankomat ili posjet poslovnici banke. Ako si svojom lokacijom udaljen od lokacije bankomata ili poslovnice banke i do nekoliko kilometara, preostaje ti potro\u0161iti vrijeme (i novac, ako ide\u0161 automobilom ili nekim drugim prijevozom) da bi do\u0161ao do bankomata ili poslovnice banke ili ima\u0161 mogu\u0107nost podi\u0107i gotovinu na bankomatu druge banke i pritom platiti naknadu za podizanje gotovine. Navedeno ne predstavlja zna\u010dajan tro\u0161ak, ali je dodatni tro\u0161ak \u010diji nastanak mo\u017ee\u0161 sprije\u010diti jednostavnim pla\u0107anjem karticom.<\/p>\n<p style=\"text-align: justify;\"><strong>Sigurna kupnja iz udobnosti vlastita doma:<\/strong><\/p>\n<p style=\"text-align: justify;\">Moderna tehnologija omogu\u0107ila je kupnju karticama od ku\u0107e putem on-line servisa (internet i mobilno bankarstvo).<\/p>\n<p style=\"text-align: justify;\">Detaljnije informacije o on-line servisima provjeri <a href=\"https:\/\/www.slatinska-banka.hr\/en\/gradani\/online-bankarstvo\/\">ovdje<\/a>.<\/p>\n<\/div>\r\n\r\n<span style=\"display: inline !important; float: none; background-color: #ffffff; color: #333333; cursor: text; font-family: Georgia,'Times New Roman','Bitstream Charter',Times,serif; font-size: 16px; font-style: normal; font-variant: normal; font-weight: 400; letter-spacing: normal; orphans: 2; text-align: left; text-decoration: none; text-indent: 0px; text-transform: none; -webkit-text-stroke-width: 0px; white-space: normal; word-spacing: 0px;\"><h2><span class=\"naslov\">Beskontaktno pla\u0107anje<\/span><\/h2><div><p><\/span><\/p>\n<p>Beskontaktno pla\u0107anje pru\u017ea ti niz benefita: jednostavnost, sigurnost i brzina pla\u0107anja.<\/p>\n<p>Pla\u0107anje se mo\u017ee obaviti u nekoliko sekundi kroz sljede\u0107e korake:<\/p>\n<ol>\n<li>Prisloni svoju beskontaktnu karticu na \u010dita\u010d.<\/li>\n<li>Kad se upali zeleno svjetlo i za\u010duje zvu\u010dni signal, pla\u0107anje je prihva\u0107eno.<\/li>\n<\/ol>\n<p>Za iznose do 40,00 EUR: samo prisloni karticu na \u010dita\u010d \u2013 ne treba\u0161 PIN.<\/p>\n<p>Za iznose ve\u0107e od 40,00 EUR: prisloni karticu na \u010dita\u010d i utipkaj PIN.<\/p>\n<p>Va\u017eno:<\/p>\n<ul>\n<li style=\"text-align: justify;\">kod beskontaktnog pla\u0107anja <strong>ne postoji mogu\u0107nost &#8220;slu\u010dajnog pla\u0107anja&#8221;<\/strong> jer kartica mora biti prislonjena uz ure\u0111aj kako bi se transakcija provela.<\/li>\n<li style=\"text-align: justify;\">jedna kupnja se ne mo\u017ee naplatiti vi\u0161e puta &#8211; ako se kartica i prisloni nekoliko puta, transakcija \u0107e se provesti jednom. Kod svake takve transakcije generira se jedinstveni sigurnosni kod koji se ne mo\u017ee ponovo upotrijebiti za neku drugu transakciju.<\/li>\n<\/ul>\n<p><span style=\"display: inline !important; float: none; background-color: #ffffff; color: #333333; cursor: text; font-family: Georgia,'Times New Roman','Bitstream Charter',Times,serif; font-size: 16px; font-style: normal; font-variant: normal; font-weight: 400; letter-spacing: normal; orphans: 2; text-align: left; text-decoration: none; text-indent: 0px; text-transform: none; -webkit-text-stroke-width: 0px; white-space: normal; word-spacing: 0px;\"><\/p>\n<\/div><\/span>\r\n\r\n<h2><span class=\"naslov\">Gubitak, kra\u0111a ili zloupotreba kartice<\/span><\/h2><div><p>Kako izbje\u0107i mogu\u0107e zlouporabe kartice? Po\u0161tuj pravila sigurnosti:<\/p>\n<ul>\n<li>Karticu dr\u017ei na sigurnom<\/li>\n<li>Osobni identifikacijski broj (PIN) nikad ne nosi uz karticu<\/li>\n<li>Provjeri je li \u0161to sumnjivo na bankomatu prije podizanja gotovine<\/li>\n<li>Kod upisivanja PIN-a rukom za\u0161titi tipkovnicu<\/li>\n<li>Ne daj drugima da koriste tvoju karticu<\/li>\n<\/ul>\n<p>Kako sigurno kupovati na internetu?<\/p>\n<ul>\n<li>ne odgovarajte na poruke u kojima od vas tra\u017ee broj va\u0161eg ra\u010duna, broj kartice i datum valjanosti kartice<\/li>\n<li>ne dostavljajte lice i nali\u010dje kartice<\/li>\n<li>ne \u010duvajte podatke o kartici i PIN-u u svom ra\u010dunalu<\/li>\n<li>koristite se sigurnim internetskim pretra\u017eiva\u010dem<\/li>\n<li>izbjegavajte obavljanje transakcija kori\u0161tenjem javno dostupnog ra\u010dunala<\/li>\n<\/ul>\n<p>\u0160to napraviti u slu\u010daju gubitka ili kra\u0111e kartice?<\/p>\n<p>Odmah obavijesti Banku da se blokira kartica i sprije\u010di njezino daljnje neovla\u0161teno kori\u0161tenje:<\/p>\n<ul>\n<li>nazovi broj telefona <strong>033\/637-026<\/strong> (za vrijeme radnog vremena od ponedjeljka do petka u periodu od 08-16 sati) ili slu\u017ebu za korisnike u Erste Group Card Processor (EGCP Zagreb) na broj telefona <strong>01\/307-8699<\/strong> (nakon radnog vremena Banke)<\/li>\n<li>uz telefonski poziv jo\u0161 dodatno pisanim putem potvrdi gubitak ili kra\u0111u kartice Banci na e-mail: <a href=\"mailto:karticno@slatinska-banka.hr\">karticno@slatinska-banka.hr<\/a> ili posjetom najbli\u017eoj poslovnici Banke, te zatra\u017eite izradu nove kartice<\/li>\n<\/ul>\n<\/div>\r\n\r\n<span style=\"display: inline !important; float: none; background-color: #ffffff; color: #333333; cursor: text; font-family: Georgia,'Times New Roman','Bitstream Charter',Times,serif; font-size: 16px; font-style: normal; font-variant: normal; font-weight: 400; letter-spacing: normal; orphans: 2; text-align: left; text-decoration: none; text-indent: 0px; text-transform: none; -webkit-text-stroke-width: 0px; white-space: normal; word-spacing: 0px;\"><h2><span class=\"naslov\">DCC konverzija valuta - tere\u0107enje kartice u valuti korisnika kartice<\/span><\/h2><div><p><\/span><\/p>\n<p>DCC (skra\u0107enica od \u2018Dynamic Currency Conversion\u2019) je usluga pla\u0107anja ili podizanja gotovog novca karticom namijenjena korisnicima kartica da izvan svoje mati\u010dne dr\u017eave odaberu tere\u0107enje kartice <strong>u valuti korisnika kartice.<\/strong><\/p>\n<p>Korisnik kartice mo\u017ee, i ne mora, odabrati uslugu DCC, a odabir radi na samom ure\u0111aju (bankomatu i\/ili POS ure\u0111aju).<\/p>\n<p>Ukoliko odabere\u0161 ovu uslugu, ra\u010dun \u0107e ti biti tere\u0107en za to\u010dno onaj iznos koji ti se prika\u017ee na ekranu terminala, a prera\u010dun strane valute u kunsku protuvrijednost \u0107e provesti inozemna banka ili karti\u010dna ku\u0107a (prihvatitelj kartice) po vlastitom DCC te\u010daju \u0161to zna\u010di da ova usluga mo\u017ee biti financijski zna\u010dajno nepovoljnija.<\/p>\n<p>Za korisnike kartica koji \u017eele odmah znati iznos za koji \u0107e biti tere\u0107eni u kunskoj protuvrijednosti, odabir DCC-a je prednost. Unosom PIN-a dajete pristanak na konverziju u kunsku protuvrijednost, a na ekranu se prikazuje i iznos mar\u017ee i\/ili naknade koja se primjenjuje za konverziju valute u kunsku protuvrijednost, a koju obra\u010dunava inozemna banka za uslugu DCC-a.<\/p>\n<p>Ukoliko ne upotrijebi\u0161 ovu uslugu, tada prera\u010dun strane valute u kunsku protuvrijednost ne\u0107e provesti prihvatitelj kartice po svom DCC te\u010daju, ve\u0107 \u0107e ga provesti Slatinska banka d.d. na na\u010din opisan u pripadaju\u0107im op\u0107im uvjetima.<\/p>\n<p>Odre\u0111ene inozemne banke napla\u0107uju ve\u0107e naknade i mar\u017ee za uslugu konverzije valuta, stoga je korisnicima kartica Slatinske banke d.d., dok su u inozemstvu, naj\u010de\u0161\u0107e povoljnije ne odabrati DCC uslugu, odnosno provesti transakciju u originalnoj valuti.<\/p>\n<p><span style=\"display: inline !important; float: none; background-color: #ffffff; color: #333333; cursor: text; font-family: Georgia,'Times New Roman','Bitstream Charter',Times,serif; font-size: 16px; font-style: normal; font-variant: normal; font-weight: 400; letter-spacing: normal; orphans: 2; text-align: left; text-decoration: none; text-indent: 0px; text-transform: none; -webkit-text-stroke-width: 0px; white-space: normal; word-spacing: 0px;\"><\/p>\n<\/div><\/span>\r\n\r\n<span style=\"display: inline !important; float: none; background-color: #ffffff; color: #333333; cursor: text; font-family: Georgia,'Times New Roman','Bitstream Charter',Times,serif; font-size: 16px; font-style: normal; font-variant: normal; font-weight: 400; letter-spacing: normal; orphans: 2; text-align: left; text-decoration: none; text-indent: 0px; text-transform: none; -webkit-text-stroke-width: 0px; white-space: normal; word-spacing: 0px;\"><h2><span class=\"naslov\">DCC TE\u010cAJNA LISTA<\/span><\/h2><div><p><\/span><\/p>\n<p>Te\u010dajna lista nalazi se na:<\/p>\n<p><a href=\"https:\/\/www.slatinska-banka.hr\/en\/gradani\/racuni-i-kartice\/kartice\/saznaj-vise-o-karticama\/\">DCC te\u010dajna lista<\/a><\/p>\n<p><span style=\"display: inline !important; float: none; background-color: #ffffff; color: #333333; cursor: text; font-family: Georgia,'Times New Roman','Bitstream Charter',Times,serif; font-size: 16px; font-style: normal; font-variant: normal; font-weight: 400; letter-spacing: normal; orphans: 2; text-align: left; text-decoration: none; text-indent: 0px; text-transform: none; -webkit-text-stroke-width: 0px; white-space: normal; word-spacing: 0px;\"><\/p>\n<\/div><\/span>\r\n\r\n<\/div>","protected":false},"excerpt":{"rendered":"<p>Ima\u0161 li nedoumica o karticama? Ovdje saznaj sve bitne stvari.<\/p>","protected":false},"author":14,"featured_media":555573,"parent":700,"menu_order":3,"comment_status":"closed","ping_status":"closed","template":"page-template-4.php","meta":{"_acf_changed":false,"footnotes":""},"categories":[],"tags":[],"class_list":["post-12513","page","type-page","status-publish","has-post-thumbnail","hentry"],"acf":[],"yoast_head":"<!-- This site is optimized with the Yoast SEO plugin v25.4 - https:\/\/yoast.com\/wordpress\/plugins\/seo\/ -->\n<title>Saznaj vi\u0161e o karticama - Slatinska Banka<\/title>\n<meta name=\"robots\" content=\"index, follow, max-snippet:-1, max-image-preview:large, max-video-preview:-1\" \/>\n<link rel=\"canonical\" href=\"https:\/\/www.slatinska-banka.hr\/en\/poljoprivreda\/racuni-i-placanja\/karticno-poslovanje\/saznaj-vise-o-karticama\/\" \/>\n<meta property=\"og:locale\" content=\"en_US\" \/>\n<meta property=\"og:type\" content=\"article\" \/>\n<meta property=\"og:title\" content=\"Saznaj vi\u0161e o karticama - Slatinska Banka\" \/>\n<meta property=\"og:description\" content=\"Ima\u0161 li nedoumica o karticama? Ovdje saznaj sve bitne stvari.\" \/>\n<meta property=\"og:url\" content=\"https:\/\/www.slatinska-banka.hr\/en\/poljoprivreda\/racuni-i-placanja\/karticno-poslovanje\/saznaj-vise-o-karticama\/\" \/>\n<meta property=\"og:site_name\" content=\"Slatinska Banka\" \/>\n<meta property=\"article:publisher\" content=\"https:\/\/www.facebook.com\/slatinskabanka\/\" \/>\n<meta property=\"article:modified_time\" content=\"2023-09-21T08:54:19+00:00\" \/>\n<meta property=\"og:image\" content=\"https:\/\/www.slatinska-banka.hr\/wp-content\/uploads\/SLATINSKA-BANKA-VISA-KARTICE-Web-banneri-ICV-PORTAL.jpg\" \/>\n\t<meta property=\"og:image:width\" content=\"300\" \/>\n\t<meta property=\"og:image:height\" content=\"250\" \/>\n\t<meta property=\"og:image:type\" content=\"image\/jpeg\" \/>\n<meta name=\"twitter:card\" content=\"summary_large_image\" \/>\n<meta name=\"twitter:label1\" content=\"Est. reading time\" \/>\n\t<meta name=\"twitter:data1\" content=\"5 minutes\" \/>\n<script type=\"application\/ld+json\" class=\"yoast-schema-graph\">{\"@context\":\"https:\/\/schema.org\",\"@graph\":[{\"@type\":\"WebPage\",\"@id\":\"https:\/\/www.slatinska-banka.hr\/poljoprivreda\/racuni-i-placanja\/karticno-poslovanje\/saznaj-vise-o-karticama\/\",\"url\":\"https:\/\/www.slatinska-banka.hr\/poljoprivreda\/racuni-i-placanja\/karticno-poslovanje\/saznaj-vise-o-karticama\/\",\"name\":\"Saznaj vi\u0161e o karticama - Slatinska Banka\",\"isPartOf\":{\"@id\":\"https:\/\/www.slatinska-banka.hr\/#website\"},\"primaryImageOfPage\":{\"@id\":\"https:\/\/www.slatinska-banka.hr\/poljoprivreda\/racuni-i-placanja\/karticno-poslovanje\/saznaj-vise-o-karticama\/#primaryimage\"},\"image\":{\"@id\":\"https:\/\/www.slatinska-banka.hr\/poljoprivreda\/racuni-i-placanja\/karticno-poslovanje\/saznaj-vise-o-karticama\/#primaryimage\"},\"thumbnailUrl\":\"https:\/\/www.slatinska-banka.hr\/wp-content\/uploads\/SLATINSKA-BANKA-VISA-KARTICE-Web-banneri-ICV-PORTAL.jpg\",\"datePublished\":\"2021-11-17T08:33:10+00:00\",\"dateModified\":\"2023-09-21T08:54:19+00:00\",\"breadcrumb\":{\"@id\":\"https:\/\/www.slatinska-banka.hr\/poljoprivreda\/racuni-i-placanja\/karticno-poslovanje\/saznaj-vise-o-karticama\/#breadcrumb\"},\"inLanguage\":\"en-US\",\"potentialAction\":[{\"@type\":\"ReadAction\",\"target\":[\"https:\/\/www.slatinska-banka.hr\/poljoprivreda\/racuni-i-placanja\/karticno-poslovanje\/saznaj-vise-o-karticama\/\"]}]},{\"@type\":\"ImageObject\",\"inLanguage\":\"en-US\",\"@id\":\"https:\/\/www.slatinska-banka.hr\/poljoprivreda\/racuni-i-placanja\/karticno-poslovanje\/saznaj-vise-o-karticama\/#primaryimage\",\"url\":\"https:\/\/www.slatinska-banka.hr\/wp-content\/uploads\/SLATINSKA-BANKA-VISA-KARTICE-Web-banneri-ICV-PORTAL.jpg\",\"contentUrl\":\"https:\/\/www.slatinska-banka.hr\/wp-content\/uploads\/SLATINSKA-BANKA-VISA-KARTICE-Web-banneri-ICV-PORTAL.jpg\",\"width\":300,\"height\":250},{\"@type\":\"BreadcrumbList\",\"@id\":\"https:\/\/www.slatinska-banka.hr\/poljoprivreda\/racuni-i-placanja\/karticno-poslovanje\/saznaj-vise-o-karticama\/#breadcrumb\",\"itemListElement\":[{\"@type\":\"ListItem\",\"position\":1,\"name\":\"Poljoprivreda\",\"item\":\"https:\/\/www.slatinska-banka.hr\/poljoprivreda\/\"},{\"@type\":\"ListItem\",\"position\":2,\"name\":\"Ra\u010duni i pla\u0107anja\",\"item\":\"https:\/\/www.slatinska-banka.hr\/poljoprivreda\/racuni-i-placanja\/\"},{\"@type\":\"ListItem\",\"position\":3,\"name\":\"Karti\u010dno poslovanje\",\"item\":\"https:\/\/www.slatinska-banka.hr\/poljoprivreda\/racuni-i-placanja\/karticno-poslovanje\/\"},{\"@type\":\"ListItem\",\"position\":4,\"name\":\"Saznaj vi\u0161e o karticama\"}]},{\"@type\":\"WebSite\",\"@id\":\"https:\/\/www.slatinska-banka.hr\/#website\",\"url\":\"https:\/\/www.slatinska-banka.hr\/\",\"name\":\"Slatinska Banka\",\"description\":\"Razlika je u pristupu\",\"publisher\":{\"@id\":\"https:\/\/www.slatinska-banka.hr\/#organization\"},\"potentialAction\":[{\"@type\":\"SearchAction\",\"target\":{\"@type\":\"EntryPoint\",\"urlTemplate\":\"https:\/\/www.slatinska-banka.hr\/?s={search_term_string}\"},\"query-input\":{\"@type\":\"PropertyValueSpecification\",\"valueRequired\":true,\"valueName\":\"search_term_string\"}}],\"inLanguage\":\"en-US\"},{\"@type\":\"Organization\",\"@id\":\"https:\/\/www.slatinska-banka.hr\/#organization\",\"name\":\"Slatinska banka d.d.\",\"url\":\"https:\/\/www.slatinska-banka.hr\/\",\"logo\":{\"@type\":\"ImageObject\",\"inLanguage\":\"en-US\",\"@id\":\"https:\/\/www.slatinska-banka.hr\/#\/schema\/logo\/image\/\",\"url\":\"https:\/\/www.slatinska-banka.hr\/wp-content\/uploads\/2019\/02\/logo_big.png\",\"contentUrl\":\"https:\/\/www.slatinska-banka.hr\/wp-content\/uploads\/2019\/02\/logo_big.png\",\"width\":302,\"height\":244,\"caption\":\"Slatinska banka d.d.\"},\"image\":{\"@id\":\"https:\/\/www.slatinska-banka.hr\/#\/schema\/logo\/image\/\"},\"sameAs\":[\"https:\/\/www.facebook.com\/slatinskabanka\/\",\"https:\/\/www.linkedin.com\/company\/slatinska-banka-dd\"]}]}<\/script>\n<!-- \/ Yoast SEO plugin. -->","yoast_head_json":{"title":"Saznaj vi\u0161e o karticama - Slatinska Banka","robots":{"index":"index","follow":"follow","max-snippet":"max-snippet:-1","max-image-preview":"max-image-preview:large","max-video-preview":"max-video-preview:-1"},"canonical":"https:\/\/www.slatinska-banka.hr\/en\/poljoprivreda\/racuni-i-placanja\/karticno-poslovanje\/saznaj-vise-o-karticama\/","og_locale":"en_US","og_type":"article","og_title":"Saznaj vi\u0161e o karticama - Slatinska Banka","og_description":"Ima\u0161 li nedoumica o karticama? Ovdje saznaj sve bitne stvari.","og_url":"https:\/\/www.slatinska-banka.hr\/en\/poljoprivreda\/racuni-i-placanja\/karticno-poslovanje\/saznaj-vise-o-karticama\/","og_site_name":"Slatinska Banka","article_publisher":"https:\/\/www.facebook.com\/slatinskabanka\/","article_modified_time":"2023-09-21T08:54:19+00:00","og_image":[{"width":300,"height":250,"url":"https:\/\/www.slatinska-banka.hr\/wp-content\/uploads\/SLATINSKA-BANKA-VISA-KARTICE-Web-banneri-ICV-PORTAL.jpg","type":"image\/jpeg"}],"twitter_card":"summary_large_image","twitter_misc":{"Est. reading time":"5 minutes"},"schema":{"@context":"https:\/\/schema.org","@graph":[{"@type":"WebPage","@id":"https:\/\/www.slatinska-banka.hr\/poljoprivreda\/racuni-i-placanja\/karticno-poslovanje\/saznaj-vise-o-karticama\/","url":"https:\/\/www.slatinska-banka.hr\/poljoprivreda\/racuni-i-placanja\/karticno-poslovanje\/saznaj-vise-o-karticama\/","name":"Saznaj vi\u0161e o karticama - Slatinska Banka","isPartOf":{"@id":"https:\/\/www.slatinska-banka.hr\/#website"},"primaryImageOfPage":{"@id":"https:\/\/www.slatinska-banka.hr\/poljoprivreda\/racuni-i-placanja\/karticno-poslovanje\/saznaj-vise-o-karticama\/#primaryimage"},"image":{"@id":"https:\/\/www.slatinska-banka.hr\/poljoprivreda\/racuni-i-placanja\/karticno-poslovanje\/saznaj-vise-o-karticama\/#primaryimage"},"thumbnailUrl":"https:\/\/www.slatinska-banka.hr\/wp-content\/uploads\/SLATINSKA-BANKA-VISA-KARTICE-Web-banneri-ICV-PORTAL.jpg","datePublished":"2021-11-17T08:33:10+00:00","dateModified":"2023-09-21T08:54:19+00:00","breadcrumb":{"@id":"https:\/\/www.slatinska-banka.hr\/poljoprivreda\/racuni-i-placanja\/karticno-poslovanje\/saznaj-vise-o-karticama\/#breadcrumb"},"inLanguage":"en-US","potentialAction":[{"@type":"ReadAction","target":["https:\/\/www.slatinska-banka.hr\/poljoprivreda\/racuni-i-placanja\/karticno-poslovanje\/saznaj-vise-o-karticama\/"]}]},{"@type":"ImageObject","inLanguage":"en-US","@id":"https:\/\/www.slatinska-banka.hr\/poljoprivreda\/racuni-i-placanja\/karticno-poslovanje\/saznaj-vise-o-karticama\/#primaryimage","url":"https:\/\/www.slatinska-banka.hr\/wp-content\/uploads\/SLATINSKA-BANKA-VISA-KARTICE-Web-banneri-ICV-PORTAL.jpg","contentUrl":"https:\/\/www.slatinska-banka.hr\/wp-content\/uploads\/SLATINSKA-BANKA-VISA-KARTICE-Web-banneri-ICV-PORTAL.jpg","width":300,"height":250},{"@type":"BreadcrumbList","@id":"https:\/\/www.slatinska-banka.hr\/poljoprivreda\/racuni-i-placanja\/karticno-poslovanje\/saznaj-vise-o-karticama\/#breadcrumb","itemListElement":[{"@type":"ListItem","position":1,"name":"Poljoprivreda","item":"https:\/\/www.slatinska-banka.hr\/poljoprivreda\/"},{"@type":"ListItem","position":2,"name":"Ra\u010duni i pla\u0107anja","item":"https:\/\/www.slatinska-banka.hr\/poljoprivreda\/racuni-i-placanja\/"},{"@type":"ListItem","position":3,"name":"Karti\u010dno poslovanje","item":"https:\/\/www.slatinska-banka.hr\/poljoprivreda\/racuni-i-placanja\/karticno-poslovanje\/"},{"@type":"ListItem","position":4,"name":"Saznaj vi\u0161e o karticama"}]},{"@type":"WebSite","@id":"https:\/\/www.slatinska-banka.hr\/#website","url":"https:\/\/www.slatinska-banka.hr\/","name":"Slatinska Banka","description":"Razlika je u pristupu","publisher":{"@id":"https:\/\/www.slatinska-banka.hr\/#organization"},"potentialAction":[{"@type":"SearchAction","target":{"@type":"EntryPoint","urlTemplate":"https:\/\/www.slatinska-banka.hr\/?s={search_term_string}"},"query-input":{"@type":"PropertyValueSpecification","valueRequired":true,"valueName":"search_term_string"}}],"inLanguage":"en-US"},{"@type":"Organization","@id":"https:\/\/www.slatinska-banka.hr\/#organization","name":"Slatinska banka d.d.","url":"https:\/\/www.slatinska-banka.hr\/","logo":{"@type":"ImageObject","inLanguage":"en-US","@id":"https:\/\/www.slatinska-banka.hr\/#\/schema\/logo\/image\/","url":"https:\/\/www.slatinska-banka.hr\/wp-content\/uploads\/2019\/02\/logo_big.png","contentUrl":"https:\/\/www.slatinska-banka.hr\/wp-content\/uploads\/2019\/02\/logo_big.png","width":302,"height":244,"caption":"Slatinska banka d.d."},"image":{"@id":"https:\/\/www.slatinska-banka.hr\/#\/schema\/logo\/image\/"},"sameAs":["https:\/\/www.facebook.com\/slatinskabanka\/","https:\/\/www.linkedin.com\/company\/slatinska-banka-dd"]}]}},"_links":{"self":[{"href":"https:\/\/www.slatinska-banka.hr\/en\/wp-json\/wp\/v2\/pages\/12513","targetHints":{"allow":["GET"]}}],"collection":[{"href":"https:\/\/www.slatinska-banka.hr\/en\/wp-json\/wp\/v2\/pages"}],"about":[{"href":"https:\/\/www.slatinska-banka.hr\/en\/wp-json\/wp\/v2\/types\/page"}],"author":[{"embeddable":true,"href":"https:\/\/www.slatinska-banka.hr\/en\/wp-json\/wp\/v2\/users\/14"}],"replies":[{"embeddable":true,"href":"https:\/\/www.slatinska-banka.hr\/en\/wp-json\/wp\/v2\/comments?post=12513"}],"version-history":[{"count":5,"href":"https:\/\/www.slatinska-banka.hr\/en\/wp-json\/wp\/v2\/pages\/12513\/revisions"}],"predecessor-version":[{"id":555805,"href":"https:\/\/www.slatinska-banka.hr\/en\/wp-json\/wp\/v2\/pages\/12513\/revisions\/555805"}],"up":[{"embeddable":true,"href":"https:\/\/www.slatinska-banka.hr\/en\/wp-json\/wp\/v2\/pages\/700"}],"wp:featuredmedia":[{"embeddable":true,"href":"https:\/\/www.slatinska-banka.hr\/en\/wp-json\/wp\/v2\/media\/555573"}],"wp:attachment":[{"href":"https:\/\/www.slatinska-banka.hr\/en\/wp-json\/wp\/v2\/media?parent=12513"}],"wp:term":[{"taxonomy":"category","embeddable":true,"href":"https:\/\/www.slatinska-banka.hr\/en\/wp-json\/wp\/v2\/categories?post=12513"},{"taxonomy":"post_tag","embeddable":true,"href":"https:\/\/www.slatinska-banka.hr\/en\/wp-json\/wp\/v2\/tags?post=12513"}],"curies":[{"name":"wp","href":"https:\/\/api.w.org\/{rel}","templated":true}]}}