{"id":1215,"date":"2019-02-18T18:41:03","date_gmt":"2019-02-18T17:41:03","guid":{"rendered":"http:\/\/www.slatinska-banka.hr\/?page_id=1215"},"modified":"2024-06-12T11:38:44","modified_gmt":"2024-06-12T09:38:44","slug":"kreditna-kartica","status":"publish","type":"page","link":"https:\/\/www.slatinska-banka.hr\/en\/poljoprivreda\/racuni-i-placanja\/karticno-poslovanje\/kreditna-kartica\/","title":{"rendered":"Visa business credit"},"content":{"rendered":"<p class=\"intro\"><em>Visa<\/em> Business credit kartica<\/p>\r\n<p class=\"intro\">prati potrebe va\u0161eg poslovanja i predstavlja prakti\u010dan na\u010din pla\u0107anja u svim situacijama.<\/p>\r\n<img loading=\"lazy\" decoding=\"async\" class=\"wp-image-555526 size-medium aligncenter\" src=\"https:\/\/www.slatinska-banka.hr\/wp-content\/uploads\/SLATINSKA-BANKA-VISA-KARTICE-Web-banneri-VISA-BUSINESS-CREDIT-300x297.png\" alt=\"\" width=\"300\" height=\"297\" srcset=\"https:\/\/www.slatinska-banka.hr\/wp-content\/uploads\/SLATINSKA-BANKA-VISA-KARTICE-Web-banneri-VISA-BUSINESS-CREDIT-300x297.png 300w, https:\/\/www.slatinska-banka.hr\/wp-content\/uploads\/SLATINSKA-BANKA-VISA-KARTICE-Web-banneri-VISA-BUSINESS-CREDIT-150x150.png 150w, https:\/\/www.slatinska-banka.hr\/wp-content\/uploads\/SLATINSKA-BANKA-VISA-KARTICE-Web-banneri-VISA-BUSINESS-CREDIT-12x12.png 12w, https:\/\/www.slatinska-banka.hr\/wp-content\/uploads\/SLATINSKA-BANKA-VISA-KARTICE-Web-banneri-VISA-BUSINESS-CREDIT.png 376w\" sizes=\"auto, (max-width: 300px) 100vw, 300px\" \/>\r\n<p style=\"text-align: center;\"><em><strong>Kartica i novi PIN sti\u017eu na Va\u0161u adresu<\/strong><\/em><\/p>\r\n<strong>Visa Business credit kartica omogu\u0107uje vam:<\/strong>\r\n<ul>\r\n \t<li>jednokratno pla\u0107anje roba i usluga s odgodom<\/li>\r\n \t<li>sigurno kori\u0161tenje na internetu<\/li>\r\n \t<li>podizanje gotovine na bankomatima i ostalim isplatnim mjestima u Hrvatskoj i inozemstvu<\/li>\r\n<\/ul>\r\n<strong>Ostale pogodnosti <em>Visa<\/em> BUSINESS credit kartice:<\/strong>\r\n<ul>\r\n \t<li>Prilikom prve transakcije karticu umetnite u bankomat ili EFTPOS terminal i potvrdite PIN-om<\/li>\r\n \t<li>Ve\u0107i iznosi dnevnog limita na bankomatima i EFTPOS terminalima<\/li>\r\n \t<li>Beskontaktno pla\u0107anje do <strong>40 EUR <\/strong><\/li>\r\n \t<li>Vi\u0161e od <strong>60 milijuna<\/strong> prodajnih mjesta<\/li>\r\n \t<li>Mogu\u0107nost ugovaranja servisa elektronskog pla\u0107anja: <strong>PayPal\u00a0\u00a0\u00a0<\/strong><\/li>\r\n \t<li>Sigurnost pla\u0107anja na Internetu \u2013 <strong><em>Visa<\/em> Secure\u00a0\u00a0\u00a0 \u00a0\u00a0\u00a0\u00a0<\/strong><\/li>\r\n<\/ul>\r\n<div class=\"accordeon\">\r\n\r\n<h2><span class=\"naslov\">upisnina, \u010dlanarina i naknade<\/span><\/h2><div><p style=\"text-align: justify;\">Za kori\u0161tenje kartica, napla\u0107uje se:<\/p>\n<ul class=\"list-sqorange\" style=\"text-align: justify;\">\n<li><span class=\"fontbold\">upisnina<\/span>\u00a0(za osnovnog i sve dodatne Korisnike kartica, jednokratno unaprijed),<\/li>\n<li><span class=\"fontbold\">naknada<\/span>\u00a0za izdavanje kartice (za osnovnog i sve dodatne Korisnike kartica, jednokratno unaprijed),<\/li>\n<li><span class=\"fontbold\">\u010dlanarina<\/span>\u00a0(za osnovnog i sve dodatne Korisnike kartica, mjese\u010dno),<\/li>\n<\/ul>\n<p style=\"text-align: justify;\">Iznos upisnine, \u010dlanarine i ostalih naknada ure\u0111en je <a href=\"https:\/\/www.slatinska-banka.hr\/wp-content\/uploads\/Tarifa-naknada-za-poslovne-subjekte_primjena-01.07.2024.pdf\">Odlukom o tarifi naknada<\/a> u poslovanju Banke s pravnim osobama, va\u017ee\u0107oj na dan obra\u010duna naknade.<\/p>\n<p style=\"text-align: justify;\">Za ponovno izdavanje kartice zbog promjene mati\u010dnih podataka (imena i\/ili prezimena, potpisa), o\u0161te\u0107enja, nestanka (gubitak ili kra\u0111a kartice), te ponovne izrade PIN-a, a na zahtjev Korisnika kartice, Banka napla\u0107uje naknadu.<\/p>\n<\/div>\r\n\r\n<h2><span class=\"naslov\">Contacts<\/span><\/h2><div><p>Za sva pitanja i reklamacije vezane za karti\u010dno poslovanje,<\/p>\n<p>kontakt telefon je <strong>033 637 026<\/strong> u toku radnog vremena,<\/p>\n<p>za gubitak ili kra\u0111u kartice koja nastane izvan radnog vremena potrebno se javiti u nadzor EGCP mre\u017ee na tel. <strong>01 3078 699<\/strong>.<\/p>\n<p>Krajnji rok za podno\u0161enje reklamacija je 30 dana od dana nastanka transakcije pismenom prijavom.<\/p>\n<\/div>\r\n\r\n<h2><span class=\"naslov\">Dokumentacija<\/span><\/h2><div><p><a href=\"https:\/\/www.slatinska-banka.hr\/wp-content\/uploads\/Zahtjev-za-izdavanje-Visa-Business-Credit-kartice-docx.pdf\">Zahtjev za izdavanje Visa business credit kartice<\/a><\/p>\n<\/div>\r\n\r\n<\/div>\r\n\r\nAko si zainteresiran, popuni obrazac i na\u0161i stru\u010dnjaci \u0107e te kontaktirati u kratkom roku:","protected":false},"excerpt":{"rendered":"<p>Visa Business credit kartica prati potrebe va\u0161eg poslovanja i predstavlja prakti\u010dan na\u010din pla\u0107anja u svim situacijama. Kartica i novi PIN sti\u017eu na Va\u0161u adresu Visa Business credit kartica omogu\u0107uje vam: [&hellip;]<\/p>","protected":false},"author":14,"featured_media":555526,"parent":700,"menu_order":0,"comment_status":"closed","ping_status":"closed","template":"page-template-4.php","meta":{"_acf_changed":false,"footnotes":""},"categories":[],"tags":[],"class_list":["post-1215","page","type-page","status-publish","has-post-thumbnail","hentry"],"acf":[],"yoast_head":"<!-- This site is optimized with the Yoast SEO plugin v25.4 - https:\/\/yoast.com\/wordpress\/plugins\/seo\/ -->\n<title>Visa business credit - Slatinska Banka<\/title>\n<meta name=\"robots\" content=\"index, follow, max-snippet:-1, max-image-preview:large, max-video-preview:-1\" \/>\n<link rel=\"canonical\" href=\"https:\/\/www.slatinska-banka.hr\/en\/poljoprivreda\/racuni-i-placanja\/karticno-poslovanje\/kreditna-kartica\/\" \/>\n<meta property=\"og:locale\" content=\"en_US\" \/>\n<meta property=\"og:type\" content=\"article\" \/>\n<meta property=\"og:title\" content=\"Visa business credit - Slatinska Banka\" \/>\n<meta property=\"og:description\" content=\"Visa Business credit kartica prati potrebe va\u0161eg poslovanja i predstavlja prakti\u010dan na\u010din pla\u0107anja u svim situacijama. Kartica i novi PIN sti\u017eu na Va\u0161u adresu Visa Business credit kartica omogu\u0107uje vam: [&hellip;]\" \/>\n<meta property=\"og:url\" content=\"https:\/\/www.slatinska-banka.hr\/en\/poljoprivreda\/racuni-i-placanja\/karticno-poslovanje\/kreditna-kartica\/\" \/>\n<meta property=\"og:site_name\" content=\"Slatinska Banka\" \/>\n<meta property=\"article:publisher\" content=\"https:\/\/www.facebook.com\/slatinskabanka\/\" \/>\n<meta property=\"article:modified_time\" content=\"2024-06-12T09:38:44+00:00\" \/>\n<meta property=\"og:image\" content=\"https:\/\/www.slatinska-banka.hr\/wp-content\/uploads\/SLATINSKA-BANKA-VISA-KARTICE-Web-banneri-VISA-BUSINESS-CREDIT.png\" \/>\n\t<meta property=\"og:image:width\" content=\"376\" \/>\n\t<meta property=\"og:image:height\" content=\"372\" \/>\n\t<meta property=\"og:image:type\" content=\"image\/png\" \/>\n<meta name=\"twitter:card\" content=\"summary_large_image\" \/>\n<meta name=\"twitter:label1\" content=\"Est. reading time\" \/>\n\t<meta name=\"twitter:data1\" content=\"2 minutes\" \/>\n<script type=\"application\/ld+json\" class=\"yoast-schema-graph\">{\"@context\":\"https:\/\/schema.org\",\"@graph\":[{\"@type\":\"WebPage\",\"@id\":\"https:\/\/www.slatinska-banka.hr\/poljoprivreda\/racuni-i-placanja\/karticno-poslovanje\/kreditna-kartica\/\",\"url\":\"https:\/\/www.slatinska-banka.hr\/poljoprivreda\/racuni-i-placanja\/karticno-poslovanje\/kreditna-kartica\/\",\"name\":\"Visa business credit - Slatinska Banka\",\"isPartOf\":{\"@id\":\"https:\/\/www.slatinska-banka.hr\/#website\"},\"primaryImageOfPage\":{\"@id\":\"https:\/\/www.slatinska-banka.hr\/poljoprivreda\/racuni-i-placanja\/karticno-poslovanje\/kreditna-kartica\/#primaryimage\"},\"image\":{\"@id\":\"https:\/\/www.slatinska-banka.hr\/poljoprivreda\/racuni-i-placanja\/karticno-poslovanje\/kreditna-kartica\/#primaryimage\"},\"thumbnailUrl\":\"https:\/\/www.slatinska-banka.hr\/wp-content\/uploads\/SLATINSKA-BANKA-VISA-KARTICE-Web-banneri-VISA-BUSINESS-CREDIT.png\",\"datePublished\":\"2019-02-18T17:41:03+00:00\",\"dateModified\":\"2024-06-12T09:38:44+00:00\",\"breadcrumb\":{\"@id\":\"https:\/\/www.slatinska-banka.hr\/poljoprivreda\/racuni-i-placanja\/karticno-poslovanje\/kreditna-kartica\/#breadcrumb\"},\"inLanguage\":\"en-US\",\"potentialAction\":[{\"@type\":\"ReadAction\",\"target\":[\"https:\/\/www.slatinska-banka.hr\/poljoprivreda\/racuni-i-placanja\/karticno-poslovanje\/kreditna-kartica\/\"]}]},{\"@type\":\"ImageObject\",\"inLanguage\":\"en-US\",\"@id\":\"https:\/\/www.slatinska-banka.hr\/poljoprivreda\/racuni-i-placanja\/karticno-poslovanje\/kreditna-kartica\/#primaryimage\",\"url\":\"https:\/\/www.slatinska-banka.hr\/wp-content\/uploads\/SLATINSKA-BANKA-VISA-KARTICE-Web-banneri-VISA-BUSINESS-CREDIT.png\",\"contentUrl\":\"https:\/\/www.slatinska-banka.hr\/wp-content\/uploads\/SLATINSKA-BANKA-VISA-KARTICE-Web-banneri-VISA-BUSINESS-CREDIT.png\",\"width\":376,\"height\":372},{\"@type\":\"BreadcrumbList\",\"@id\":\"https:\/\/www.slatinska-banka.hr\/poljoprivreda\/racuni-i-placanja\/karticno-poslovanje\/kreditna-kartica\/#breadcrumb\",\"itemListElement\":[{\"@type\":\"ListItem\",\"position\":1,\"name\":\"Poljoprivreda\",\"item\":\"https:\/\/www.slatinska-banka.hr\/poljoprivreda\/\"},{\"@type\":\"ListItem\",\"position\":2,\"name\":\"Ra\u010duni i pla\u0107anja\",\"item\":\"https:\/\/www.slatinska-banka.hr\/poljoprivreda\/racuni-i-placanja\/\"},{\"@type\":\"ListItem\",\"position\":3,\"name\":\"Karti\u010dno poslovanje\",\"item\":\"https:\/\/www.slatinska-banka.hr\/poljoprivreda\/racuni-i-placanja\/karticno-poslovanje\/\"},{\"@type\":\"ListItem\",\"position\":4,\"name\":\"Visa business credit\"}]},{\"@type\":\"WebSite\",\"@id\":\"https:\/\/www.slatinska-banka.hr\/#website\",\"url\":\"https:\/\/www.slatinska-banka.hr\/\",\"name\":\"Slatinska Banka\",\"description\":\"Razlika je u pristupu\",\"publisher\":{\"@id\":\"https:\/\/www.slatinska-banka.hr\/#organization\"},\"potentialAction\":[{\"@type\":\"SearchAction\",\"target\":{\"@type\":\"EntryPoint\",\"urlTemplate\":\"https:\/\/www.slatinska-banka.hr\/?s={search_term_string}\"},\"query-input\":{\"@type\":\"PropertyValueSpecification\",\"valueRequired\":true,\"valueName\":\"search_term_string\"}}],\"inLanguage\":\"en-US\"},{\"@type\":\"Organization\",\"@id\":\"https:\/\/www.slatinska-banka.hr\/#organization\",\"name\":\"Slatinska banka d.d.\",\"url\":\"https:\/\/www.slatinska-banka.hr\/\",\"logo\":{\"@type\":\"ImageObject\",\"inLanguage\":\"en-US\",\"@id\":\"https:\/\/www.slatinska-banka.hr\/#\/schema\/logo\/image\/\",\"url\":\"https:\/\/www.slatinska-banka.hr\/wp-content\/uploads\/2019\/02\/logo_big.png\",\"contentUrl\":\"https:\/\/www.slatinska-banka.hr\/wp-content\/uploads\/2019\/02\/logo_big.png\",\"width\":302,\"height\":244,\"caption\":\"Slatinska banka d.d.\"},\"image\":{\"@id\":\"https:\/\/www.slatinska-banka.hr\/#\/schema\/logo\/image\/\"},\"sameAs\":[\"https:\/\/www.facebook.com\/slatinskabanka\/\",\"https:\/\/www.linkedin.com\/company\/slatinska-banka-dd\"]}]}<\/script>\n<!-- \/ Yoast SEO plugin. -->","yoast_head_json":{"title":"Visa business credit - Slatinska Banka","robots":{"index":"index","follow":"follow","max-snippet":"max-snippet:-1","max-image-preview":"max-image-preview:large","max-video-preview":"max-video-preview:-1"},"canonical":"https:\/\/www.slatinska-banka.hr\/en\/poljoprivreda\/racuni-i-placanja\/karticno-poslovanje\/kreditna-kartica\/","og_locale":"en_US","og_type":"article","og_title":"Visa business credit - Slatinska Banka","og_description":"Visa Business credit kartica prati potrebe va\u0161eg poslovanja i predstavlja prakti\u010dan na\u010din pla\u0107anja u svim situacijama. Kartica i novi PIN sti\u017eu na Va\u0161u adresu Visa Business credit kartica omogu\u0107uje vam: [&hellip;]","og_url":"https:\/\/www.slatinska-banka.hr\/en\/poljoprivreda\/racuni-i-placanja\/karticno-poslovanje\/kreditna-kartica\/","og_site_name":"Slatinska Banka","article_publisher":"https:\/\/www.facebook.com\/slatinskabanka\/","article_modified_time":"2024-06-12T09:38:44+00:00","og_image":[{"width":376,"height":372,"url":"https:\/\/www.slatinska-banka.hr\/wp-content\/uploads\/SLATINSKA-BANKA-VISA-KARTICE-Web-banneri-VISA-BUSINESS-CREDIT.png","type":"image\/png"}],"twitter_card":"summary_large_image","twitter_misc":{"Est. reading time":"2 minutes"},"schema":{"@context":"https:\/\/schema.org","@graph":[{"@type":"WebPage","@id":"https:\/\/www.slatinska-banka.hr\/poljoprivreda\/racuni-i-placanja\/karticno-poslovanje\/kreditna-kartica\/","url":"https:\/\/www.slatinska-banka.hr\/poljoprivreda\/racuni-i-placanja\/karticno-poslovanje\/kreditna-kartica\/","name":"Visa business credit - Slatinska Banka","isPartOf":{"@id":"https:\/\/www.slatinska-banka.hr\/#website"},"primaryImageOfPage":{"@id":"https:\/\/www.slatinska-banka.hr\/poljoprivreda\/racuni-i-placanja\/karticno-poslovanje\/kreditna-kartica\/#primaryimage"},"image":{"@id":"https:\/\/www.slatinska-banka.hr\/poljoprivreda\/racuni-i-placanja\/karticno-poslovanje\/kreditna-kartica\/#primaryimage"},"thumbnailUrl":"https:\/\/www.slatinska-banka.hr\/wp-content\/uploads\/SLATINSKA-BANKA-VISA-KARTICE-Web-banneri-VISA-BUSINESS-CREDIT.png","datePublished":"2019-02-18T17:41:03+00:00","dateModified":"2024-06-12T09:38:44+00:00","breadcrumb":{"@id":"https:\/\/www.slatinska-banka.hr\/poljoprivreda\/racuni-i-placanja\/karticno-poslovanje\/kreditna-kartica\/#breadcrumb"},"inLanguage":"en-US","potentialAction":[{"@type":"ReadAction","target":["https:\/\/www.slatinska-banka.hr\/poljoprivreda\/racuni-i-placanja\/karticno-poslovanje\/kreditna-kartica\/"]}]},{"@type":"ImageObject","inLanguage":"en-US","@id":"https:\/\/www.slatinska-banka.hr\/poljoprivreda\/racuni-i-placanja\/karticno-poslovanje\/kreditna-kartica\/#primaryimage","url":"https:\/\/www.slatinska-banka.hr\/wp-content\/uploads\/SLATINSKA-BANKA-VISA-KARTICE-Web-banneri-VISA-BUSINESS-CREDIT.png","contentUrl":"https:\/\/www.slatinska-banka.hr\/wp-content\/uploads\/SLATINSKA-BANKA-VISA-KARTICE-Web-banneri-VISA-BUSINESS-CREDIT.png","width":376,"height":372},{"@type":"BreadcrumbList","@id":"https:\/\/www.slatinska-banka.hr\/poljoprivreda\/racuni-i-placanja\/karticno-poslovanje\/kreditna-kartica\/#breadcrumb","itemListElement":[{"@type":"ListItem","position":1,"name":"Poljoprivreda","item":"https:\/\/www.slatinska-banka.hr\/poljoprivreda\/"},{"@type":"ListItem","position":2,"name":"Ra\u010duni i pla\u0107anja","item":"https:\/\/www.slatinska-banka.hr\/poljoprivreda\/racuni-i-placanja\/"},{"@type":"ListItem","position":3,"name":"Karti\u010dno poslovanje","item":"https:\/\/www.slatinska-banka.hr\/poljoprivreda\/racuni-i-placanja\/karticno-poslovanje\/"},{"@type":"ListItem","position":4,"name":"Visa business credit"}]},{"@type":"WebSite","@id":"https:\/\/www.slatinska-banka.hr\/#website","url":"https:\/\/www.slatinska-banka.hr\/","name":"Slatinska Banka","description":"Razlika je u pristupu","publisher":{"@id":"https:\/\/www.slatinska-banka.hr\/#organization"},"potentialAction":[{"@type":"SearchAction","target":{"@type":"EntryPoint","urlTemplate":"https:\/\/www.slatinska-banka.hr\/?s={search_term_string}"},"query-input":{"@type":"PropertyValueSpecification","valueRequired":true,"valueName":"search_term_string"}}],"inLanguage":"en-US"},{"@type":"Organization","@id":"https:\/\/www.slatinska-banka.hr\/#organization","name":"Slatinska banka d.d.","url":"https:\/\/www.slatinska-banka.hr\/","logo":{"@type":"ImageObject","inLanguage":"en-US","@id":"https:\/\/www.slatinska-banka.hr\/#\/schema\/logo\/image\/","url":"https:\/\/www.slatinska-banka.hr\/wp-content\/uploads\/2019\/02\/logo_big.png","contentUrl":"https:\/\/www.slatinska-banka.hr\/wp-content\/uploads\/2019\/02\/logo_big.png","width":302,"height":244,"caption":"Slatinska banka d.d."},"image":{"@id":"https:\/\/www.slatinska-banka.hr\/#\/schema\/logo\/image\/"},"sameAs":["https:\/\/www.facebook.com\/slatinskabanka\/","https:\/\/www.linkedin.com\/company\/slatinska-banka-dd"]}]}},"_links":{"self":[{"href":"https:\/\/www.slatinska-banka.hr\/en\/wp-json\/wp\/v2\/pages\/1215","targetHints":{"allow":["GET"]}}],"collection":[{"href":"https:\/\/www.slatinska-banka.hr\/en\/wp-json\/wp\/v2\/pages"}],"about":[{"href":"https:\/\/www.slatinska-banka.hr\/en\/wp-json\/wp\/v2\/types\/page"}],"author":[{"embeddable":true,"href":"https:\/\/www.slatinska-banka.hr\/en\/wp-json\/wp\/v2\/users\/14"}],"replies":[{"embeddable":true,"href":"https:\/\/www.slatinska-banka.hr\/en\/wp-json\/wp\/v2\/comments?post=1215"}],"version-history":[{"count":17,"href":"https:\/\/www.slatinska-banka.hr\/en\/wp-json\/wp\/v2\/pages\/1215\/revisions"}],"predecessor-version":[{"id":1518402,"href":"https:\/\/www.slatinska-banka.hr\/en\/wp-json\/wp\/v2\/pages\/1215\/revisions\/1518402"}],"up":[{"embeddable":true,"href":"https:\/\/www.slatinska-banka.hr\/en\/wp-json\/wp\/v2\/pages\/700"}],"wp:featuredmedia":[{"embeddable":true,"href":"https:\/\/www.slatinska-banka.hr\/en\/wp-json\/wp\/v2\/media\/555526"}],"wp:attachment":[{"href":"https:\/\/www.slatinska-banka.hr\/en\/wp-json\/wp\/v2\/media?parent=1215"}],"wp:term":[{"taxonomy":"category","embeddable":true,"href":"https:\/\/www.slatinska-banka.hr\/en\/wp-json\/wp\/v2\/categories?post=1215"},{"taxonomy":"post_tag","embeddable":true,"href":"https:\/\/www.slatinska-banka.hr\/en\/wp-json\/wp\/v2\/tags?post=1215"}],"curies":[{"name":"wp","href":"https:\/\/api.w.org\/{rel}","templated":true}]}}