{"id":1207,"date":"2019-02-18T18:33:51","date_gmt":"2019-02-18T17:33:51","guid":{"rendered":"http:\/\/www.slatinska-banka.hr\/?page_id=1207"},"modified":"2025-11-07T09:12:14","modified_gmt":"2025-11-07T08:12:14","slug":"debitna-kartica","status":"publish","type":"page","link":"https:\/\/www.slatinska-banka.hr\/en\/poljoprivreda\/racuni-i-placanja\/karticno-poslovanje\/debitna-kartica\/","title":{"rendered":"Visa business debit"},"content":{"rendered":"<p class=\"intro\">Upoznajte novu <em>Visa<\/em> BUSINESS debitnu karticu Slatinske banke.<\/p>\r\n\r\n<h4>Svojim jedinstvenim stilom predstavlja moderan, inovativan i siguran odnos poslovanja s Bankom, a istovremeno zadr\u017eava postoje\u0107e funkcionalnosti.<\/h4>\r\n<h4>Ulaskom u <em>Visa<\/em> obitelj, Slatinska banka omogu\u0107ila je svojim klijentima, poslovnim subjektima, karticu koja je prihva\u0107ena na prodajnim mjestima u cijelom svijetu.<\/h4>\r\n<img loading=\"lazy\" decoding=\"async\" class=\"wp-image-555525 size-medium aligncenter\" src=\"https:\/\/www.slatinska-banka.hr\/wp-content\/uploads\/SLATINSKA-BANKA-VISA-KARTICE-Web-banneri-VISA-BUSINESS-DEBIT-300x297.png\" alt=\"\" width=\"300\" height=\"297\" srcset=\"https:\/\/www.slatinska-banka.hr\/wp-content\/uploads\/SLATINSKA-BANKA-VISA-KARTICE-Web-banneri-VISA-BUSINESS-DEBIT-300x297.png 300w, https:\/\/www.slatinska-banka.hr\/wp-content\/uploads\/SLATINSKA-BANKA-VISA-KARTICE-Web-banneri-VISA-BUSINESS-DEBIT-150x150.png 150w, https:\/\/www.slatinska-banka.hr\/wp-content\/uploads\/SLATINSKA-BANKA-VISA-KARTICE-Web-banneri-VISA-BUSINESS-DEBIT-12x12.png 12w, https:\/\/www.slatinska-banka.hr\/wp-content\/uploads\/SLATINSKA-BANKA-VISA-KARTICE-Web-banneri-VISA-BUSINESS-DEBIT.png 376w\" sizes=\"auto, (max-width: 300px) 100vw, 300px\" \/>\r\n<p style=\"text-align: center;\"><strong><em>Kartica sti\u017ee na Va\u0161u adresu i Va\u0161 PIN ostaje ISTI<\/em><\/strong><\/p>\r\n&nbsp;\r\n\r\n&nbsp;\r\n\r\n<strong>Ostale pogodnosti <em>Visa<\/em> BUSINESS kartice:<\/strong>\r\n<ul>\r\n \t<li>Prilikom prve transakcije karticu umetnite u bankomat ili EFTPOS terminal i potvrdite PIN-om<\/li>\r\n \t<li>Ve\u0107i iznosi dnevnog limita na bankomatima i EFTPOS terminalima<\/li>\r\n \t<li>Beskontaktno pla\u0107anje do <strong>40 EUR \u00a0<\/strong><\/li>\r\n \t<li>Vi\u0161e od <strong>60 milijuna<\/strong> prodajnih mjesta<\/li>\r\n \t<li>Mogu\u0107nost ugovaranja servisa elektronskog pla\u0107anja: <strong>PayPal\u00a0<\/strong><\/li>\r\n \t<li>Sigurnost pla\u0107anja na Internetu \u2013 <strong><em>Visa<\/em> Secure\u00a0\u00a0\u00a0<\/strong><\/li>\r\n<\/ul>\r\n&nbsp;\r\n\r\n&nbsp;\r\n\r\n<div class=\"accordeon\">\r\n\r\n<h2><span class=\"naslov\">\u0161to treba znati pri kori\u0161tenju kartice<\/span><\/h2><div><p style=\"text-align: justify;\">Kartica glasi na ime poslovnog subjekta i izdaje se za na ime krajnjeg korisnika kojeg je ovla\u0161tena osoba za zastupanje ovlastila za raspolaganje sredstvima na ra\u010dunu , neprenosiva je i izdaje se na rok prema Odluci Banke, minimalno na 5 godine. Nakon isteka toga roka valjanost se produ\u017euje sukladno Odluci Banke.<\/p>\n<p style=\"text-align: justify;\">Pri podizanju gotovine na bankomatu:<\/p>\n<ul style=\"text-align: justify;\">\n<li>Odabere se ili unosi se \u017eeljeni iznos gotovine u valuti zemlje u kojoj podi\u017ee\u0161 gotovinu<\/li>\n<li>Potrebno se identificirati sa PIN-om<\/li>\n<li>Teku\u0107i ra\u010dun \u0107e odmah biti tere\u0107en za podignuti iznos<\/li>\n<li>Ukoliko se koristi bankomat Slatinske banke d.d. ne pla\u0107a se naknada<\/li>\n<\/ul>\n<p style=\"text-align: justify;\">Na prodajnim mjestima s oznakom<em> Visa<\/em>:<\/p>\n<ul>\n<li style=\"text-align: justify;\">Iznos pla\u0107ene robe teretit \u0107e teku\u0107i ra\u010dun odmah<\/li>\n<li style=\"text-align: justify;\">Unosom PIN-a (tajnog broja) izvr\u0161it \u0107e se identifikacija na prodajnom mjestu<\/li>\n<li style=\"text-align: justify;\">Jedan primjerak ra\u010duna prodavatelj \u0107e uru\u010diti kupcu (vlasniku <em>Visa<\/em> kartice)<\/li>\n<li style=\"text-align: justify;\"><em>Visa<\/em> kartica na prodajnim mjestima koristi se bez naknade<\/li>\n<\/ul>\n<\/div>\r\n\r\n<h2><span class=\"naslov\">dnevni limiti<\/span><\/h2><div><p>Transakcija unutar 24 sata:<\/p>\n<ul>\n<li>Maksimalna transakcija prodaje (EFTPOS) 3.000,00 eura<\/li>\n<li>Maksimalna isplata gotovine (ATM) 1.000,00 eura<\/li>\n<li>Broj uspje\u0161nih dnevnih transakcija na ATM 6<\/li>\n<li>Broj uspje\u0161nih dnevnih transakcija na POS-u 12<\/li>\n<\/ul>\n<\/div>\r\n\r\n<h2><span class=\"naslov\">korisni savjeti<\/span><\/h2><div><ul>\n<li style=\"text-align: justify;\">Zapi\u0161ite brojeve Va\u0161ih kartica i brojeve telefona na koje mo\u017eete prijaviti kra\u0111u ili nestanak i \u010duvajte iz odvojeno od samih kartica<\/li>\n<li style=\"text-align: justify;\">PIN zapamtite. Nemojte ga \u010duvati zapisanog pored kartice ili na samoj kartici<\/li>\n<li style=\"text-align: justify;\">Savjetujemo Vam da gotovinu i karticu ne dr\u017eite zajedno, na istom mjestu.<\/li>\n<li style=\"text-align: justify;\">Karticu nikada ne ostavljajte bez nadzora, pogotovo na javnom mjestu.<\/li>\n<li style=\"text-align: justify;\">Staru karticu, kojoj je istekao rok valjanosti, uvijek prere\u017eite po magnetskoj traci i zatim je fizi\u010dki uni\u0161tite<\/li>\n<li style=\"text-align: justify;\">Pri kupnji, na prodajnom mjestu, provjerite je li u\u010dinjeni tro\u0161ak identi\u010dan upisanom iznosu koji \u0107e teretiti Va\u0161u karticu<\/li>\n<li style=\"text-align: justify;\">U slu\u010daju otu\u0111enja ili nestanka kartice, za objavu gubitka odmah nazovite Banku na broj <strong>033\/637-026<\/strong> ili EGCP na broj <strong>01 3078 699<\/strong>.<\/li>\n<li style=\"text-align: justify;\">Telefonsku prijavu korisnik kartice obavezno potvr\u0111uje pismeno isti ili najkasnije slijede\u0107i dan od telefonske prijave osobno u poslovnici Banke<\/li>\n<li style=\"text-align: justify;\">U slu\u010daju o\u0161te\u0107enja kartice korisnik je du\u017ean obratiti se u poslovnicu Banke, te dati zahtjev za izradu nove kartice.<\/li>\n<li style=\"text-align: justify;\">U slu\u010daju da korisnik <em>Visa<\/em> kartice ime reklamaciju na kori\u0161tenje kartice, mo\u017ee se obratiti u poslovnicu Banke te pismenim putem potvrditi reklamaciju<\/li>\n<li style=\"text-align: justify;\">Ukoliko korisnik nakon prijave nestanka prona\u0111e karticu, ne smije ju koristiti, ve\u0107 je o tome du\u017ean obavijestiti Banku, te ju prerezanu odmah vratiti.<\/li>\n<\/ul>\n<\/div>\r\n\r\n<h2><span class=\"naslov\">Contacts<\/span><\/h2><div><p style=\"text-align: justify;\">Za sva pitanja i reklamacije vezane za karti\u010dno poslovanje, kontakt telefon je <strong>033 637 026<\/strong> u toku radnog vremena, za gubitak ili kra\u0111u kartice koja nastane izvan radnog vremena potrebno se javiti u nadzor EGCP mre\u017ee na tel. <strong>01 3078 699<\/strong>. Krajnji rok za podno\u0161enje reklamacija je 30 dana od dana nastanka transakcije pismenom prijavom.<\/p>\n<\/div>\r\n\r\n<\/div>\r\n\r\n&nbsp;","protected":false},"excerpt":{"rendered":"<p>Upoznajte novu Visa BUSINESS debitnu karticu Slatinske banke. Svojim jedinstvenim stilom predstavlja moderan, inovativan i siguran odnos poslovanja s Bankom, a istovremeno zadr\u017eava postoje\u0107e funkcionalnosti. Ulaskom u Visa obitelj, Slatinska [&hellip;]<\/p>","protected":false},"author":14,"featured_media":555525,"parent":700,"menu_order":0,"comment_status":"closed","ping_status":"closed","template":"page-template-4.php","meta":{"_acf_changed":false,"footnotes":""},"categories":[],"tags":[],"class_list":["post-1207","page","type-page","status-publish","has-post-thumbnail","hentry"],"acf":[],"yoast_head":"<!-- This site is optimized with the Yoast SEO plugin v25.4 - https:\/\/yoast.com\/wordpress\/plugins\/seo\/ -->\n<title>Visa business debit - Slatinska Banka<\/title>\n<meta name=\"robots\" content=\"index, follow, max-snippet:-1, max-image-preview:large, max-video-preview:-1\" \/>\n<link rel=\"canonical\" href=\"https:\/\/www.slatinska-banka.hr\/en\/poljoprivreda\/racuni-i-placanja\/karticno-poslovanje\/debitna-kartica\/\" \/>\n<meta property=\"og:locale\" content=\"en_US\" \/>\n<meta property=\"og:type\" content=\"article\" \/>\n<meta property=\"og:title\" content=\"Visa business debit - Slatinska Banka\" \/>\n<meta property=\"og:description\" content=\"Upoznajte novu Visa BUSINESS debitnu karticu Slatinske banke. Svojim jedinstvenim stilom predstavlja moderan, inovativan i siguran odnos poslovanja s Bankom, a istovremeno zadr\u017eava postoje\u0107e funkcionalnosti. Ulaskom u Visa obitelj, Slatinska [&hellip;]\" \/>\n<meta property=\"og:url\" content=\"https:\/\/www.slatinska-banka.hr\/en\/poljoprivreda\/racuni-i-placanja\/karticno-poslovanje\/debitna-kartica\/\" \/>\n<meta property=\"og:site_name\" content=\"Slatinska Banka\" \/>\n<meta property=\"article:publisher\" content=\"https:\/\/www.facebook.com\/slatinskabanka\/\" \/>\n<meta property=\"article:modified_time\" content=\"2025-11-07T08:12:14+00:00\" \/>\n<meta property=\"og:image\" content=\"https:\/\/www.slatinska-banka.hr\/wp-content\/uploads\/SLATINSKA-BANKA-VISA-KARTICE-Web-banneri-VISA-BUSINESS-DEBIT.png\" \/>\n\t<meta property=\"og:image:width\" content=\"376\" \/>\n\t<meta property=\"og:image:height\" content=\"372\" \/>\n\t<meta property=\"og:image:type\" content=\"image\/png\" \/>\n<meta name=\"twitter:card\" content=\"summary_large_image\" \/>\n<meta name=\"twitter:label1\" content=\"Est. reading time\" \/>\n\t<meta name=\"twitter:data1\" content=\"3 minutes\" \/>\n<script type=\"application\/ld+json\" class=\"yoast-schema-graph\">{\"@context\":\"https:\/\/schema.org\",\"@graph\":[{\"@type\":\"WebPage\",\"@id\":\"https:\/\/www.slatinska-banka.hr\/poljoprivreda\/racuni-i-placanja\/karticno-poslovanje\/debitna-kartica\/\",\"url\":\"https:\/\/www.slatinska-banka.hr\/poljoprivreda\/racuni-i-placanja\/karticno-poslovanje\/debitna-kartica\/\",\"name\":\"Visa business debit - Slatinska Banka\",\"isPartOf\":{\"@id\":\"https:\/\/www.slatinska-banka.hr\/#website\"},\"primaryImageOfPage\":{\"@id\":\"https:\/\/www.slatinska-banka.hr\/poljoprivreda\/racuni-i-placanja\/karticno-poslovanje\/debitna-kartica\/#primaryimage\"},\"image\":{\"@id\":\"https:\/\/www.slatinska-banka.hr\/poljoprivreda\/racuni-i-placanja\/karticno-poslovanje\/debitna-kartica\/#primaryimage\"},\"thumbnailUrl\":\"https:\/\/www.slatinska-banka.hr\/wp-content\/uploads\/SLATINSKA-BANKA-VISA-KARTICE-Web-banneri-VISA-BUSINESS-DEBIT.png\",\"datePublished\":\"2019-02-18T17:33:51+00:00\",\"dateModified\":\"2025-11-07T08:12:14+00:00\",\"breadcrumb\":{\"@id\":\"https:\/\/www.slatinska-banka.hr\/poljoprivreda\/racuni-i-placanja\/karticno-poslovanje\/debitna-kartica\/#breadcrumb\"},\"inLanguage\":\"en-US\",\"potentialAction\":[{\"@type\":\"ReadAction\",\"target\":[\"https:\/\/www.slatinska-banka.hr\/poljoprivreda\/racuni-i-placanja\/karticno-poslovanje\/debitna-kartica\/\"]}]},{\"@type\":\"ImageObject\",\"inLanguage\":\"en-US\",\"@id\":\"https:\/\/www.slatinska-banka.hr\/poljoprivreda\/racuni-i-placanja\/karticno-poslovanje\/debitna-kartica\/#primaryimage\",\"url\":\"https:\/\/www.slatinska-banka.hr\/wp-content\/uploads\/SLATINSKA-BANKA-VISA-KARTICE-Web-banneri-VISA-BUSINESS-DEBIT.png\",\"contentUrl\":\"https:\/\/www.slatinska-banka.hr\/wp-content\/uploads\/SLATINSKA-BANKA-VISA-KARTICE-Web-banneri-VISA-BUSINESS-DEBIT.png\",\"width\":376,\"height\":372},{\"@type\":\"BreadcrumbList\",\"@id\":\"https:\/\/www.slatinska-banka.hr\/poljoprivreda\/racuni-i-placanja\/karticno-poslovanje\/debitna-kartica\/#breadcrumb\",\"itemListElement\":[{\"@type\":\"ListItem\",\"position\":1,\"name\":\"Poljoprivreda\",\"item\":\"https:\/\/www.slatinska-banka.hr\/poljoprivreda\/\"},{\"@type\":\"ListItem\",\"position\":2,\"name\":\"Ra\u010duni i pla\u0107anja\",\"item\":\"https:\/\/www.slatinska-banka.hr\/poljoprivreda\/racuni-i-placanja\/\"},{\"@type\":\"ListItem\",\"position\":3,\"name\":\"Karti\u010dno poslovanje\",\"item\":\"https:\/\/www.slatinska-banka.hr\/poljoprivreda\/racuni-i-placanja\/karticno-poslovanje\/\"},{\"@type\":\"ListItem\",\"position\":4,\"name\":\"Visa business debit\"}]},{\"@type\":\"WebSite\",\"@id\":\"https:\/\/www.slatinska-banka.hr\/#website\",\"url\":\"https:\/\/www.slatinska-banka.hr\/\",\"name\":\"Slatinska Banka\",\"description\":\"Razlika je u pristupu\",\"publisher\":{\"@id\":\"https:\/\/www.slatinska-banka.hr\/#organization\"},\"potentialAction\":[{\"@type\":\"SearchAction\",\"target\":{\"@type\":\"EntryPoint\",\"urlTemplate\":\"https:\/\/www.slatinska-banka.hr\/?s={search_term_string}\"},\"query-input\":{\"@type\":\"PropertyValueSpecification\",\"valueRequired\":true,\"valueName\":\"search_term_string\"}}],\"inLanguage\":\"en-US\"},{\"@type\":\"Organization\",\"@id\":\"https:\/\/www.slatinska-banka.hr\/#organization\",\"name\":\"Slatinska banka d.d.\",\"url\":\"https:\/\/www.slatinska-banka.hr\/\",\"logo\":{\"@type\":\"ImageObject\",\"inLanguage\":\"en-US\",\"@id\":\"https:\/\/www.slatinska-banka.hr\/#\/schema\/logo\/image\/\",\"url\":\"https:\/\/www.slatinska-banka.hr\/wp-content\/uploads\/2019\/02\/logo_big.png\",\"contentUrl\":\"https:\/\/www.slatinska-banka.hr\/wp-content\/uploads\/2019\/02\/logo_big.png\",\"width\":302,\"height\":244,\"caption\":\"Slatinska banka d.d.\"},\"image\":{\"@id\":\"https:\/\/www.slatinska-banka.hr\/#\/schema\/logo\/image\/\"},\"sameAs\":[\"https:\/\/www.facebook.com\/slatinskabanka\/\",\"https:\/\/www.linkedin.com\/company\/slatinska-banka-dd\"]}]}<\/script>\n<!-- \/ Yoast SEO plugin. -->","yoast_head_json":{"title":"Visa business debit - Slatinska Banka","robots":{"index":"index","follow":"follow","max-snippet":"max-snippet:-1","max-image-preview":"max-image-preview:large","max-video-preview":"max-video-preview:-1"},"canonical":"https:\/\/www.slatinska-banka.hr\/en\/poljoprivreda\/racuni-i-placanja\/karticno-poslovanje\/debitna-kartica\/","og_locale":"en_US","og_type":"article","og_title":"Visa business debit - Slatinska Banka","og_description":"Upoznajte novu Visa BUSINESS debitnu karticu Slatinske banke. Svojim jedinstvenim stilom predstavlja moderan, inovativan i siguran odnos poslovanja s Bankom, a istovremeno zadr\u017eava postoje\u0107e funkcionalnosti. Ulaskom u Visa obitelj, Slatinska [&hellip;]","og_url":"https:\/\/www.slatinska-banka.hr\/en\/poljoprivreda\/racuni-i-placanja\/karticno-poslovanje\/debitna-kartica\/","og_site_name":"Slatinska Banka","article_publisher":"https:\/\/www.facebook.com\/slatinskabanka\/","article_modified_time":"2025-11-07T08:12:14+00:00","og_image":[{"width":376,"height":372,"url":"https:\/\/www.slatinska-banka.hr\/wp-content\/uploads\/SLATINSKA-BANKA-VISA-KARTICE-Web-banneri-VISA-BUSINESS-DEBIT.png","type":"image\/png"}],"twitter_card":"summary_large_image","twitter_misc":{"Est. reading time":"3 minutes"},"schema":{"@context":"https:\/\/schema.org","@graph":[{"@type":"WebPage","@id":"https:\/\/www.slatinska-banka.hr\/poljoprivreda\/racuni-i-placanja\/karticno-poslovanje\/debitna-kartica\/","url":"https:\/\/www.slatinska-banka.hr\/poljoprivreda\/racuni-i-placanja\/karticno-poslovanje\/debitna-kartica\/","name":"Visa business debit - Slatinska Banka","isPartOf":{"@id":"https:\/\/www.slatinska-banka.hr\/#website"},"primaryImageOfPage":{"@id":"https:\/\/www.slatinska-banka.hr\/poljoprivreda\/racuni-i-placanja\/karticno-poslovanje\/debitna-kartica\/#primaryimage"},"image":{"@id":"https:\/\/www.slatinska-banka.hr\/poljoprivreda\/racuni-i-placanja\/karticno-poslovanje\/debitna-kartica\/#primaryimage"},"thumbnailUrl":"https:\/\/www.slatinska-banka.hr\/wp-content\/uploads\/SLATINSKA-BANKA-VISA-KARTICE-Web-banneri-VISA-BUSINESS-DEBIT.png","datePublished":"2019-02-18T17:33:51+00:00","dateModified":"2025-11-07T08:12:14+00:00","breadcrumb":{"@id":"https:\/\/www.slatinska-banka.hr\/poljoprivreda\/racuni-i-placanja\/karticno-poslovanje\/debitna-kartica\/#breadcrumb"},"inLanguage":"en-US","potentialAction":[{"@type":"ReadAction","target":["https:\/\/www.slatinska-banka.hr\/poljoprivreda\/racuni-i-placanja\/karticno-poslovanje\/debitna-kartica\/"]}]},{"@type":"ImageObject","inLanguage":"en-US","@id":"https:\/\/www.slatinska-banka.hr\/poljoprivreda\/racuni-i-placanja\/karticno-poslovanje\/debitna-kartica\/#primaryimage","url":"https:\/\/www.slatinska-banka.hr\/wp-content\/uploads\/SLATINSKA-BANKA-VISA-KARTICE-Web-banneri-VISA-BUSINESS-DEBIT.png","contentUrl":"https:\/\/www.slatinska-banka.hr\/wp-content\/uploads\/SLATINSKA-BANKA-VISA-KARTICE-Web-banneri-VISA-BUSINESS-DEBIT.png","width":376,"height":372},{"@type":"BreadcrumbList","@id":"https:\/\/www.slatinska-banka.hr\/poljoprivreda\/racuni-i-placanja\/karticno-poslovanje\/debitna-kartica\/#breadcrumb","itemListElement":[{"@type":"ListItem","position":1,"name":"Poljoprivreda","item":"https:\/\/www.slatinska-banka.hr\/poljoprivreda\/"},{"@type":"ListItem","position":2,"name":"Ra\u010duni i pla\u0107anja","item":"https:\/\/www.slatinska-banka.hr\/poljoprivreda\/racuni-i-placanja\/"},{"@type":"ListItem","position":3,"name":"Karti\u010dno poslovanje","item":"https:\/\/www.slatinska-banka.hr\/poljoprivreda\/racuni-i-placanja\/karticno-poslovanje\/"},{"@type":"ListItem","position":4,"name":"Visa business debit"}]},{"@type":"WebSite","@id":"https:\/\/www.slatinska-banka.hr\/#website","url":"https:\/\/www.slatinska-banka.hr\/","name":"Slatinska Banka","description":"Razlika je u pristupu","publisher":{"@id":"https:\/\/www.slatinska-banka.hr\/#organization"},"potentialAction":[{"@type":"SearchAction","target":{"@type":"EntryPoint","urlTemplate":"https:\/\/www.slatinska-banka.hr\/?s={search_term_string}"},"query-input":{"@type":"PropertyValueSpecification","valueRequired":true,"valueName":"search_term_string"}}],"inLanguage":"en-US"},{"@type":"Organization","@id":"https:\/\/www.slatinska-banka.hr\/#organization","name":"Slatinska banka d.d.","url":"https:\/\/www.slatinska-banka.hr\/","logo":{"@type":"ImageObject","inLanguage":"en-US","@id":"https:\/\/www.slatinska-banka.hr\/#\/schema\/logo\/image\/","url":"https:\/\/www.slatinska-banka.hr\/wp-content\/uploads\/2019\/02\/logo_big.png","contentUrl":"https:\/\/www.slatinska-banka.hr\/wp-content\/uploads\/2019\/02\/logo_big.png","width":302,"height":244,"caption":"Slatinska banka d.d."},"image":{"@id":"https:\/\/www.slatinska-banka.hr\/#\/schema\/logo\/image\/"},"sameAs":["https:\/\/www.facebook.com\/slatinskabanka\/","https:\/\/www.linkedin.com\/company\/slatinska-banka-dd"]}]}},"_links":{"self":[{"href":"https:\/\/www.slatinska-banka.hr\/en\/wp-json\/wp\/v2\/pages\/1207","targetHints":{"allow":["GET"]}}],"collection":[{"href":"https:\/\/www.slatinska-banka.hr\/en\/wp-json\/wp\/v2\/pages"}],"about":[{"href":"https:\/\/www.slatinska-banka.hr\/en\/wp-json\/wp\/v2\/types\/page"}],"author":[{"embeddable":true,"href":"https:\/\/www.slatinska-banka.hr\/en\/wp-json\/wp\/v2\/users\/14"}],"replies":[{"embeddable":true,"href":"https:\/\/www.slatinska-banka.hr\/en\/wp-json\/wp\/v2\/comments?post=1207"}],"version-history":[{"count":15,"href":"https:\/\/www.slatinska-banka.hr\/en\/wp-json\/wp\/v2\/pages\/1207\/revisions"}],"predecessor-version":[{"id":4160654,"href":"https:\/\/www.slatinska-banka.hr\/en\/wp-json\/wp\/v2\/pages\/1207\/revisions\/4160654"}],"up":[{"embeddable":true,"href":"https:\/\/www.slatinska-banka.hr\/en\/wp-json\/wp\/v2\/pages\/700"}],"wp:featuredmedia":[{"embeddable":true,"href":"https:\/\/www.slatinska-banka.hr\/en\/wp-json\/wp\/v2\/media\/555525"}],"wp:attachment":[{"href":"https:\/\/www.slatinska-banka.hr\/en\/wp-json\/wp\/v2\/media?parent=1207"}],"wp:term":[{"taxonomy":"category","embeddable":true,"href":"https:\/\/www.slatinska-banka.hr\/en\/wp-json\/wp\/v2\/categories?post=1207"},{"taxonomy":"post_tag","embeddable":true,"href":"https:\/\/www.slatinska-banka.hr\/en\/wp-json\/wp\/v2\/tags?post=1207"}],"curies":[{"name":"wp","href":"https:\/\/api.w.org\/{rel}","templated":true}]}}