{"id":11555,"date":"2021-03-17T11:32:16","date_gmt":"2021-03-17T10:32:16","guid":{"rendered":"http:\/\/www.slatinska-banka.hr\/?page_id=11555"},"modified":"2026-02-13T11:43:25","modified_gmt":"2026-02-13T10:43:25","slug":"krediti-za-sjetvu-uz-subvenciju-vpz","status":"publish","type":"page","link":"https:\/\/www.slatinska-banka.hr\/en\/poljoprivreda\/krediti-i-financiranja\/priprema-sjetve\/krediti-za-sjetvu-uz-subvenciju-vpz\/","title":{"rendered":"Virovitica-Podravina County (VP\u017d) grants for sowing"},"content":{"rendered":"<h2>Krediti za nabavu repromaterijala za poljoprivredne kulture u sjetvi!<\/h2>\r\nViroviti\u010dko-podravska \u017eupanija poljoprivrednicima s podru\u010dja \u017dupanije subvencionira kamatu u cijelosti do iskori\u0161tenja sredstava, stoga javi se odmah na <a href=\"https:\/\/www.vpz.hr\/wp-content\/uploads\/2025\/02\/Javni-poziv-proljetna-i-jesenska-sjetva-2025.pdf\">javni poziv<\/a>!\r\n<h4><\/h4>\r\n&nbsp;\r\n\r\n<img loading=\"lazy\" decoding=\"async\" class=\"wp-image-936161\" src=\"https:\/\/www.slatinska-banka.hr\/wp-content\/uploads\/slika-3-004-300x168.jpg\" alt=\"\" width=\"480\" height=\"269\" srcset=\"https:\/\/www.slatinska-banka.hr\/wp-content\/uploads\/\/slika-3-004-300x168.jpg 300w, https:\/\/www.slatinska-banka.hr\/wp-content\/uploads\/\/slika-3-004-1024x574.jpg 1024w, https:\/\/www.slatinska-banka.hr\/wp-content\/uploads\/\/slika-3-004-768x430.jpg 768w, https:\/\/www.slatinska-banka.hr\/wp-content\/uploads\/\/slika-3-004-1536x861.jpg 1536w, https:\/\/www.slatinska-banka.hr\/wp-content\/uploads\/\/slika-3-004-2048x1147.jpg 2048w, https:\/\/www.slatinska-banka.hr\/wp-content\/uploads\/\/slika-3-004-18x10.jpg 18w\" sizes=\"auto, (max-width: 480px) 100vw, 480px\" \/>\r\n\r\n&nbsp;\r\n\r\n&nbsp;\r\n\r\n<div class=\"accordeon\">\r\n\r\n<h2><span class=\"naslov\">VI\u0160E INFORMACIJA<\/span><\/h2><div><ul>\n<li>Iznos 3.000,00 do 65.000,00 eura<\/li>\n<li>Kamatna stopa: 0%, uz subvenciju Viroviti\u010dko-podravske \u017eupanije<\/li>\n<li>Rok vra\u0107anja kredita: do\u00a0 10 mjeseci<\/li>\n<li>Dinamika: jednokratno, ili sukcesivno<\/li>\n<\/ul>\n<ul style=\"list-style-type: circle;\">\n<li style=\"list-style-type: none;\"><\/li>\n<\/ul>\n<\/div>\r\n\r\n<\/div>\r\n\r\n<div class=\"accordeon\">\r\n\r\n<h2><span class=\"naslov\">KAKO SE PODNOSI ZAHTJEV?<\/span><\/h2><div><p>Isklju\u010divo elektronskim putem, vi\u0161e informacija <strong><a href=\"https:\/\/www.vpz.hr\/2026\/02\/javni-poziv-za-podnosenje-zahtjeva-za-subvencioniranje-kamate-za-kreditiranje-proljetne-i-jesenske-sjetve-u-2026-godini-na-podrucju-viroviticko-podravske-zupanije\/\">OVDJE<\/a>!<\/strong><\/p>\n<\/div>\r\n\r\n<\/div>\r\n\r\n<div class=\"accordeon\">\r\n\r\n<h2><span class=\"naslov\">KONTAKTI<\/span><\/h2><div><table style=\"border-collapse: collapse; width: 100.628%; height: 72px;\">\n<tbody>\n<tr style=\"height: 24px;\">\n<td style=\"width: 26.0178%; height: 24px;\">Katarina Matija\u0161ko<\/td>\n<td style=\"width: 23.0276%; height: 24px;\">0998153115<\/td>\n<td style=\"width: 120.627%; height: 24px;\"><a href=\"mailto:kmatijasko@slatinska-banka.hr\">kmatijasko@slatinska-banka.hr<\/a><\/td>\n<\/tr>\n<tr style=\"height: 24px;\">\n<td style=\"width: 26.0178%; height: 24px;\">Ivan Mrzljak<\/td>\n<td style=\"width: 23.0276%; height: 24px;\">0997117344<\/td>\n<td style=\"width: 120.627%; height: 24px;\"><a href=\"mailto:imrzljak@slatinska-banka.hr\">imrzljak@slatinska-banka.hr<\/a><\/td>\n<\/tr>\n<tr style=\"height: 24px;\">\n<td style=\"width: 26.0178%; height: 24px;\">Benjamin Hanki\u0107<\/td>\n<td style=\"width: 23.0276%; height: 24px;\">0993826792<\/td>\n<td style=\"width: 120.627%; height: 24px;\"><a href=\"mailto:bhankic@slatinska-banka.hr\">bhankic@slatinska-banka.hr<\/a><\/td>\n<\/tr>\n<\/tbody>\n<\/table>\n<p>&nbsp;<\/p>\n<\/div>\r\n\r\n<\/div>\r\n\r\n&nbsp;\r\n<p style=\"text-align: center;\">Obrati nam se bez obaveze!<\/p>\r\n<p style=\"text-align: center;\">Na\u0161i stru\u010dnjaci \u0107e ti pomo\u0107i u pripremi i prijavi!<\/p>\r\n&nbsp;","protected":false},"excerpt":{"rendered":"<p>Krediti za nabavu repromaterijala za poljoprivredne kulture u sjetvi! Viroviti\u010dko-podravska \u017eupanija poljoprivrednicima s podru\u010dja \u017dupanije subvencionira kamatu u cijelosti do iskori\u0161tenja sredstava, stoga javi se odmah na javni poziv! &nbsp; [&hellip;]<\/p>","protected":false},"author":14,"featured_media":936595,"parent":682,"menu_order":3,"comment_status":"closed","ping_status":"closed","template":"page-template-4.php","meta":{"_acf_changed":false,"footnotes":""},"categories":[3],"tags":[],"class_list":["post-11555","page","type-page","status-publish","has-post-thumbnail","hentry","category-izdvojeno-na-naslovnici"],"acf":[],"yoast_head":"<!-- This site is optimized with the Yoast SEO plugin v25.4 - https:\/\/yoast.com\/wordpress\/plugins\/seo\/ -->\n<title>Krediti za sjetvu uz subvenciju VP\u017d - Slatinska Banka<\/title>\n<meta name=\"robots\" content=\"index, follow, max-snippet:-1, max-image-preview:large, max-video-preview:-1\" \/>\n<link rel=\"canonical\" href=\"https:\/\/www.slatinska-banka.hr\/en\/poljoprivreda\/krediti-i-financiranja\/priprema-sjetve\/krediti-za-sjetvu-uz-subvenciju-vpz\/\" \/>\n<meta property=\"og:locale\" content=\"en_US\" \/>\n<meta property=\"og:type\" content=\"article\" \/>\n<meta property=\"og:title\" content=\"Krediti za sjetvu uz subvenciju VP\u017d - Slatinska Banka\" \/>\n<meta property=\"og:description\" content=\"Krediti za nabavu repromaterijala za poljoprivredne kulture u sjetvi! Viroviti\u010dko-podravska \u017eupanija poljoprivrednicima s podru\u010dja \u017dupanije subvencionira kamatu u cijelosti do iskori\u0161tenja sredstava, stoga javi se odmah na javni poziv! &nbsp; [&hellip;]\" \/>\n<meta property=\"og:url\" content=\"https:\/\/www.slatinska-banka.hr\/en\/poljoprivreda\/krediti-i-financiranja\/priprema-sjetve\/krediti-za-sjetvu-uz-subvenciju-vpz\/\" \/>\n<meta property=\"og:site_name\" content=\"Slatinska Banka\" \/>\n<meta property=\"article:publisher\" content=\"https:\/\/www.facebook.com\/slatinskabanka\/\" \/>\n<meta property=\"article:modified_time\" content=\"2026-02-13T10:43:25+00:00\" \/>\n<meta property=\"og:image\" content=\"https:\/\/www.slatinska-banka.hr\/wp-content\/uploads\/Dizajn-bez-naslova-8.jpg\" \/>\n\t<meta property=\"og:image:width\" content=\"200\" \/>\n\t<meta property=\"og:image:height\" content=\"200\" \/>\n\t<meta property=\"og:image:type\" content=\"image\/jpeg\" \/>\n<meta name=\"twitter:card\" content=\"summary_large_image\" \/>\n<meta name=\"twitter:label1\" content=\"Est. reading time\" \/>\n\t<meta name=\"twitter:data1\" content=\"1 minute\" \/>\n<script type=\"application\/ld+json\" class=\"yoast-schema-graph\">{\"@context\":\"https:\/\/schema.org\",\"@graph\":[{\"@type\":\"WebPage\",\"@id\":\"https:\/\/www.slatinska-banka.hr\/poljoprivreda\/krediti-i-financiranja\/priprema-sjetve\/krediti-za-sjetvu-uz-subvenciju-vpz\/\",\"url\":\"https:\/\/www.slatinska-banka.hr\/poljoprivreda\/krediti-i-financiranja\/priprema-sjetve\/krediti-za-sjetvu-uz-subvenciju-vpz\/\",\"name\":\"Krediti za sjetvu uz subvenciju VP\u017d - Slatinska Banka\",\"isPartOf\":{\"@id\":\"https:\/\/www.slatinska-banka.hr\/#website\"},\"primaryImageOfPage\":{\"@id\":\"https:\/\/www.slatinska-banka.hr\/poljoprivreda\/krediti-i-financiranja\/priprema-sjetve\/krediti-za-sjetvu-uz-subvenciju-vpz\/#primaryimage\"},\"image\":{\"@id\":\"https:\/\/www.slatinska-banka.hr\/poljoprivreda\/krediti-i-financiranja\/priprema-sjetve\/krediti-za-sjetvu-uz-subvenciju-vpz\/#primaryimage\"},\"thumbnailUrl\":\"https:\/\/www.slatinska-banka.hr\/wp-content\/uploads\/Dizajn-bez-naslova-8.jpg\",\"datePublished\":\"2021-03-17T10:32:16+00:00\",\"dateModified\":\"2026-02-13T10:43:25+00:00\",\"breadcrumb\":{\"@id\":\"https:\/\/www.slatinska-banka.hr\/poljoprivreda\/krediti-i-financiranja\/priprema-sjetve\/krediti-za-sjetvu-uz-subvenciju-vpz\/#breadcrumb\"},\"inLanguage\":\"en-US\",\"potentialAction\":[{\"@type\":\"ReadAction\",\"target\":[\"https:\/\/www.slatinska-banka.hr\/poljoprivreda\/krediti-i-financiranja\/priprema-sjetve\/krediti-za-sjetvu-uz-subvenciju-vpz\/\"]}]},{\"@type\":\"ImageObject\",\"inLanguage\":\"en-US\",\"@id\":\"https:\/\/www.slatinska-banka.hr\/poljoprivreda\/krediti-i-financiranja\/priprema-sjetve\/krediti-za-sjetvu-uz-subvenciju-vpz\/#primaryimage\",\"url\":\"https:\/\/www.slatinska-banka.hr\/wp-content\/uploads\/Dizajn-bez-naslova-8.jpg\",\"contentUrl\":\"https:\/\/www.slatinska-banka.hr\/wp-content\/uploads\/Dizajn-bez-naslova-8.jpg\",\"width\":200,\"height\":200},{\"@type\":\"BreadcrumbList\",\"@id\":\"https:\/\/www.slatinska-banka.hr\/poljoprivreda\/krediti-i-financiranja\/priprema-sjetve\/krediti-za-sjetvu-uz-subvenciju-vpz\/#breadcrumb\",\"itemListElement\":[{\"@type\":\"ListItem\",\"position\":1,\"name\":\"Poljoprivreda\",\"item\":\"https:\/\/www.slatinska-banka.hr\/poljoprivreda\/\"},{\"@type\":\"ListItem\",\"position\":2,\"name\":\"Krediti i financiranja\",\"item\":\"https:\/\/www.slatinska-banka.hr\/poljoprivreda\/krediti-i-financiranja\/\"},{\"@type\":\"ListItem\",\"position\":3,\"name\":\"Priprema sjetve\",\"item\":\"https:\/\/www.slatinska-banka.hr\/poljoprivreda\/krediti-i-financiranja\/priprema-sjetve\/\"},{\"@type\":\"ListItem\",\"position\":4,\"name\":\"Krediti za sjetvu uz subvenciju VP\u017d\"}]},{\"@type\":\"WebSite\",\"@id\":\"https:\/\/www.slatinska-banka.hr\/#website\",\"url\":\"https:\/\/www.slatinska-banka.hr\/\",\"name\":\"Slatinska Banka\",\"description\":\"Razlika je u pristupu\",\"publisher\":{\"@id\":\"https:\/\/www.slatinska-banka.hr\/#organization\"},\"potentialAction\":[{\"@type\":\"SearchAction\",\"target\":{\"@type\":\"EntryPoint\",\"urlTemplate\":\"https:\/\/www.slatinska-banka.hr\/?s={search_term_string}\"},\"query-input\":{\"@type\":\"PropertyValueSpecification\",\"valueRequired\":true,\"valueName\":\"search_term_string\"}}],\"inLanguage\":\"en-US\"},{\"@type\":\"Organization\",\"@id\":\"https:\/\/www.slatinska-banka.hr\/#organization\",\"name\":\"Slatinska banka d.d.\",\"url\":\"https:\/\/www.slatinska-banka.hr\/\",\"logo\":{\"@type\":\"ImageObject\",\"inLanguage\":\"en-US\",\"@id\":\"https:\/\/www.slatinska-banka.hr\/#\/schema\/logo\/image\/\",\"url\":\"https:\/\/www.slatinska-banka.hr\/wp-content\/uploads\/2019\/02\/logo_big.png\",\"contentUrl\":\"https:\/\/www.slatinska-banka.hr\/wp-content\/uploads\/2019\/02\/logo_big.png\",\"width\":302,\"height\":244,\"caption\":\"Slatinska banka d.d.\"},\"image\":{\"@id\":\"https:\/\/www.slatinska-banka.hr\/#\/schema\/logo\/image\/\"},\"sameAs\":[\"https:\/\/www.facebook.com\/slatinskabanka\/\",\"https:\/\/www.linkedin.com\/company\/slatinska-banka-dd\"]}]}<\/script>\n<!-- \/ Yoast SEO plugin. -->","yoast_head_json":{"title":"Krediti za sjetvu uz subvenciju VP\u017d - Slatinska Banka","robots":{"index":"index","follow":"follow","max-snippet":"max-snippet:-1","max-image-preview":"max-image-preview:large","max-video-preview":"max-video-preview:-1"},"canonical":"https:\/\/www.slatinska-banka.hr\/en\/poljoprivreda\/krediti-i-financiranja\/priprema-sjetve\/krediti-za-sjetvu-uz-subvenciju-vpz\/","og_locale":"en_US","og_type":"article","og_title":"Krediti za sjetvu uz subvenciju VP\u017d - Slatinska Banka","og_description":"Krediti za nabavu repromaterijala za poljoprivredne kulture u sjetvi! Viroviti\u010dko-podravska \u017eupanija poljoprivrednicima s podru\u010dja \u017dupanije subvencionira kamatu u cijelosti do iskori\u0161tenja sredstava, stoga javi se odmah na javni poziv! &nbsp; [&hellip;]","og_url":"https:\/\/www.slatinska-banka.hr\/en\/poljoprivreda\/krediti-i-financiranja\/priprema-sjetve\/krediti-za-sjetvu-uz-subvenciju-vpz\/","og_site_name":"Slatinska Banka","article_publisher":"https:\/\/www.facebook.com\/slatinskabanka\/","article_modified_time":"2026-02-13T10:43:25+00:00","og_image":[{"width":200,"height":200,"url":"https:\/\/www.slatinska-banka.hr\/wp-content\/uploads\/Dizajn-bez-naslova-8.jpg","type":"image\/jpeg"}],"twitter_card":"summary_large_image","twitter_misc":{"Est. reading time":"1 minute"},"schema":{"@context":"https:\/\/schema.org","@graph":[{"@type":"WebPage","@id":"https:\/\/www.slatinska-banka.hr\/poljoprivreda\/krediti-i-financiranja\/priprema-sjetve\/krediti-za-sjetvu-uz-subvenciju-vpz\/","url":"https:\/\/www.slatinska-banka.hr\/poljoprivreda\/krediti-i-financiranja\/priprema-sjetve\/krediti-za-sjetvu-uz-subvenciju-vpz\/","name":"Krediti za sjetvu uz subvenciju VP\u017d - Slatinska Banka","isPartOf":{"@id":"https:\/\/www.slatinska-banka.hr\/#website"},"primaryImageOfPage":{"@id":"https:\/\/www.slatinska-banka.hr\/poljoprivreda\/krediti-i-financiranja\/priprema-sjetve\/krediti-za-sjetvu-uz-subvenciju-vpz\/#primaryimage"},"image":{"@id":"https:\/\/www.slatinska-banka.hr\/poljoprivreda\/krediti-i-financiranja\/priprema-sjetve\/krediti-za-sjetvu-uz-subvenciju-vpz\/#primaryimage"},"thumbnailUrl":"https:\/\/www.slatinska-banka.hr\/wp-content\/uploads\/Dizajn-bez-naslova-8.jpg","datePublished":"2021-03-17T10:32:16+00:00","dateModified":"2026-02-13T10:43:25+00:00","breadcrumb":{"@id":"https:\/\/www.slatinska-banka.hr\/poljoprivreda\/krediti-i-financiranja\/priprema-sjetve\/krediti-za-sjetvu-uz-subvenciju-vpz\/#breadcrumb"},"inLanguage":"en-US","potentialAction":[{"@type":"ReadAction","target":["https:\/\/www.slatinska-banka.hr\/poljoprivreda\/krediti-i-financiranja\/priprema-sjetve\/krediti-za-sjetvu-uz-subvenciju-vpz\/"]}]},{"@type":"ImageObject","inLanguage":"en-US","@id":"https:\/\/www.slatinska-banka.hr\/poljoprivreda\/krediti-i-financiranja\/priprema-sjetve\/krediti-za-sjetvu-uz-subvenciju-vpz\/#primaryimage","url":"https:\/\/www.slatinska-banka.hr\/wp-content\/uploads\/Dizajn-bez-naslova-8.jpg","contentUrl":"https:\/\/www.slatinska-banka.hr\/wp-content\/uploads\/Dizajn-bez-naslova-8.jpg","width":200,"height":200},{"@type":"BreadcrumbList","@id":"https:\/\/www.slatinska-banka.hr\/poljoprivreda\/krediti-i-financiranja\/priprema-sjetve\/krediti-za-sjetvu-uz-subvenciju-vpz\/#breadcrumb","itemListElement":[{"@type":"ListItem","position":1,"name":"Poljoprivreda","item":"https:\/\/www.slatinska-banka.hr\/poljoprivreda\/"},{"@type":"ListItem","position":2,"name":"Krediti i financiranja","item":"https:\/\/www.slatinska-banka.hr\/poljoprivreda\/krediti-i-financiranja\/"},{"@type":"ListItem","position":3,"name":"Priprema sjetve","item":"https:\/\/www.slatinska-banka.hr\/poljoprivreda\/krediti-i-financiranja\/priprema-sjetve\/"},{"@type":"ListItem","position":4,"name":"Krediti za sjetvu uz subvenciju VP\u017d"}]},{"@type":"WebSite","@id":"https:\/\/www.slatinska-banka.hr\/#website","url":"https:\/\/www.slatinska-banka.hr\/","name":"Slatinska Banka","description":"Razlika je u pristupu","publisher":{"@id":"https:\/\/www.slatinska-banka.hr\/#organization"},"potentialAction":[{"@type":"SearchAction","target":{"@type":"EntryPoint","urlTemplate":"https:\/\/www.slatinska-banka.hr\/?s={search_term_string}"},"query-input":{"@type":"PropertyValueSpecification","valueRequired":true,"valueName":"search_term_string"}}],"inLanguage":"en-US"},{"@type":"Organization","@id":"https:\/\/www.slatinska-banka.hr\/#organization","name":"Slatinska banka d.d.","url":"https:\/\/www.slatinska-banka.hr\/","logo":{"@type":"ImageObject","inLanguage":"en-US","@id":"https:\/\/www.slatinska-banka.hr\/#\/schema\/logo\/image\/","url":"https:\/\/www.slatinska-banka.hr\/wp-content\/uploads\/2019\/02\/logo_big.png","contentUrl":"https:\/\/www.slatinska-banka.hr\/wp-content\/uploads\/2019\/02\/logo_big.png","width":302,"height":244,"caption":"Slatinska banka d.d."},"image":{"@id":"https:\/\/www.slatinska-banka.hr\/#\/schema\/logo\/image\/"},"sameAs":["https:\/\/www.facebook.com\/slatinskabanka\/","https:\/\/www.linkedin.com\/company\/slatinska-banka-dd"]}]}},"_links":{"self":[{"href":"https:\/\/www.slatinska-banka.hr\/en\/wp-json\/wp\/v2\/pages\/11555","targetHints":{"allow":["GET"]}}],"collection":[{"href":"https:\/\/www.slatinska-banka.hr\/en\/wp-json\/wp\/v2\/pages"}],"about":[{"href":"https:\/\/www.slatinska-banka.hr\/en\/wp-json\/wp\/v2\/types\/page"}],"author":[{"embeddable":true,"href":"https:\/\/www.slatinska-banka.hr\/en\/wp-json\/wp\/v2\/users\/14"}],"replies":[{"embeddable":true,"href":"https:\/\/www.slatinska-banka.hr\/en\/wp-json\/wp\/v2\/comments?post=11555"}],"version-history":[{"count":39,"href":"https:\/\/www.slatinska-banka.hr\/en\/wp-json\/wp\/v2\/pages\/11555\/revisions"}],"predecessor-version":[{"id":4583221,"href":"https:\/\/www.slatinska-banka.hr\/en\/wp-json\/wp\/v2\/pages\/11555\/revisions\/4583221"}],"up":[{"embeddable":true,"href":"https:\/\/www.slatinska-banka.hr\/en\/wp-json\/wp\/v2\/pages\/682"}],"wp:featuredmedia":[{"embeddable":true,"href":"https:\/\/www.slatinska-banka.hr\/en\/wp-json\/wp\/v2\/media\/936595"}],"wp:attachment":[{"href":"https:\/\/www.slatinska-banka.hr\/en\/wp-json\/wp\/v2\/media?parent=11555"}],"wp:term":[{"taxonomy":"category","embeddable":true,"href":"https:\/\/www.slatinska-banka.hr\/en\/wp-json\/wp\/v2\/categories?post=11555"},{"taxonomy":"post_tag","embeddable":true,"href":"https:\/\/www.slatinska-banka.hr\/en\/wp-json\/wp\/v2\/tags?post=11555"}],"curies":[{"name":"wp","href":"https:\/\/api.w.org\/{rel}","templated":true}]}}