{"id":11410,"date":"2021-02-09T10:23:25","date_gmt":"2021-02-09T09:23:25","guid":{"rendered":"http:\/\/www.slatinska-banka.hr\/?page_id=11410"},"modified":"2024-01-11T12:59:15","modified_gmt":"2024-01-11T11:59:15","slug":"dcc-dinamicka-konverzija-valute","status":"publish","type":"page","link":"https:\/\/www.slatinska-banka.hr\/en\/dcc-dinamicka-konverzija-valute\/","title":{"rendered":"DCC (abbreviation for \u2018Dynamic Currency Conversion\u2019)"},"content":{"rendered":"Na bankomatima Slatinske banke dostupna je usluga Dynamic Currency Conversion (DCC), odnosno dinami\u010dka konverzija valute, namijenjena korisnicima inozemnih Visa kartica \u010diji su ra\u010duni vezani za slijede\u0107e valute:\r\n<ul>\r\n \t<li>euro (EUR)<\/li>\r\n \t<li>Swiss Franc (CHF)<\/li>\r\n \t<li>US Dollar (USD)<\/li>\r\n \t<li>Pound Sterling (GBP)<\/li>\r\n \t<li>Swedish Krona (SEK)<\/li>\r\n \t<li>Czech Koruna (CZK)<\/li>\r\n \t<li>Zloty (PLN)<\/li>\r\n \t<li>Forint (HUF)<\/li>\r\n \t<li>Danish Krone (DKK)<\/li>\r\n \t<li>Australian Dollar (AUD)<\/li>\r\n \t<li>Canadian Dollar (CAD)<\/li>\r\n \t<li>Norwegian Krone (NOK)<\/li>\r\n \t<li>Convertible Mark (BAM)<\/li>\r\n \t<li>Serbian Dinar (RSD)<\/li>\r\n \t<li>Russian Ruble (RUB)<\/li>\r\n<\/ul>\r\nDCC (skra\u0107enica od \u2018Dynamic Currency Conversion\u2019) je usluga pla\u0107anja ili podizanja gotovog novca karticom namijenjena korisnicima kartica da izvan svoje mati\u010dne dr\u017eave odaberu tere\u0107enje kartice u valuti korisnika kartice.\r\n\r\nKorisnik kartice mo\u017ee, i ne mora, odabrati uslugu DCC a odabir radi na samom ure\u0111aju (bankomatu i\/ili POS ure\u0111aju) prilikom pla\u0107anja ili podizanja gotovine.\r\n\r\nUkoliko odabere\u0161 ovu uslugu, ra\u010dun \u0107e ti biti tere\u0107en za to\u010dno onaj iznos koji ti se prika\u017ee na ekranu terminala, a prera\u010dun strane valute u kunsku protuvrijednost \u0107e provesti inozemna banka ili karti\u010dna ku\u0107a (prihvatitelj kartice) po vlastitom DCC te\u010daju \u0161to zna\u010di da ova usluga mo\u017ee biti financijski zna\u010dajno razli\u010dita jer se te\u010daj prema kojem se obavlja konverzija razlikuje se od te\u010daja koji se primjenjuje u poslovnici Banke.\r\n\r\nTe\u010daj za DCC mo\u017ee\u0161 provjeriti na slijede\u0107em linku:\r\n\r\n<a href=\"https:\/\/www.erstebank.hr\/hr\/gradjanstvo\/racuni-i-kartice\/kartice\/dynamic-currency-conversion-dcc\">https:\/\/www.erstebank.hr\/hr\/gradjanstvo\/racuni-i-kartice\/kartice\/dynamic-currency-conversion-dcc<\/a>","protected":false},"excerpt":{"rendered":"<p>Na bankomatima Slatinske banke dostupna je usluga Dynamic Currency Conversion (DCC), odnosno dinami\u010dka konverzija valute, namijenjena korisnicima inozemnih Visa kartica \u010diji su ra\u010duni vezani za slijede\u0107e valute: euro (EUR) \u0161vicarski [&hellip;]<\/p>","protected":false},"author":14,"featured_media":0,"parent":0,"menu_order":0,"comment_status":"closed","ping_status":"closed","template":"","meta":{"_acf_changed":false,"footnotes":""},"categories":[3],"tags":[],"class_list":["post-11410","page","type-page","status-publish","hentry","category-izdvojeno-na-naslovnici"],"acf":[],"yoast_head":"<!-- This site is optimized with the Yoast SEO plugin v25.4 - https:\/\/yoast.com\/wordpress\/plugins\/seo\/ -->\n<title>DCC - dinami\u010dka konverzija valute - Slatinska Banka<\/title>\n<meta name=\"robots\" content=\"index, follow, max-snippet:-1, max-image-preview:large, max-video-preview:-1\" \/>\n<link rel=\"canonical\" href=\"https:\/\/www.slatinska-banka.hr\/en\/dcc-dinamicka-konverzija-valute\/\" \/>\n<meta property=\"og:locale\" content=\"en_US\" \/>\n<meta property=\"og:type\" content=\"article\" \/>\n<meta property=\"og:title\" content=\"DCC - dinami\u010dka konverzija valute - Slatinska Banka\" \/>\n<meta property=\"og:description\" content=\"Na bankomatima Slatinske banke dostupna je usluga Dynamic Currency Conversion (DCC), odnosno dinami\u010dka konverzija valute, namijenjena korisnicima inozemnih Visa kartica \u010diji su ra\u010duni vezani za slijede\u0107e valute: euro (EUR) \u0161vicarski [&hellip;]\" \/>\n<meta property=\"og:url\" content=\"https:\/\/www.slatinska-banka.hr\/en\/dcc-dinamicka-konverzija-valute\/\" \/>\n<meta property=\"og:site_name\" content=\"Slatinska Banka\" \/>\n<meta property=\"article:publisher\" content=\"https:\/\/www.facebook.com\/slatinskabanka\/\" \/>\n<meta property=\"article:modified_time\" content=\"2024-01-11T11:59:15+00:00\" \/>\n<meta name=\"twitter:card\" content=\"summary_large_image\" \/>\n<meta name=\"twitter:label1\" content=\"Est. reading time\" \/>\n\t<meta name=\"twitter:data1\" content=\"1 minute\" \/>\n<script type=\"application\/ld+json\" class=\"yoast-schema-graph\">{\"@context\":\"https:\/\/schema.org\",\"@graph\":[{\"@type\":\"WebPage\",\"@id\":\"https:\/\/www.slatinska-banka.hr\/dcc-dinamicka-konverzija-valute\/\",\"url\":\"https:\/\/www.slatinska-banka.hr\/dcc-dinamicka-konverzija-valute\/\",\"name\":\"DCC - dinami\u010dka konverzija valute - Slatinska Banka\",\"isPartOf\":{\"@id\":\"https:\/\/www.slatinska-banka.hr\/#website\"},\"datePublished\":\"2021-02-09T09:23:25+00:00\",\"dateModified\":\"2024-01-11T11:59:15+00:00\",\"inLanguage\":\"en-US\",\"potentialAction\":[{\"@type\":\"ReadAction\",\"target\":[\"https:\/\/www.slatinska-banka.hr\/dcc-dinamicka-konverzija-valute\/\"]}]},{\"@type\":\"WebSite\",\"@id\":\"https:\/\/www.slatinska-banka.hr\/#website\",\"url\":\"https:\/\/www.slatinska-banka.hr\/\",\"name\":\"Slatinska Banka\",\"description\":\"Razlika je u pristupu\",\"publisher\":{\"@id\":\"https:\/\/www.slatinska-banka.hr\/#organization\"},\"potentialAction\":[{\"@type\":\"SearchAction\",\"target\":{\"@type\":\"EntryPoint\",\"urlTemplate\":\"https:\/\/www.slatinska-banka.hr\/?s={search_term_string}\"},\"query-input\":{\"@type\":\"PropertyValueSpecification\",\"valueRequired\":true,\"valueName\":\"search_term_string\"}}],\"inLanguage\":\"en-US\"},{\"@type\":\"Organization\",\"@id\":\"https:\/\/www.slatinska-banka.hr\/#organization\",\"name\":\"Slatinska banka d.d.\",\"url\":\"https:\/\/www.slatinska-banka.hr\/\",\"logo\":{\"@type\":\"ImageObject\",\"inLanguage\":\"en-US\",\"@id\":\"https:\/\/www.slatinska-banka.hr\/#\/schema\/logo\/image\/\",\"url\":\"https:\/\/www.slatinska-banka.hr\/wp-content\/uploads\/2019\/02\/logo_big.png\",\"contentUrl\":\"https:\/\/www.slatinska-banka.hr\/wp-content\/uploads\/2019\/02\/logo_big.png\",\"width\":302,\"height\":244,\"caption\":\"Slatinska banka d.d.\"},\"image\":{\"@id\":\"https:\/\/www.slatinska-banka.hr\/#\/schema\/logo\/image\/\"},\"sameAs\":[\"https:\/\/www.facebook.com\/slatinskabanka\/\",\"https:\/\/www.linkedin.com\/company\/slatinska-banka-dd\"]}]}<\/script>\n<!-- \/ Yoast SEO plugin. -->","yoast_head_json":{"title":"DCC - dinami\u010dka konverzija valute - Slatinska Banka","robots":{"index":"index","follow":"follow","max-snippet":"max-snippet:-1","max-image-preview":"max-image-preview:large","max-video-preview":"max-video-preview:-1"},"canonical":"https:\/\/www.slatinska-banka.hr\/en\/dcc-dinamicka-konverzija-valute\/","og_locale":"en_US","og_type":"article","og_title":"DCC - dinami\u010dka konverzija valute - Slatinska Banka","og_description":"Na bankomatima Slatinske banke dostupna je usluga Dynamic Currency Conversion (DCC), odnosno dinami\u010dka konverzija valute, namijenjena korisnicima inozemnih Visa kartica \u010diji su ra\u010duni vezani za slijede\u0107e valute: euro (EUR) \u0161vicarski [&hellip;]","og_url":"https:\/\/www.slatinska-banka.hr\/en\/dcc-dinamicka-konverzija-valute\/","og_site_name":"Slatinska Banka","article_publisher":"https:\/\/www.facebook.com\/slatinskabanka\/","article_modified_time":"2024-01-11T11:59:15+00:00","twitter_card":"summary_large_image","twitter_misc":{"Est. reading time":"1 minute"},"schema":{"@context":"https:\/\/schema.org","@graph":[{"@type":"WebPage","@id":"https:\/\/www.slatinska-banka.hr\/dcc-dinamicka-konverzija-valute\/","url":"https:\/\/www.slatinska-banka.hr\/dcc-dinamicka-konverzija-valute\/","name":"DCC - dinami\u010dka konverzija valute - Slatinska Banka","isPartOf":{"@id":"https:\/\/www.slatinska-banka.hr\/#website"},"datePublished":"2021-02-09T09:23:25+00:00","dateModified":"2024-01-11T11:59:15+00:00","inLanguage":"en-US","potentialAction":[{"@type":"ReadAction","target":["https:\/\/www.slatinska-banka.hr\/dcc-dinamicka-konverzija-valute\/"]}]},{"@type":"WebSite","@id":"https:\/\/www.slatinska-banka.hr\/#website","url":"https:\/\/www.slatinska-banka.hr\/","name":"Slatinska Banka","description":"Razlika je u pristupu","publisher":{"@id":"https:\/\/www.slatinska-banka.hr\/#organization"},"potentialAction":[{"@type":"SearchAction","target":{"@type":"EntryPoint","urlTemplate":"https:\/\/www.slatinska-banka.hr\/?s={search_term_string}"},"query-input":{"@type":"PropertyValueSpecification","valueRequired":true,"valueName":"search_term_string"}}],"inLanguage":"en-US"},{"@type":"Organization","@id":"https:\/\/www.slatinska-banka.hr\/#organization","name":"Slatinska banka d.d.","url":"https:\/\/www.slatinska-banka.hr\/","logo":{"@type":"ImageObject","inLanguage":"en-US","@id":"https:\/\/www.slatinska-banka.hr\/#\/schema\/logo\/image\/","url":"https:\/\/www.slatinska-banka.hr\/wp-content\/uploads\/2019\/02\/logo_big.png","contentUrl":"https:\/\/www.slatinska-banka.hr\/wp-content\/uploads\/2019\/02\/logo_big.png","width":302,"height":244,"caption":"Slatinska banka d.d."},"image":{"@id":"https:\/\/www.slatinska-banka.hr\/#\/schema\/logo\/image\/"},"sameAs":["https:\/\/www.facebook.com\/slatinskabanka\/","https:\/\/www.linkedin.com\/company\/slatinska-banka-dd"]}]}},"_links":{"self":[{"href":"https:\/\/www.slatinska-banka.hr\/en\/wp-json\/wp\/v2\/pages\/11410","targetHints":{"allow":["GET"]}}],"collection":[{"href":"https:\/\/www.slatinska-banka.hr\/en\/wp-json\/wp\/v2\/pages"}],"about":[{"href":"https:\/\/www.slatinska-banka.hr\/en\/wp-json\/wp\/v2\/types\/page"}],"author":[{"embeddable":true,"href":"https:\/\/www.slatinska-banka.hr\/en\/wp-json\/wp\/v2\/users\/14"}],"replies":[{"embeddable":true,"href":"https:\/\/www.slatinska-banka.hr\/en\/wp-json\/wp\/v2\/comments?post=11410"}],"version-history":[{"count":8,"href":"https:\/\/www.slatinska-banka.hr\/en\/wp-json\/wp\/v2\/pages\/11410\/revisions"}],"predecessor-version":[{"id":841348,"href":"https:\/\/www.slatinska-banka.hr\/en\/wp-json\/wp\/v2\/pages\/11410\/revisions\/841348"}],"wp:attachment":[{"href":"https:\/\/www.slatinska-banka.hr\/en\/wp-json\/wp\/v2\/media?parent=11410"}],"wp:term":[{"taxonomy":"category","embeddable":true,"href":"https:\/\/www.slatinska-banka.hr\/en\/wp-json\/wp\/v2\/categories?post=11410"},{"taxonomy":"post_tag","embeddable":true,"href":"https:\/\/www.slatinska-banka.hr\/en\/wp-json\/wp\/v2\/tags?post=11410"}],"curies":[{"name":"wp","href":"https:\/\/api.w.org\/{rel}","templated":true}]}}